{"id":29102,"date":"2020-06-30T14:15:55","date_gmt":"2020-06-30T14:15:55","guid":{"rendered":"https:\/\/gemology-cosmetics.ch\/produit\/peeling-visage-ambre-bleue\/"},"modified":"2025-09-17T08:04:08","modified_gmt":"2025-09-17T08:04:08","slug":"peeling-visage-ambre-bleue","status":"publish","type":"product","link":"https:\/\/gemology-cosmetics.ch\/de\/produkt\/peeling-visage-ambre-bleue\/","title":{"rendered":"Blaues Bernstein-Gesichtspeeling"},"content":{"rendered":"<p><strong>Gebrauchsanweisung:<\/strong> <br \/>Auf Gesicht und Hals auftragen, Augenpartie aussparen. 1 Minute einmassieren und 2 Minuten einwirken lassen. Absp\u00fclen.<\/p>\n<p><strong>Textur:<\/strong>\u00a0Einfrieren<\/p>\n<p><strong>Wertvolle Verm\u00f6genswerte:<\/strong> <\/p>\n<p>\u2013 <strong>Mineralien:<\/strong> Blauer Bernstein<\/p>\n<p><strong>- Andere :<\/strong> AHA: Zitronenextrakt, Orangenextrakt, Zuckerrohrextrakt, Blaubeerextrakt, Ahornextrakt.<\/p>\n<ul>\n<li>Blue Amber sch\u00fctzt vor oxidativen Einfl\u00fcssen. Der AHA-Komplex (Alpha-Hydroxys\u00e4ure) beseitigt abgestorbene Zellen und hat Eigenschaften, die die Zellerneuerung f\u00f6rdern.<\/li>\n<\/ul>\n<p><strong><br \/>Zutaten:<\/strong><\/p>\n<p>AQUA (WASSER), GLYCERIN, CAESALPINIA SPINOSA GUM, VACCINIUM MYRTILLUS FRUCHT-\/BLATTEXTRAKT,<br \/>VACCINIUM MACROCARPON (CRANBERRY) FRUCHTWASSER*, SACCHARUM OFFICINARUM (ZUCKERROHR)<br \/>EXTRAKT, L\u00c4VULINS\u00c4URE, POLYGLYCERYL-4-CAPRAT, NATRIUMLEVULINAT, CITRUS AURANTIUM DULCIS (ORANGE) FRUCHTEXTRAKT, CITRUS LIMON (ZITRONE) FRUCHTEXTRAKT, ALOE BARBADENSIS BLATTSAFTPULVER*, ACER SACCHARUM (ZUCKERAHORN) EXTRAKT, PARFUM (DUFTSTOFF), BERNSTEINEXTRAKT, POLYGONUM FAGOPYRUM SAMENEXTRAKT, NATRIUMBENZOAT, KALIUMSORBAT, ZITRONENS\u00c4URE.<\/p>","protected":false},"excerpt":{"rendered":"<p>Ce peeling visage sans microparticules d\u00e9sincruste en profondeur et en douceur. Il \u00e9limine les impuret\u00e9s et les cellules mortes en respectant le film hydrolipidique de la peau.<\/p>\n<p>Exfolie, \u00e9limine toutes traces d&rsquo;impuret\u00e9 et de pollution. Apporte \u00e9clat et douceur \u00e0 votre peau<\/p>\n<p><strong>Ergebnisse:<\/strong> Une peau parfaitement lisse, extr\u00eamement douce et lumineuse.<\/p>\n<p><strong>Ideal f\u00fcr:<\/strong> Tous les types de peaux, m\u00eame sensibles.<\/p>\n<p>Tube avec capsule service 40 ml<\/p>","protected":false},"featured_media":29100,"comment_status":"open","ping_status":"closed","template":"","meta":[],"product_brand":[181],"product_cat":[230,226,206,250,202,200],"product_tag":[],"class_list":{"0":"post-29102","1":"product","2":"type-product","3":"status-publish","4":"has-post-thumbnail","6":"product_brand-gemology","7":"product_cat-gommages-et-masques-soins","8":"product_cat-idees-cadeaux-nos-selections","9":"product_cat-nos-selections","10":"product_cat-peaux-jeunes-soins","11":"product_cat-soins","12":"product_cat-tous-les-produits","14":"first","15":"instock","16":"taxable","17":"shipping-taxable","18":"purchasable","19":"product-type-simple"},"_links":{"self":[{"href":"https:\/\/gemology-cosmetics.ch\/de\/wp-json\/wp\/v2\/product\/29102","targetHints":{"allow":["GET"]}}],"collection":[{"href":"https:\/\/gemology-cosmetics.ch\/de\/wp-json\/wp\/v2\/product"}],"about":[{"href":"https:\/\/gemology-cosmetics.ch\/de\/wp-json\/wp\/v2\/types\/product"}],"replies":[{"embeddable":true,"href":"https:\/\/gemology-cosmetics.ch\/de\/wp-json\/wp\/v2\/comments?post=29102"}],"version-history":[{"count":0,"href":"https:\/\/gemology-cosmetics.ch\/de\/wp-json\/wp\/v2\/product\/29102\/revisions"}],"wp:featuredmedia":[{"embeddable":true,"href":"https:\/\/gemology-cosmetics.ch\/de\/wp-json\/wp\/v2\/media\/29100"}],"wp:attachment":[{"href":"https:\/\/gemology-cosmetics.ch\/de\/wp-json\/wp\/v2\/media?parent=29102"}],"wp:term":[{"taxonomy":"product_brand","embeddable":true,"href":"https:\/\/gemology-cosmetics.ch\/de\/wp-json\/wp\/v2\/product_brand?post=29102"},{"taxonomy":"product_cat","embeddable":true,"href":"https:\/\/gemology-cosmetics.ch\/de\/wp-json\/wp\/v2\/product_cat?post=29102"},{"taxonomy":"product_tag","embeddable":true,"href":"https:\/\/gemology-cosmetics.ch\/de\/wp-json\/wp\/v2\/product_tag?post=29102"}],"curies":[{"name":"wp","href":"https:\/\/api.w.org\/{rel}","templated":true}]}}