{"id":29116,"date":"2020-06-30T14:15:55","date_gmt":"2020-06-30T14:15:55","guid":{"rendered":"https:\/\/gemology-cosmetics.ch\/produit\/gel-nettoyant-ambre-bleue\/"},"modified":"2025-09-17T08:04:08","modified_gmt":"2025-09-17T08:04:08","slug":"gel-nettoyant-ambre-bleue","status":"publish","type":"product","link":"https:\/\/gemology-cosmetics.ch\/de\/produkt\/gel-nettoyant-ambre-bleue\/","title":{"rendered":"Blaues Bernstein-Reinigungsgel"},"content":{"rendered":"<p><strong>Gebrauchsanweisung:<\/strong> Eine kleine Menge Gel mit Wasser auf Gesicht und Hals auftragen, 1 Minute einmassieren und mit warmem Wasser entfernen.<br \/><strong><\/strong><\/p>\n<p><strong>Textur:<\/strong> Schaumgel<\/p>\n<p><strong>Wertvolle Verm\u00f6genswerte:<\/strong> <\/p>\n<p>\u2013 <strong>Mineralien:<\/strong> Blauer Bernstein, Cranberrywasser, Buchweizen<\/p>\n<p><strong>- Andere :<\/strong>\u00a0Peruanisches Johannisbrot, Kalzium, Magnesium<\/p>\n<ul>\n<li>Blauer Bernstein sch\u00fctzt vor oxidativen Umwelteinfl\u00fcssen.<\/li>\n<li>\n<div class=\"page\" title=\"Seite 34\">\n<div class=\"section\">\n<div class=\"layoutArea\">\n<div class=\"column\">\n<p><span>Kalzium <\/span><span>st\u00e4rkt die nat\u00fcrliche Barriere der Haut und sch\u00fctzt sie.<br \/><\/span><\/p>\n<\/p><\/div>\n<\/p><\/div>\n<\/p><\/div>\n<\/p><\/div>\n<\/li>\n<li>\n<div class=\"page\" title=\"Seite 34\">\n<div class=\"section\">\n<div class=\"layoutArea\">\n<div class=\"column\">\n<p><span>Magnesium\u00a0<\/span>bringt die Haut wieder ins Gleichgewicht und baut den Hydrolipidfilm wieder auf.<\/p>\n<\/p><\/div>\n<\/p><\/div>\n<\/p><\/div>\n<\/p><\/div>\n<\/li>\n<\/ul>\n<p>Pflege garantiert parabenfrei, alkoholfrei und propylenglykolfrei.<\/p>\n<p><strong>Zutaten:<\/strong><\/p>\n<p>AQUA (WASSER), VACCINIUM MACROCARPON (CRANBERRY) FRUCHTWASSER*, DINATRIUM<br \/>COCOYL GLUTAMAT, GLYCERIN, DECYL GLUCOSID, CAESALPINIA SPINOSA GUM,<br \/>ZITRONENS\u00c4URE, NATRIUMBENZOAT, PARFUM (DUFTSTOFF), BERNSTEINEXTRAKT, POLYGONUM<br \/>FAGOPYRUM-SAMENEXTRAKT, KALIUMSORBAT.<\/p>","protected":false},"excerpt":{"rendered":"<p>Nettoie, d\u00e9maquille, purifie et \u00e9limine toutes particules de pollution et exc\u00e8s de s\u00e9bum. Enrichi d&rsquo;actifs certifi\u00e9s Bio qui s&rsquo;adaptent \u00e0 toutes les peaux.<\/p>\n<p><strong>Ergebnisse:<\/strong> La peau est douce, parfaitement d\u00e9maquill\u00e9e et purifi\u00e9e des impuret\u00e9s.<\/p>\n<p><strong>Id\u00e9al pour<\/strong> : Tous les types de peaux.<\/p>\n<p>Tube avec Capsule Service 150 ml<\/p>","protected":false},"featured_media":29113,"comment_status":"open","ping_status":"closed","template":"","meta":[],"product_brand":[181],"product_cat":[209,226,206,250,202,200],"product_tag":[],"class_list":{"0":"post-29116","1":"product","2":"type-product","3":"status-publish","4":"has-post-thumbnail","6":"product_brand-gemology","7":"product_cat-demaquillants-et-nettoyants","8":"product_cat-idees-cadeaux-nos-selections","9":"product_cat-nos-selections","10":"product_cat-peaux-jeunes-soins","11":"product_cat-soins","12":"product_cat-tous-les-produits","14":"first","15":"instock","16":"taxable","17":"shipping-taxable","18":"purchasable","19":"product-type-simple"},"_links":{"self":[{"href":"https:\/\/gemology-cosmetics.ch\/de\/wp-json\/wp\/v2\/product\/29116","targetHints":{"allow":["GET"]}}],"collection":[{"href":"https:\/\/gemology-cosmetics.ch\/de\/wp-json\/wp\/v2\/product"}],"about":[{"href":"https:\/\/gemology-cosmetics.ch\/de\/wp-json\/wp\/v2\/types\/product"}],"replies":[{"embeddable":true,"href":"https:\/\/gemology-cosmetics.ch\/de\/wp-json\/wp\/v2\/comments?post=29116"}],"version-history":[{"count":0,"href":"https:\/\/gemology-cosmetics.ch\/de\/wp-json\/wp\/v2\/product\/29116\/revisions"}],"wp:featuredmedia":[{"embeddable":true,"href":"https:\/\/gemology-cosmetics.ch\/de\/wp-json\/wp\/v2\/media\/29113"}],"wp:attachment":[{"href":"https:\/\/gemology-cosmetics.ch\/de\/wp-json\/wp\/v2\/media?parent=29116"}],"wp:term":[{"taxonomy":"product_brand","embeddable":true,"href":"https:\/\/gemology-cosmetics.ch\/de\/wp-json\/wp\/v2\/product_brand?post=29116"},{"taxonomy":"product_cat","embeddable":true,"href":"https:\/\/gemology-cosmetics.ch\/de\/wp-json\/wp\/v2\/product_cat?post=29116"},{"taxonomy":"product_tag","embeddable":true,"href":"https:\/\/gemology-cosmetics.ch\/de\/wp-json\/wp\/v2\/product_tag?post=29116"}],"curies":[{"name":"wp","href":"https:\/\/api.w.org\/{rel}","templated":true}]}}