{"id":29123,"date":"2020-06-30T14:15:55","date_gmt":"2020-06-30T14:15:55","guid":{"rendered":"https:\/\/gemology-cosmetics.ch\/produit\/lotion-jeunesse-diamant\/"},"modified":"2025-12-24T06:47:02","modified_gmt":"2025-12-24T06:47:02","slug":"lotion-jeunesse-diamant","status":"publish","type":"product","link":"https:\/\/gemology-cosmetics.ch\/de\/produkt\/lotion-jeunesse-diamant\/","title":{"rendered":"Diamant-Jugendlotion"},"content":{"rendered":"<p><strong>Gebrauchsanweisung:<\/strong> Morgens und abends nach der Reinigung oder dem Abschminken direkt mit den Fingern auf das Gesicht auftragen und glatt streichen. Ein Abwischen ist nicht erforderlich.<\/p>\n<p><strong>Textur:<\/strong> Gellotion<\/p>\n<p><strong>Wertvolle Verm\u00f6genswerte:<\/strong> <\/p>\n<p>\u2013 <strong>Mineralien:<\/strong> Diamant<br \/><strong><br \/>- Andere :<\/strong> Hyalurons\u00e4ure, Adenosin, Niacinamid (Vitamin PP)<\/p>\n<ul>\n<li>Diamant ist ein Mineral, das f\u00fcr seinen \u201eWeichzeichner\u201c-Effekt bekannt ist: Dank seines sehr hohen Brechungsindex f\u00e4ngt Diamant Licht ein und streut es, wodurch Unregelm\u00e4\u00dfigkeiten verwischt werden. Diamant sorgt so durch die Lichtreflexion f\u00fcr eine sichtbare Reduzierung von F\u00e4ltchen.<\/li>\n<li>Hyalurons\u00e4ure ist ein kraftvoller Feuchtigkeitsspender und aufpolsternder Wirkstoff.<\/li>\n<li>Adenosin ist ein Wirkstoff mit hauterschlaffenden Eigenschaften.<\/li>\n<li>Niacinamid (Vitamin PP) ist ein Wirkstoff mit strahlungsverst\u00e4rkenden Eigenschaften.<\/li>\n<\/ul>\n<p>Pflege garantiert parabenfrei, alkoholfrei und propylenglykolfrei.<\/p>\n<p><strong>Zutaten:<\/strong><\/p>\n<p>AQUA (WASSER), GLYCERIN, NIACINAMID, PHENOXYETHANOL, DIAMANTPULVER, CAPRYLYLGLYKOL, CHLORPHENESIN, NATRIUMHYALURONAT, PARFUM (DUFTSTOFF), ADENOSIN, PPG-26 BUTETH-26, PEG-40 HYDROGENIERTES RIZINUS\u00d6L, LEUCONOSTOC\/RETTICHWURZELFERMENTFILTRAT, LIMONEN, LINALOOL, BENZYLBENZOAT<\/p><\/p>","protected":false},"excerpt":{"rendered":"<p>Donnez un coup d&rsquo;\u00e9clat \u00e0 votre teint avec la lotion Jeunesse Diamant.<\/p>\n<p>L&rsquo;effet soft focus du diamant combin\u00e9 \u00e0 l&rsquo;acide hyaluronique hydrate, repulpe votre peau et donne un coup d&rsquo;\u00e9clat \u00e0 votre teint. R\u00e9sultat votre visage est visiblement plus lumineux, plus ferme, plus tonique.<\/p>\n<p><strong>Ergebnisse:<\/strong> La peau est parfaitement hydrat\u00e9e et lisse. Pour retrouver un teint extr\u00eamement lumineux et uniforme.<\/p>\n<p><strong>Ideal f\u00fcr:<\/strong> Alle Arten reifer Haut.<\/p>\n<p>Flacon pompe 100 ml<\/p>","protected":false},"featured_media":29120,"comment_status":"open","ping_status":"closed","template":"","meta":[],"product_brand":[181],"product_cat":[246,210,202,200],"product_tag":[],"class_list":{"0":"post-29123","1":"product","2":"type-product","3":"status-publish","4":"has-post-thumbnail","6":"product_brand-gemology","7":"product_cat-anti-age-soins","8":"product_cat-lotions","9":"product_cat-soins","10":"product_cat-tous-les-produits","12":"first","13":"instock","14":"taxable","15":"shipping-taxable","16":"purchasable","17":"product-type-simple"},"_links":{"self":[{"href":"https:\/\/gemology-cosmetics.ch\/de\/wp-json\/wp\/v2\/product\/29123","targetHints":{"allow":["GET"]}}],"collection":[{"href":"https:\/\/gemology-cosmetics.ch\/de\/wp-json\/wp\/v2\/product"}],"about":[{"href":"https:\/\/gemology-cosmetics.ch\/de\/wp-json\/wp\/v2\/types\/product"}],"replies":[{"embeddable":true,"href":"https:\/\/gemology-cosmetics.ch\/de\/wp-json\/wp\/v2\/comments?post=29123"}],"version-history":[{"count":0,"href":"https:\/\/gemology-cosmetics.ch\/de\/wp-json\/wp\/v2\/product\/29123\/revisions"}],"wp:featuredmedia":[{"embeddable":true,"href":"https:\/\/gemology-cosmetics.ch\/de\/wp-json\/wp\/v2\/media\/29120"}],"wp:attachment":[{"href":"https:\/\/gemology-cosmetics.ch\/de\/wp-json\/wp\/v2\/media?parent=29123"}],"wp:term":[{"taxonomy":"product_brand","embeddable":true,"href":"https:\/\/gemology-cosmetics.ch\/de\/wp-json\/wp\/v2\/product_brand?post=29123"},{"taxonomy":"product_cat","embeddable":true,"href":"https:\/\/gemology-cosmetics.ch\/de\/wp-json\/wp\/v2\/product_cat?post=29123"},{"taxonomy":"product_tag","embeddable":true,"href":"https:\/\/gemology-cosmetics.ch\/de\/wp-json\/wp\/v2\/product_tag?post=29123"}],"curies":[{"name":"wp","href":"https:\/\/api.w.org\/{rel}","templated":true}]}}