{"id":29137,"date":"2020-06-30T14:15:55","date_gmt":"2020-06-30T14:15:55","guid":{"rendered":"https:\/\/gemology-cosmetics.ch\/produit\/creme-visage-ambre-bleue\/"},"modified":"2025-09-17T08:04:08","modified_gmt":"2025-09-17T08:04:08","slug":"creme-visage-ambre-bleue","status":"publish","type":"product","link":"https:\/\/gemology-cosmetics.ch\/de\/produkt\/creme-visage-ambre-bleue\/","title":{"rendered":"Blaue Bernstein-Gesichtscreme"},"content":{"rendered":"<p><strong>Gebrauchsanweisung:<\/strong> Morgens und\/oder abends auftragen.<\/p>\n<p><strong>Textur:<\/strong> Gelcreme<\/p>\n<p><strong>Wertvolle Verm\u00f6genswerte:<\/strong> <\/p>\n<p>\u2013 <strong>Mineralien:<\/strong> Blauer Bernstein, Cranberrywasser, Buchweizen<\/p>\n<p><strong>- Sonstige Verm\u00f6gensgegenst\u00e4nde: <\/strong>Jojoba\u00f6l, Aloe Vera<\/p>\n<ul>\n<li>Blauer Bernstein sch\u00fctzt vor oxidativen Umwelteinfl\u00fcssen.<\/li>\n<li>\n<p>Jojoba\u00f6l n\u00e4hrt, spendet Feuchtigkeit und gl\u00e4ttet.<\/p>\n<\/li>\n<li>Aloe Vera ist reich an Kalzium, Chrom, Phosphor, Kupfer, Eisen, Selen, Magnesium, Kalium, Natrium und Zink, um die Haut wieder ins Gleichgewicht zu bringen.<\/li>\n<\/ul>\n<p>Pflege garantiert parabenfrei, alkoholfrei und propylenglykolfrei.<\/p>\n<p><strong>Zutaten:<\/strong><\/p>\n<p>AQUA (WASSER), PROPANEDIOL, C15-19 ALKANE, POLYGLYCERYL-6 STEARATE,<br \/>GLYCERIN, CETEARYLALKOHOL, SIMMONDSIA CHINENSIS (JOJOBA) SAMEN\u00d6L*,<br \/>SQUALAN, ZEA MAYS (MAIS) ST\u00c4RKE*, VACCINIUM MACROCARPON (CRANBERRY)<br \/>FRUCHTWASSER*, TOCOPHEROL, LYSOLECITHIN, SCLEROTIUM GUM, LEVULIN<br \/>S\u00c4URE, NATRIUMHYALURONAT, NATRIUMBENZOAT, POLYGLYCERYL-6-BEHENAT,<br \/>NATRIUMLEVULINAT, XANTHANGUMMI, PULLULAN, ALOE BARBADENSIS-BLATT<br \/>SAFTPULVER*, PARFUM (DUFTSTOFF), KIESELS\u00c4URE, BERNSTEINEXTRAKT, POLYGONUM<br \/>FAGOPYRUM-SAMENEXTRAKT, KALIUMSORBAT, ZITRONENS\u00c4URE.<\/p><\/p>","protected":false},"excerpt":{"rendered":"<p>Cette cr\u00e8me fluide stimule les fonctions fondamentales de la peau, hydratation, nutrition, oxyg\u00e9nation, protection et r\u00e9g\u00e9n\u00e9ration. Gr\u00e2ce \u00e0 ses actifs certifi\u00e9s Bio, c&rsquo;est un bouclier pour toutes les peaux contre la pollution et les agressions.<\/p>\n<p><strong>Ergebnisse:<\/strong> La peau est confortable, ferme et lumineuse.<\/p>\n<p><strong>Ideal f\u00fcr:<\/strong> Alle Hauttypen.<\/p>\n<p>Tube avec capsule Service 40 ml<\/p>","protected":false},"featured_media":29134,"comment_status":"open","ping_status":"closed","template":"","meta":[],"product_brand":[181],"product_cat":[220,226,206,250,202,200],"product_tag":[],"class_list":{"0":"post-29137","1":"product","2":"type-product","3":"status-publish","4":"has-post-thumbnail","6":"product_brand-gemology","7":"product_cat-cremes-soins","8":"product_cat-idees-cadeaux-nos-selections","9":"product_cat-nos-selections","10":"product_cat-peaux-jeunes-soins","11":"product_cat-soins","12":"product_cat-tous-les-produits","14":"first","15":"instock","16":"taxable","17":"shipping-taxable","18":"purchasable","19":"product-type-simple"},"_links":{"self":[{"href":"https:\/\/gemology-cosmetics.ch\/de\/wp-json\/wp\/v2\/product\/29137","targetHints":{"allow":["GET"]}}],"collection":[{"href":"https:\/\/gemology-cosmetics.ch\/de\/wp-json\/wp\/v2\/product"}],"about":[{"href":"https:\/\/gemology-cosmetics.ch\/de\/wp-json\/wp\/v2\/types\/product"}],"replies":[{"embeddable":true,"href":"https:\/\/gemology-cosmetics.ch\/de\/wp-json\/wp\/v2\/comments?post=29137"}],"version-history":[{"count":0,"href":"https:\/\/gemology-cosmetics.ch\/de\/wp-json\/wp\/v2\/product\/29137\/revisions"}],"wp:featuredmedia":[{"embeddable":true,"href":"https:\/\/gemology-cosmetics.ch\/de\/wp-json\/wp\/v2\/media\/29134"}],"wp:attachment":[{"href":"https:\/\/gemology-cosmetics.ch\/de\/wp-json\/wp\/v2\/media?parent=29137"}],"wp:term":[{"taxonomy":"product_brand","embeddable":true,"href":"https:\/\/gemology-cosmetics.ch\/de\/wp-json\/wp\/v2\/product_brand?post=29137"},{"taxonomy":"product_cat","embeddable":true,"href":"https:\/\/gemology-cosmetics.ch\/de\/wp-json\/wp\/v2\/product_cat?post=29137"},{"taxonomy":"product_tag","embeddable":true,"href":"https:\/\/gemology-cosmetics.ch\/de\/wp-json\/wp\/v2\/product_tag?post=29137"}],"curies":[{"name":"wp","href":"https:\/\/api.w.org\/{rel}","templated":true}]}}