{"id":29147,"date":"2020-06-30T14:15:55","date_gmt":"2020-06-30T14:15:55","guid":{"rendered":"https:\/\/gemology-cosmetics.ch\/produit\/creme-a-la-pierre-de-lune-creme-purifiante\/"},"modified":"2025-09-17T08:04:09","modified_gmt":"2025-09-17T08:04:09","slug":"creme-a-la-pierre-de-lune-creme-purifiante","status":"publish","type":"product","link":"https:\/\/gemology-cosmetics.ch\/de\/produkt\/creme-a-la-pierre-de-lune-creme-purifiante\/","title":{"rendered":"Mondsteincreme \u2013 Reinigungscreme"},"content":{"rendered":"<p><strong>Gebrauchsanweisung:<\/strong> Morgens und\/oder abends auftragen.<\/p>\n<p><strong>Textur:<\/strong> fl\u00fcssige Creme<\/p>\n<p><strong>Wertvolle Verm\u00f6genswerte:<\/strong> <\/p>\n<p>\u2013 <strong>Mineralien:<\/strong> Mondstein<\/p>\n<p><strong>\u2013 Spurenelemente:<\/strong> Silizium, Kalium<\/p>\n<p><strong>- Pflanzen:<\/strong> Enantia Chlorantha (Extrakt aus einem afrikanischen Baum),<\/p>\n<p><strong>\u2013 Mondstein:<\/strong> hat eine hohe Konzentration an Silizium und Kalium.<\/p>\n<p>Diese Spurenelemente f\u00f6rdern jeweils:<\/p>\n<ul>\n<li>Kollagensynthese, Wasserhaushalt der Zellen.<\/li>\n<li>Enantia chlorantha ist ein afrikanischer Baum, der f\u00fcr seine talgregulierenden und entz\u00fcndungshemmenden Eigenschaften bekannt ist. Dieser Wirkstoff reguliert die Talgsekretion.<\/li>\n<\/ul>\n<p>Pflege garantiert parabenfrei, alkoholfrei und propylenglykolfrei.<\/p>\n<p><strong>Zutaten:<\/strong><\/p>\n<p>AQUA (WASSER), OCTYLDODECYLMYRISTAT, GLYCERIN, BUTYLENGLYKOL, DIMETHICON, CETYLALKOHOL, GLYCERYLSTEARAT, PEG-75-STEARAT, CYCLOPENTASILOXAN, SIMMONDSIA CHINENSIS (JOJOBA)-SAMEN\u00d6L, CYCLOHEXASILOXAN, CETETH-20, STEARETH-20, CHLORPHENESIN, BENZYLALKOHOL, PARFUM (DUFTSTOFF), POLYMETHYLSILESQUIOXAN, ACRYLATE\/C10-30-ALKYLACRYLAT-KREUZPOLYMER, ENANTIA CHLORANTA-RINDENEXTRAKT, MONDSTEINPULVER, TOCOPHERYLACETAT, TAPIOKAST\u00c4RKE, DEHYDROESSIGS\u00c4URE, NATRIUMHYDROXID, OEANOLS\u00c4URE, CI 42090 (BLAU 1), D-LIMONEN, HEXYLZIMT, CUMARIN<\/p><\/p>","protected":false},"excerpt":{"rendered":"<p>Les peaux \u00e0 imperfections ont des besoins sp\u00e9cifiques auxquels r\u00e9pond la Cr\u00e8me purifiante \u00e0 la Pierre de Lune de Gemology.<\/p>\n<p>La cr\u00e8me combine les pouvoirs hydratants du potassium et du silicium issus de la Pierre de Lune \u00e0 des agents purifiants puissants qui vont r\u00e9guler la s\u00e9cr\u00e9tion de s\u00e9bum.\u00a0 Cet \u00e9quilibre, au service de votre beaut\u00e9, va permettre d&rsquo;hydrater, de matifier et de purifier la peau en un seul geste.<\/p>\n<p><strong>Ergebnisse:<\/strong> La peau est matifi\u00e9e, fra\u00eeche et unifi\u00e9e. Les imperfections sont att\u00e9nu\u00e9es.<\/p>\n<p><strong>Ideal f\u00fcr:<\/strong> Les peaux \u00e0 imperfections.<\/p>\n<p>50-ml-Glas<\/p>","protected":false},"featured_media":29145,"comment_status":"open","ping_status":"closed","template":"","meta":[],"product_brand":[181],"product_cat":[220,242,232,202,200],"product_tag":[],"class_list":{"0":"post-29147","1":"product","2":"type-product","3":"status-publish","4":"has-post-thumbnail","6":"product_brand-gemology","7":"product_cat-cremes-soins","8":"product_cat-peaux-mixtes-a-grasses-soins","9":"product_cat-pour-l-homme-soins","10":"product_cat-soins","11":"product_cat-tous-les-produits","13":"first","14":"instock","15":"taxable","16":"shipping-taxable","17":"purchasable","18":"product-type-simple"},"_links":{"self":[{"href":"https:\/\/gemology-cosmetics.ch\/de\/wp-json\/wp\/v2\/product\/29147","targetHints":{"allow":["GET"]}}],"collection":[{"href":"https:\/\/gemology-cosmetics.ch\/de\/wp-json\/wp\/v2\/product"}],"about":[{"href":"https:\/\/gemology-cosmetics.ch\/de\/wp-json\/wp\/v2\/types\/product"}],"replies":[{"embeddable":true,"href":"https:\/\/gemology-cosmetics.ch\/de\/wp-json\/wp\/v2\/comments?post=29147"}],"version-history":[{"count":0,"href":"https:\/\/gemology-cosmetics.ch\/de\/wp-json\/wp\/v2\/product\/29147\/revisions"}],"wp:featuredmedia":[{"embeddable":true,"href":"https:\/\/gemology-cosmetics.ch\/de\/wp-json\/wp\/v2\/media\/29145"}],"wp:attachment":[{"href":"https:\/\/gemology-cosmetics.ch\/de\/wp-json\/wp\/v2\/media?parent=29147"}],"wp:term":[{"taxonomy":"product_brand","embeddable":true,"href":"https:\/\/gemology-cosmetics.ch\/de\/wp-json\/wp\/v2\/product_brand?post=29147"},{"taxonomy":"product_cat","embeddable":true,"href":"https:\/\/gemology-cosmetics.ch\/de\/wp-json\/wp\/v2\/product_cat?post=29147"},{"taxonomy":"product_tag","embeddable":true,"href":"https:\/\/gemology-cosmetics.ch\/de\/wp-json\/wp\/v2\/product_tag?post=29147"}],"curies":[{"name":"wp","href":"https:\/\/api.w.org\/{rel}","templated":true}]}}