{"id":29161,"date":"2020-06-30T14:15:55","date_gmt":"2020-06-30T14:15:55","guid":{"rendered":"https:\/\/gemology-cosmetics.ch\/produit\/creme-au-rubis-creme-peaux-mixtes\/"},"modified":"2026-03-26T19:15:26","modified_gmt":"2026-03-26T19:15:26","slug":"creme-au-rubis-creme-peaux-mixtes","status":"publish","type":"product","link":"https:\/\/gemology-cosmetics.ch\/de\/produkt\/creme-au-rubis-creme-peaux-mixtes\/","title":{"rendered":"Ruby Cream \u2013 Creme f\u00fcr Mischhaut"},"content":{"rendered":"<p><strong>Gebrauchsanweisung:<\/strong> Morgens und\/oder abends auftragen.<br \/><strong><br \/>Textur: <\/strong>Creme-Gel<\/p>\n<p><strong>Wertvolle Verm\u00f6genswerte:<\/strong> <\/p>\n<p>\u2013 <strong>Mineralien:<\/strong> Rubin, Roter Jaspis<\/p>\n<p><strong>- Pflanzen:<\/strong> Klette - Sonstiges: Hyalurons\u00e4ure<\/p>\n<ul>\n<li>Rubine sind reich an Chrom. Dieses Spurenelement hilft bei der Regulierung der Talgsekretion.<\/li>\n<li>Roter Jaspis ist reich an Silizium. Dieses Spurenelement stimuliert die Kollagensynthese.<\/li>\n<li>Klette ist f\u00fcr ihre antiseborrhoischen Eigenschaften bekannt.<\/li>\n<li>Hyalurons\u00e4ure ist ein starker Feuchtigkeitsspender, der 24 Stunden lang f\u00fcr ein angenehmes Hautgef\u00fchl sorgt.<\/li>\n<\/ul>\n<p>Pflege garantiert parabenfrei, alkoholfrei und propylenglykolfrei.<\/p>\n<p><strong>Zutaten:<\/strong><\/p>\n<p>AQUA (WASSER), ISOHEXADECAN, GLYCERIN, CYCLOPENTASILOXAN, CETYLALKOHOL, GLYCERYLSTEARAT, CITRULLUS LANATUS (WASSERMELONE)-SAMEN\u00d6L, PEG-75-STEARAT, NATRIUMPOLYACRYLAT, ACRYLATE\/C10-30-ALKYLACRYLAT-KREUZPOLYMER, PARFUM (DUFTSTOFF), ZINK-PCA, DIMETHICON, CYCLOHEXASILOXAN, CETETH-20, STEARETH-20, CANDIDA BOMBICOLA \/ GLUCOSE \/ METHYL-RAPSDAT-FERMENT, CHLORPHENESIN, BENZYLALKOHOL, NATRIUMHYDROXID, TRIDECETH-6, ARCTIUM MAJUS-WURZELEXTRAKT, LEPTOSPERMUM SCOPARIUM-BLATTEXTRAKT, RUBINPULVER, TOCOPHERYLACETAT, TURMALIN, MALTODEXTRIN, SILICA (JASPIS-EXTRAKT), DEHYDROESSIGS\u00c4URE, PEG\/PPG-18\/18-DIMETHICON, NATRIUMHYALURONAT, CAPRYLYLGLYKOL, KALIUMSORBAT, ROSA-GALLICA-BL\u00dcTENEXTRAKT, PENTAPEPTID-18, CI 17200 (RED33), CITRONELLOL, BENZYLSALICYLAT, BENZYLBENZOAT, LINALOOL, HYDROXYCITRONELLAL, HEXYLZIMT, ALPHA-ISOMETHYLIONON, D-LIMONEN<\/p>","protected":false},"excerpt":{"rendered":"<p>Min\u00e9ral riche en Chrome, le Rubis r\u00e9gule les s\u00e9cr\u00e9tions s\u00e9bac\u00e9es et lisse les premiers signes du temps. Il redonne \u00e0 la peau sa matit\u00e9, sa fra\u00eecheur et son \u00e9quilibre. <\/p>\n<p><strong>Ergebnisse:<\/strong> Le teint est parfaitement matifi\u00e9 et \u00e9clatant<\/p>\n<p><strong>Ideal f\u00fcr:<\/strong> Les peaux mixtes \u00e0 grasses. <\/p>\n<p>50-ml-Glas<\/p>","protected":false},"featured_media":29158,"comment_status":"open","ping_status":"closed","template":"","meta":[],"product_brand":[181],"product_cat":[220,242,232,202,200],"product_tag":[],"class_list":{"0":"post-29161","1":"product","2":"type-product","3":"status-publish","4":"has-post-thumbnail","6":"product_brand-gemology","7":"product_cat-cremes-soins","8":"product_cat-peaux-mixtes-a-grasses-soins","9":"product_cat-pour-l-homme-soins","10":"product_cat-soins","11":"product_cat-tous-les-produits","13":"first","14":"instock","15":"taxable","16":"shipping-taxable","17":"purchasable","18":"product-type-simple"},"_links":{"self":[{"href":"https:\/\/gemology-cosmetics.ch\/de\/wp-json\/wp\/v2\/product\/29161","targetHints":{"allow":["GET"]}}],"collection":[{"href":"https:\/\/gemology-cosmetics.ch\/de\/wp-json\/wp\/v2\/product"}],"about":[{"href":"https:\/\/gemology-cosmetics.ch\/de\/wp-json\/wp\/v2\/types\/product"}],"replies":[{"embeddable":true,"href":"https:\/\/gemology-cosmetics.ch\/de\/wp-json\/wp\/v2\/comments?post=29161"}],"version-history":[{"count":0,"href":"https:\/\/gemology-cosmetics.ch\/de\/wp-json\/wp\/v2\/product\/29161\/revisions"}],"wp:featuredmedia":[{"embeddable":true,"href":"https:\/\/gemology-cosmetics.ch\/de\/wp-json\/wp\/v2\/media\/29158"}],"wp:attachment":[{"href":"https:\/\/gemology-cosmetics.ch\/de\/wp-json\/wp\/v2\/media?parent=29161"}],"wp:term":[{"taxonomy":"product_brand","embeddable":true,"href":"https:\/\/gemology-cosmetics.ch\/de\/wp-json\/wp\/v2\/product_brand?post=29161"},{"taxonomy":"product_cat","embeddable":true,"href":"https:\/\/gemology-cosmetics.ch\/de\/wp-json\/wp\/v2\/product_cat?post=29161"},{"taxonomy":"product_tag","embeddable":true,"href":"https:\/\/gemology-cosmetics.ch\/de\/wp-json\/wp\/v2\/product_tag?post=29161"}],"curies":[{"name":"wp","href":"https:\/\/api.w.org\/{rel}","templated":true}]}}