{"id":29166,"date":"2020-06-30T14:15:55","date_gmt":"2020-06-30T14:15:55","guid":{"rendered":"https:\/\/gemology-cosmetics.ch\/produit\/creme-jeunesse-diamant\/"},"modified":"2025-09-17T08:04:09","modified_gmt":"2025-09-17T08:04:09","slug":"creme-jeunesse-diamant","status":"publish","type":"product","link":"https:\/\/gemology-cosmetics.ch\/de\/produkt\/creme-jeunesse-diamant\/","title":{"rendered":"Diamant-Jugendcreme"},"content":{"rendered":"<p><strong>Gebrauchsanweisung:<\/strong> Morgens und\/oder abends auftragen<\/p>\n<p><strong>Textur:<\/strong> Creme, Samteffekt<\/p>\n<p><strong>Wertvolle Verm\u00f6genswerte:<br \/><\/strong> <br \/>\u2013 <strong>Mineralien:<\/strong> Diamant 0,2 Karat \/ 50 ml<br \/><strong>- Pflanzen:<\/strong> Extrakte aus Orchidee, Weihnachtsblume,<br \/><strong>- Andere :<\/strong> Baobab\u00f6l, Adenosin, Vitamin E.<\/p>\n<p>\u2013 Diamant ist ein Mineral, das f\u00fcr seinen \u201eWeichzeichner\u201c-Effekt bekannt ist: Dank eines sehr hohen Reflexionsindex f\u00e4ngt Diamant Licht ein und streut es, wodurch Unvollkommenheiten verwischt werden. Diamant sorgt somit durch Lichtbeugung f\u00fcr eine sichtbare Reduzierung von F\u00e4ltchen.<\/p>\n<p>\u2013 Orchideenextrakt ist f\u00fcr seine feuchtigkeitsspendenden Eigenschaften bekannt.<\/p>\n<p>\u2013 Die Weihnachtsblume ist f\u00fcr ihre regenerierenden Eigenschaften bekannt.<\/p>\n<p>\u2013 Baobab\u00f6l ist f\u00fcr seine gl\u00e4ttenden Eigenschaften bekannt.<\/p>\n<p>\u2013 Adenosin ist ein Wirkstoff mit hauterschlaffenden Eigenschaften.<\/p>\n<p>\u2013 Vitamin E hat antioxidative Eigenschaften.<\/p>\n<p>Pflege garantiert parabenfrei, alkoholfrei und propylenglykolfrei.<\/p>\n<p><strong>Zutaten:<\/strong><\/p>\n<p>AQUA (WASSER), OCTYLDODECYLMYRISTAT, GLYCERIN, DIMETHICON, SQUALAN, CETYLALKOHOL, GLYCERYLSTEARAT, CYCLOPENTASILOXAN, ADANSONIA DIGITATA (SAMEN)\u00d6L, PEG-75-STEARAT, BISABOLOL, CETETH-20, STEARETH-20, CYCLOHEXASILOXAN, CHLORPHENESIN, BENZYLALKOHOL, PARFUM (DUFTSTOFF), NATRIUMACRYLAT\/NATRIUMACRYLOYLDIMETHYLTAURAT-COPOLYMER, ACRYLATE\/C10-30-ALKYLACRYLAT-CROSSPOLYMER, NATRIUMHYALURONAT, ISOHEXADECAN, TOCOPHERYLACETAT, EUPHORBIA HIRTA-EXTRAKT, PHALAENOPSIS AMABILIS-EXTRAKT, TURMALIN, DIAMANTPULVER, MALTODEXTRIN, ADENOSIN, POLYSORBAT 80, ADANSONIA DIGITATA-PULPEEXTRAKT, NATRIUMHYDROXID, DEHYDROESSIGS\u00c4URE, SORBITANOLEAT, PALMITOYLTRIPEPTID-5, CALCIUMALUMINIUMBOROSILIKAT, CAPRYLYLGLYKOL, ROSA GALLICA-BL\u00dcTENEXTRAKT, SILICA, CI 77891 (TITANDIOXID), NATRIUMBENZOAT, XANTHANGUMMI, KALIUMSORBAT, ACETYLHEXAPEPTID-8, ZINNOXID, D-LIMONEN, LINALOOL, BENZYLBENZOAT, CUMARIN\u00a0\u00a0<\/p>","protected":false},"excerpt":{"rendered":"<p>Diese reichhaltige Creme mit Diamanten reduziert Falten dank des Weichzeichner-Effekts der Diamanten und regt die Kollagenproduktion an, um die Haut zu gl\u00e4tten und zu straffen. Die Anti-Aging-Wirkung von Adenosin sorgt f\u00fcr einen festigenden Effekt. <\/p>\n<p><strong>Ergebnisse:<\/strong> Sichtbar reduziert es Falten und feine Linien. Die Haut wird regeneriert, gestrafft, neu geformt und strahlend.<\/p>\n<p><strong>Ideal f\u00fcr:<\/strong> Alle Arten reifer Haut.<\/p>\n<p> 50-ml-Glas<\/p>","protected":false},"featured_media":29162,"comment_status":"open","ping_status":"closed","template":"","meta":[],"product_brand":[181],"product_cat":[246,220,202,200],"product_tag":[],"class_list":{"0":"post-29166","1":"product","2":"type-product","3":"status-publish","4":"has-post-thumbnail","6":"product_brand-gemology","7":"product_cat-anti-age-soins","8":"product_cat-cremes-soins","9":"product_cat-soins","10":"product_cat-tous-les-produits","12":"first","13":"instock","14":"taxable","15":"shipping-taxable","16":"purchasable","17":"product-type-simple"},"_links":{"self":[{"href":"https:\/\/gemology-cosmetics.ch\/de\/wp-json\/wp\/v2\/product\/29166","targetHints":{"allow":["GET"]}}],"collection":[{"href":"https:\/\/gemology-cosmetics.ch\/de\/wp-json\/wp\/v2\/product"}],"about":[{"href":"https:\/\/gemology-cosmetics.ch\/de\/wp-json\/wp\/v2\/types\/product"}],"replies":[{"embeddable":true,"href":"https:\/\/gemology-cosmetics.ch\/de\/wp-json\/wp\/v2\/comments?post=29166"}],"version-history":[{"count":0,"href":"https:\/\/gemology-cosmetics.ch\/de\/wp-json\/wp\/v2\/product\/29166\/revisions"}],"wp:featuredmedia":[{"embeddable":true,"href":"https:\/\/gemology-cosmetics.ch\/de\/wp-json\/wp\/v2\/media\/29162"}],"wp:attachment":[{"href":"https:\/\/gemology-cosmetics.ch\/de\/wp-json\/wp\/v2\/media?parent=29166"}],"wp:term":[{"taxonomy":"product_brand","embeddable":true,"href":"https:\/\/gemology-cosmetics.ch\/de\/wp-json\/wp\/v2\/product_brand?post=29166"},{"taxonomy":"product_cat","embeddable":true,"href":"https:\/\/gemology-cosmetics.ch\/de\/wp-json\/wp\/v2\/product_cat?post=29166"},{"taxonomy":"product_tag","embeddable":true,"href":"https:\/\/gemology-cosmetics.ch\/de\/wp-json\/wp\/v2\/product_tag?post=29166"}],"curies":[{"name":"wp","href":"https:\/\/api.w.org\/{rel}","templated":true}]}}