{"id":29170,"date":"2020-06-30T14:15:55","date_gmt":"2020-06-30T14:15:55","guid":{"rendered":"https:\/\/gemology-cosmetics.ch\/produit\/concentre-peridot-cure-d-oligoelement-concentre-visage-anti-stress\/"},"modified":"2025-09-17T08:04:09","modified_gmt":"2025-09-17T08:04:09","slug":"concentre-peridot-cure-d-oligoelement-concentre-visage-anti-stress","status":"publish","type":"product","link":"https:\/\/gemology-cosmetics.ch\/de\/produkt\/concentre-peridot-cure-d-oligoelement-concentre-visage-anti-stress\/","title":{"rendered":"Peridot-Konzentrat Spurenelementbehandlung \u2013 Anti-Stress-Gesichtskonzentrat"},"content":{"rendered":"<p><strong>Gebrauchsanweisung:<\/strong>\u00a0Morgens und\/oder abends einige Tropfen unter der Creme auf Gesicht und Hals auftragen.<\/p>\n<p><strong>Textur: <\/strong>Einfrieren<\/p>\n<p><strong>Wertvolle Verm\u00f6genswerte:<\/strong><\/p>\n<p><strong>\u2013 Mineralien:<\/strong> Peridot<\/p>\n<p>\u2013<strong>\u00a0Spurenelemente:<\/strong> Magnesium, Schwefel<\/p>\n<p><strong>- Andere :<\/strong> Hyalurons\u00e4ure<\/p>\n<ul>\n<li>Peridot stimuliert Energie und Zellatmung.<\/li>\n<li>Peridot verlangsamt die Hautalterung.<\/li>\n<li>Hyalurons\u00e4ure ist ein starker Feuchtigkeitsspender und gl\u00e4ttet die Hautstruktur.<\/li>\n<\/ul>\n<p><strong>Zutaten<\/strong> :<\/p>\n<p>AQUA (WASSER), GLYCERIN, PEG-12-DIMETHICON, PHENOXYETHANOL, METABISULFIT, D-LIMONEN, LINALOOL, BENZYLBENZOAT, CUMARIN<\/p>","protected":false},"excerpt":{"rendered":"<p>Offrez \u00e0 votre peau un coup de peps avec la Concentr\u00e9 P\u00e9ridot de Gemology.<\/p>\n<p>Formul\u00e9 pour les peaux fatigu\u00e9es et stress\u00e9es, le Concentr\u00e9 P\u00e9ridot est enrichi en magn\u00e9sium issu du P\u00e9ridot. Associ\u00e9 \u00e0 l&rsquo;acide hyaluronique, puissant hydratant cutan\u00e9, cet oligo-\u00e9l\u00e9ment va agir au c\u0153ur de votre peau pour la tonifier, l&rsquo;hydrater et att\u00e9nuer fatigue et stress.\u00a0 Id\u00e9al pour : Tous types de peaux manifestant des marques de fatigue et de stress.<\/p>\n<p><strong>R\u00e9sultats:<\/strong> Votre peau est jeune, parfaitement tonique et d\u00e9stress\u00e9e. Les pores sont resserr\u00e9s.<\/p>\n<p><strong>Id\u00e9al pour:<\/strong> Alle Hauttypen.<\/p>\n<p>30 ml Tropfflasche<\/p>","protected":false},"featured_media":29167,"comment_status":"open","ping_status":"closed","template":"","meta":[],"product_brand":[181],"product_cat":[218,240,202,200],"product_tag":[],"class_list":{"0":"post-29170","1":"product","2":"type-product","3":"status-publish","4":"has-post-thumbnail","6":"product_brand-gemology","7":"product_cat-concentres-serum-et-huile-soins","8":"product_cat-peaux-seches-soins","9":"product_cat-soins","10":"product_cat-tous-les-produits","12":"first","13":"instock","14":"taxable","15":"shipping-taxable","16":"purchasable","17":"product-type-simple"},"_links":{"self":[{"href":"https:\/\/gemology-cosmetics.ch\/de\/wp-json\/wp\/v2\/product\/29170","targetHints":{"allow":["GET"]}}],"collection":[{"href":"https:\/\/gemology-cosmetics.ch\/de\/wp-json\/wp\/v2\/product"}],"about":[{"href":"https:\/\/gemology-cosmetics.ch\/de\/wp-json\/wp\/v2\/types\/product"}],"replies":[{"embeddable":true,"href":"https:\/\/gemology-cosmetics.ch\/de\/wp-json\/wp\/v2\/comments?post=29170"}],"version-history":[{"count":0,"href":"https:\/\/gemology-cosmetics.ch\/de\/wp-json\/wp\/v2\/product\/29170\/revisions"}],"wp:featuredmedia":[{"embeddable":true,"href":"https:\/\/gemology-cosmetics.ch\/de\/wp-json\/wp\/v2\/media\/29167"}],"wp:attachment":[{"href":"https:\/\/gemology-cosmetics.ch\/de\/wp-json\/wp\/v2\/media?parent=29170"}],"wp:term":[{"taxonomy":"product_brand","embeddable":true,"href":"https:\/\/gemology-cosmetics.ch\/de\/wp-json\/wp\/v2\/product_brand?post=29170"},{"taxonomy":"product_cat","embeddable":true,"href":"https:\/\/gemology-cosmetics.ch\/de\/wp-json\/wp\/v2\/product_cat?post=29170"},{"taxonomy":"product_tag","embeddable":true,"href":"https:\/\/gemology-cosmetics.ch\/de\/wp-json\/wp\/v2\/product_tag?post=29170"}],"curies":[{"name":"wp","href":"https:\/\/api.w.org\/{rel}","templated":true}]}}