{"id":29176,"date":"2020-06-30T14:15:55","date_gmt":"2020-06-30T14:15:55","guid":{"rendered":"https:\/\/gemology-cosmetics.ch\/produit\/concentre-malachite-cure-d-oligoelement-concentre-visage-eclat\/"},"modified":"2025-09-17T08:04:09","modified_gmt":"2025-09-17T08:04:09","slug":"concentre-malachite-cure-d-oligoelement-concentre-visage-eclat","status":"publish","type":"product","link":"https:\/\/gemology-cosmetics.ch\/de\/produkt\/concentre-malachite-cure-d-oligoelement-concentre-visage-eclat\/","title":{"rendered":"Malachit-Konzentrat Spurenelement-Behandlung \u2013 Radiance Face Concentrate"},"content":{"rendered":"<p><strong>Gebrauchsanweisung:<\/strong>\u00a0Morgens und\/oder abends einige Tropfen unter der Creme auf Gesicht und Hals auftragen.\u00a0<\/p>\n<p><strong>Textur:<\/strong> Einfrieren<\/p>\n<p><strong>Wertvolle Verm\u00f6genswerte:<\/strong> <\/p>\n<p>\u2013 <strong>Mineralien:<\/strong> Malachit<br \/><strong><\/strong><\/p>\n<p><strong>\u2013 Spurenelemente: <\/strong>Phosphor, Kupfer<\/p>\n<p><strong>- Andere :<\/strong> Hyalurons\u00e4ure<\/p>\n<ul>\n<li>Malachit ist ein kupferreicher Stein. Dieses Spurenelement ist ein starkes Antioxidans und Radikalf\u00e4nger und sch\u00fctzt die Zellen vor freien Radikalen.<\/li>\n<li>Hyalurons\u00e4ure ist ein starker Feuchtigkeitsspender, der f\u00fcr optimale, langanhaltende Feuchtigkeit sorgt.<\/li>\n<\/ul>\n<p>Pflege garantiert parabenfrei, alkoholfrei und propylenglykolfrei.<\/p>\n<p><strong>Zutaten:<\/strong><\/p>\n<p>AQUA (WASSER), GLYCERIN, ROSA CENTIFOLIA BL\u00dcTENWASSER, NATRIUMBENZOAT, XANTHANGUMMI, MALACHITEXTRAKT, NATRIUMHYALURONAT, TRINATRIUMPHOSPHAT<\/p>","protected":false},"excerpt":{"rendered":"<p>Redonnez \u00e0 votre teint \u00e9clat et lumi\u00e8re avec le Concentr\u00e9 Malachite.<\/p>\n<p>Ce s\u00e9rum visage est gorg\u00e9 de cuivre issu du Malachite et dont les propri\u00e9t\u00e9s anti-oxydantes et anti-radicalaires apportent \u00e9clat et protection \u00e0 la peau. Il est savamment dos\u00e9 en acide hyaluronique qui hydrate et lisse la peau et en phosphore qui en am\u00e9liore l&rsquo;oxyg\u00e9nation.\u00a0\u00a0<\/p>\n<p><strong>Ergebnisse:<\/strong> Le teint est unifi\u00e9 et \u00e9clatant. Les pores sont resserr\u00e9s.<\/p>\n<p><strong>Ideal f\u00fcr:<\/strong>\u00a0Le teint est lumineux, unifi\u00e9. La peau est oxyg\u00e9n\u00e9e.<\/p>\n<p>30 ml Tropfflasche<\/p>","protected":false},"featured_media":29171,"comment_status":"open","ping_status":"closed","template":"","meta":[],"product_brand":[181],"product_cat":[218,248,232,202,200],"product_tag":[],"class_list":{"0":"post-29176","1":"product","2":"type-product","3":"status-publish","4":"has-post-thumbnail","6":"product_brand-gemology","7":"product_cat-concentres-serum-et-huile-soins","8":"product_cat-peaux-ternes-soins","9":"product_cat-pour-l-homme-soins","10":"product_cat-soins","11":"product_cat-tous-les-produits","13":"first","14":"instock","15":"taxable","16":"shipping-taxable","17":"purchasable","18":"product-type-simple"},"_links":{"self":[{"href":"https:\/\/gemology-cosmetics.ch\/de\/wp-json\/wp\/v2\/product\/29176","targetHints":{"allow":["GET"]}}],"collection":[{"href":"https:\/\/gemology-cosmetics.ch\/de\/wp-json\/wp\/v2\/product"}],"about":[{"href":"https:\/\/gemology-cosmetics.ch\/de\/wp-json\/wp\/v2\/types\/product"}],"replies":[{"embeddable":true,"href":"https:\/\/gemology-cosmetics.ch\/de\/wp-json\/wp\/v2\/comments?post=29176"}],"version-history":[{"count":0,"href":"https:\/\/gemology-cosmetics.ch\/de\/wp-json\/wp\/v2\/product\/29176\/revisions"}],"wp:featuredmedia":[{"embeddable":true,"href":"https:\/\/gemology-cosmetics.ch\/de\/wp-json\/wp\/v2\/media\/29171"}],"wp:attachment":[{"href":"https:\/\/gemology-cosmetics.ch\/de\/wp-json\/wp\/v2\/media?parent=29176"}],"wp:term":[{"taxonomy":"product_brand","embeddable":true,"href":"https:\/\/gemology-cosmetics.ch\/de\/wp-json\/wp\/v2\/product_brand?post=29176"},{"taxonomy":"product_cat","embeddable":true,"href":"https:\/\/gemology-cosmetics.ch\/de\/wp-json\/wp\/v2\/product_cat?post=29176"},{"taxonomy":"product_tag","embeddable":true,"href":"https:\/\/gemology-cosmetics.ch\/de\/wp-json\/wp\/v2\/product_tag?post=29176"}],"curies":[{"name":"wp","href":"https:\/\/api.w.org\/{rel}","templated":true}]}}