{"id":29181,"date":"2020-06-30T14:15:55","date_gmt":"2020-06-30T14:15:55","guid":{"rendered":"https:\/\/gemology-cosmetics.ch\/produit\/concentre-amethyste-cure-d-oligoelement-concentre-visage-fermete\/"},"modified":"2025-09-17T08:04:09","modified_gmt":"2025-09-17T08:04:09","slug":"concentre-amethyste-cure-d-oligoelement-concentre-visage-fermete","status":"publish","type":"product","link":"https:\/\/gemology-cosmetics.ch\/de\/produkt\/concentre-amethyste-cure-d-oligoelement-concentre-visage-fermete\/","title":{"rendered":"Amethyst Konzentrat Spurenelementbehandlung \u2013 Straffendes Gesichtskonzentrat"},"content":{"rendered":"<p><strong>Gebrauchsanweisung:<\/strong> Morgens und abends unter der Creme auftragen.<\/p>\n<p><strong>Textur:<\/strong> Einfrieren<\/p>\n<p><strong>Wertvolle Verm\u00f6genswerte:<\/strong> <\/p>\n<p>\u2013 <strong>Mineralien:<\/strong> Amethyst, Rubin<\/p>\n<p><strong>\u2013 Spurenelemente:<\/strong> Silizium, Chrom<br \/><strong><br \/>- Andere : <\/strong>Hyalurons\u00e4ure<strong><br \/><\/strong><\/p>\n<ul>\n<li>\u00a0Amethyst ist ein Stein, der reich an Silizium ist. Dieses Spurenelement stimuliert die Synthese von Kollagen und Elastin und strafft so die Haut.<\/li>\n<li>Rubin, reich an Chrom, reguliert die Talgsekretion und mattiert die Haut.<\/li>\n<li>Hyalurons\u00e4ure spendet Feuchtigkeit und gl\u00e4ttet die Hautstruktur. Pflege garantiert parabenfrei, alkoholfrei und propylenglykolfrei.<\/li>\n<\/ul>\n<p><strong>Zutaten:<\/strong><\/p>\n<p>AQUA (WASSER), GLYCERIN, ROSA CENTIFOLIA BL\u00dcTENWASSER, RUBINPULVER, NATRIUMBENZOAT, PROPYLENGLYKOL, PHENOXYETHANOL<\/p>","protected":false},"excerpt":{"rendered":"<p>Avec le concentr\u00e9 Am\u00e9thyste Raffermissant de Gemology purifiez et raffermissez votre visage en un seul geste.<\/p>\n<p>L&rsquo;alliance unique du Silicium issu de l&rsquo;am\u00e9thyste et du chrome issu du rubis va stimuler la production de collag\u00e8ne et raffermir la peau tout en la matifiant et en r\u00e9gulant la production de s\u00e9bum. L&rsquo;acide hyaluronique va quant \u00e0 lui apporter la juste dose d&rsquo;hydratation.<\/p>\n<p><strong>Ergebnisse:<\/strong>\u00a0La peau est ferme et le teint matifi\u00e9.<\/p>\n<p><strong>Ideal f\u00fcr:<\/strong> les peaux en manque de tonicit\u00e9 et d&rsquo;\u00e9clat. <\/p>\n<p>30 ml Tropfflasche<\/p>","protected":false},"featured_media":29177,"comment_status":"open","ping_status":"closed","template":"","meta":[],"product_brand":[181],"product_cat":[218,242,202,200],"product_tag":[],"class_list":{"0":"post-29181","1":"product","2":"type-product","3":"status-publish","4":"has-post-thumbnail","6":"product_brand-gemology","7":"product_cat-concentres-serum-et-huile-soins","8":"product_cat-peaux-mixtes-a-grasses-soins","9":"product_cat-soins","10":"product_cat-tous-les-produits","12":"first","13":"instock","14":"taxable","15":"shipping-taxable","16":"purchasable","17":"product-type-simple"},"_links":{"self":[{"href":"https:\/\/gemology-cosmetics.ch\/de\/wp-json\/wp\/v2\/product\/29181","targetHints":{"allow":["GET"]}}],"collection":[{"href":"https:\/\/gemology-cosmetics.ch\/de\/wp-json\/wp\/v2\/product"}],"about":[{"href":"https:\/\/gemology-cosmetics.ch\/de\/wp-json\/wp\/v2\/types\/product"}],"replies":[{"embeddable":true,"href":"https:\/\/gemology-cosmetics.ch\/de\/wp-json\/wp\/v2\/comments?post=29181"}],"version-history":[{"count":0,"href":"https:\/\/gemology-cosmetics.ch\/de\/wp-json\/wp\/v2\/product\/29181\/revisions"}],"wp:featuredmedia":[{"embeddable":true,"href":"https:\/\/gemology-cosmetics.ch\/de\/wp-json\/wp\/v2\/media\/29177"}],"wp:attachment":[{"href":"https:\/\/gemology-cosmetics.ch\/de\/wp-json\/wp\/v2\/media?parent=29181"}],"wp:term":[{"taxonomy":"product_brand","embeddable":true,"href":"https:\/\/gemology-cosmetics.ch\/de\/wp-json\/wp\/v2\/product_brand?post=29181"},{"taxonomy":"product_cat","embeddable":true,"href":"https:\/\/gemology-cosmetics.ch\/de\/wp-json\/wp\/v2\/product_cat?post=29181"},{"taxonomy":"product_tag","embeddable":true,"href":"https:\/\/gemology-cosmetics.ch\/de\/wp-json\/wp\/v2\/product_tag?post=29181"}],"curies":[{"name":"wp","href":"https:\/\/api.w.org\/{rel}","templated":true}]}}