{"id":29185,"date":"2020-06-30T14:15:55","date_gmt":"2020-06-30T14:15:55","guid":{"rendered":"https:\/\/gemology-cosmetics.ch\/produit\/serum-jeunesse-hematite-et-diamant\/"},"modified":"2025-09-17T08:04:09","modified_gmt":"2025-09-17T08:04:09","slug":"serum-jeunesse-hematite-et-diamant","status":"publish","type":"product","link":"https:\/\/gemology-cosmetics.ch\/de\/produkt\/serum-jeunesse-hematite-et-diamant\/","title":{"rendered":"H\u00e4matit- und Diamant-Jugendserum"},"content":{"rendered":"<p><strong>Gebrauchsanweisung:<\/strong> Morgens und abends unter der Creme auftragen.<\/p>\n<p><strong>Textur:<\/strong> Emulsion<\/p>\n<p><strong>Wertvolle Verm\u00f6genswerte:<br \/><\/strong> <br \/>\u2013 <strong>Mineralien:<\/strong> Diamant, Schwarzer H\u00e4matit<br \/><strong><br \/>- Pflanzen:<\/strong> Mango\u00f6l, Passionsblume<br \/><strong><br \/>- Andere :<\/strong> Adenosin<\/p>\n<ul>\n<li>Diamant ist ein Mineral, das f\u00fcr seinen Weichzeichnereffekt bekannt ist: Dank seines sehr hohen Brechungsindex f\u00e4ngt Diamant Licht ein und streut es, wodurch Unregelm\u00e4\u00dfigkeiten verwischt werden. Diamant sorgt somit durch Lichtbeugung f\u00fcr eine sichtbare Reduzierung von F\u00e4ltchen.<\/li>\n<li>Schwarzer H\u00e4matit ist reich an Eisen. Dieses Spurenelement ist ein starkes Antioxidans und f\u00f6rdert die Kollagenproduktion durch Fibroblasten.<\/li>\n<li>Mango\u00f6l hat feuchtigkeitsspendende und beruhigende Eigenschaften.<\/li>\n<li>Passionsblume ist f\u00fcr ihre weichmachenden Eigenschaften bekannt.<\/li>\n<li>Adenosin ist ein Wirkstoff mit Anti-Erschlaffungseigenschaften der Haut<\/li>\n<\/ul>\n<p>Pflege garantiert parabenfrei, alkoholfrei und propylenglykolfrei.<\/p>\n<p><strong>Zutaten:<\/strong><\/p>\n<p>AQUA (WASSER), DICAPRYLYLCARBONAT, DIMETHICON, CAPRYLIC\/CAPRIC TRIGLYCERID, POLYACRYLAT-13, GLYCERIN, PASSIFLORA INCARNATA-SAMEN\u00d6L, POLYISOBUTEN, NATRIUMBENZOAT, BENZYLALKOHOL, PARFUM (DUFTSTOFF), KARAMELL, POLYSORBAT 20, SORBITAN-ISOSTEARAT, ZITRONENS\u00c4URE, SPILANTHES ACMELLA-BL\u00dcTENEXTRAKT, MALTODEXTRIN, DEHYDROESSIGS\u00c4URE, H\u00c4MATITEXTRAKT, CAPRYLYLGLYKOL, DIAMANTPULVER, ROSA GALLICA-BL\u00dcTENEXTRAKT, CI 14700 (ROT 4), ACETYLHEXAPEPTID-8, PHENOXYETHANOL, CI 42090 (BLAU 1), SORBINS\u00c4URE, D-LIMONEN, LINALOOL, BENZYLBENZOAT, CUMARIN PRODUKT OHNE: SILIKON, PEG\/PPG, PARABEN, ALLERGEN*, ETHANOL, PROPYLENGLYKOL, PHENOXYETHANOL<\/p><\/p>","protected":false},"excerpt":{"rendered":"<p>V\u00e9ritable soin anti-rides naturel. L&rsquo;H\u00e9matite noire, exceptionnellement riche en fer, ralentit le processus du vieillissement par son action av\u00e9r\u00e9e sur la production de collag\u00e8ne. Le Diamant estompe les rides par son effet lifting naturel. La peau est r\u00e9g\u00e9n\u00e9r\u00e9e, regalb\u00e9e et raffermie. Le grain de peau est liss\u00e9.<\/p>\n<p><strong>Ergebnisse:<\/strong> Les rides sont estomp\u00e9es, la peau est raffermie.<\/p>\n<p><strong>Ideal f\u00fcr:<\/strong> Alle Arten reifer Haut.<\/p>\n<p>Flacon Pompe Airless 30 ml<\/p>","protected":false},"featured_media":29182,"comment_status":"open","ping_status":"closed","template":"","meta":[],"product_brand":[181],"product_cat":[246,218,202,200],"product_tag":[],"class_list":{"0":"post-29185","1":"product","2":"type-product","3":"status-publish","4":"has-post-thumbnail","6":"product_brand-gemology","7":"product_cat-anti-age-soins","8":"product_cat-concentres-serum-et-huile-soins","9":"product_cat-soins","10":"product_cat-tous-les-produits","12":"first","13":"instock","14":"taxable","15":"shipping-taxable","16":"purchasable","17":"product-type-simple"},"_links":{"self":[{"href":"https:\/\/gemology-cosmetics.ch\/de\/wp-json\/wp\/v2\/product\/29185","targetHints":{"allow":["GET"]}}],"collection":[{"href":"https:\/\/gemology-cosmetics.ch\/de\/wp-json\/wp\/v2\/product"}],"about":[{"href":"https:\/\/gemology-cosmetics.ch\/de\/wp-json\/wp\/v2\/types\/product"}],"replies":[{"embeddable":true,"href":"https:\/\/gemology-cosmetics.ch\/de\/wp-json\/wp\/v2\/comments?post=29185"}],"version-history":[{"count":0,"href":"https:\/\/gemology-cosmetics.ch\/de\/wp-json\/wp\/v2\/product\/29185\/revisions"}],"wp:featuredmedia":[{"embeddable":true,"href":"https:\/\/gemology-cosmetics.ch\/de\/wp-json\/wp\/v2\/media\/29182"}],"wp:attachment":[{"href":"https:\/\/gemology-cosmetics.ch\/de\/wp-json\/wp\/v2\/media?parent=29185"}],"wp:term":[{"taxonomy":"product_brand","embeddable":true,"href":"https:\/\/gemology-cosmetics.ch\/de\/wp-json\/wp\/v2\/product_brand?post=29185"},{"taxonomy":"product_cat","embeddable":true,"href":"https:\/\/gemology-cosmetics.ch\/de\/wp-json\/wp\/v2\/product_cat?post=29185"},{"taxonomy":"product_tag","embeddable":true,"href":"https:\/\/gemology-cosmetics.ch\/de\/wp-json\/wp\/v2\/product_tag?post=29185"}],"curies":[{"name":"wp","href":"https:\/\/api.w.org\/{rel}","templated":true}]}}