{"id":29190,"date":"2020-06-30T14:15:55","date_gmt":"2020-06-30T14:15:55","guid":{"rendered":"https:\/\/gemology-cosmetics.ch\/produit\/delice-de-peridot-huile-visage-relaxante\/"},"modified":"2025-09-17T08:04:09","modified_gmt":"2025-09-17T08:04:09","slug":"delice-de-peridot-huile-visage-relaxante","status":"publish","type":"product","link":"https:\/\/gemology-cosmetics.ch\/de\/produkt\/delice-de-peridot-huile-visage-relaxante\/","title":{"rendered":"Peridot Delight \u2013 Entspannendes Gesichts\u00f6l"},"content":{"rendered":"<p><strong>Gebrauchsanweisung:<\/strong> Morgens und\/oder abends ein bis zwei Pumpst\u00f6\u00dfe unter Ihrer gewohnten Pflegecreme auftragen.<\/p>\n<p><strong>Textur:<\/strong> \u00d6l<\/p>\n<p><strong>Wertvolle Verm\u00f6genswerte:<\/strong> <\/p>\n<p>\u2013 <strong>Mineralien: <\/strong>Peridot<\/p>\n<p><strong>- Andere :<\/strong> Hyalurons\u00e4ure<\/p>\n<ul>\n<li>Peridot ist reich an Magnesium. Dieses Spurenelement erh\u00f6ht das intrazellul\u00e4re Energieniveau und wirkt somit gegen Stress. Es reduziert die vorzeitige Hautalterung um 42%<strong>*<\/strong>.<\/li>\n<\/ul>\n<p><strong><em>*In-vitro-Test<\/em> <\/strong><br \/> Hyalurons\u00e4ure, ein kraftvoller Feuchtigkeitsspender, verleiht der Formel eine einzigartige Textur f\u00fcr einen weichen Effekt und t\u00e4glich neues Vergn\u00fcgen.<\/p>\n<p>Pflege garantiert parabenfrei, alkoholfrei und propylenglykolfrei.<\/p>\n<p><strong>Zutaten:<\/strong><\/p>\n<p>DICAPRYLYLCARBONAT, CAPRYLIC\/CAPRIC TRIGLYCERID, SQUALAN, MACADAMIA INTEGRIFOLIA-SAMEN\u00d6L, GOSSYPIUM HERBACEUM-SAMEN\u00d6L, POLYGLYCERYL-3-DIISOSTEARAT, PRUNUS ARMENIACA (APRIKOSEN)-KERN\u00d6L, ELAEIS-FRUCHT\u00d6L, PARFUM* (DUFTSTOFF), LIMONEN, AQUA (WASSER \/ EAU), TOCOPHERYLACETAT, CITRONELLOL, GERANIOL, TOCOPHEROL, GLYCINE SOJA (SOJA\u00d6L), OLIVINEXTRAKT, PHENOXYETHANOL, NATRIUMBISULFIT.<\/p>","protected":false},"excerpt":{"rendered":"<p>La Pierre de P\u00e9ridot, riche en Magn\u00e9sium, est associ\u00e9e aux Huiles Essentielles de Bois de Cadier, de Pamplemousse et de Rose. Celles-ci augmentent la synth\u00e8se du Collag\u00e8ne et de l&rsquo;ATP (source d&rsquo;\u00e9nergie de nos cellules) pour un effet anti-\u00e2ge et anti-stress prouv\u00e9.<\/p>\n<p><strong>Ergebnisse:<\/strong> La peau est hydrat\u00e9e, plus ferme et tonique.<\/p>\n<p><strong>Ideal f\u00fcr:<\/strong> Les peaux d\u00e9shydrat\u00e9es, stress\u00e9es et marqu\u00e9es par les signes du temps.<\/p>\n<p>Flacon Pompe 30 ml<\/p>","protected":false},"featured_media":29186,"comment_status":"open","ping_status":"closed","template":"","meta":[],"product_brand":[181],"product_cat":[218,223,240,202,200],"product_tag":[],"class_list":{"0":"post-29190","1":"product","2":"type-product","3":"status-publish","4":"has-post-thumbnail","6":"product_brand-gemology","7":"product_cat-concentres-serum-et-huile-soins","8":"product_cat-huiles-visage","9":"product_cat-peaux-seches-soins","10":"product_cat-soins","11":"product_cat-tous-les-produits","13":"first","14":"instock","15":"taxable","16":"shipping-taxable","17":"purchasable","18":"product-type-simple"},"_links":{"self":[{"href":"https:\/\/gemology-cosmetics.ch\/de\/wp-json\/wp\/v2\/product\/29190","targetHints":{"allow":["GET"]}}],"collection":[{"href":"https:\/\/gemology-cosmetics.ch\/de\/wp-json\/wp\/v2\/product"}],"about":[{"href":"https:\/\/gemology-cosmetics.ch\/de\/wp-json\/wp\/v2\/types\/product"}],"replies":[{"embeddable":true,"href":"https:\/\/gemology-cosmetics.ch\/de\/wp-json\/wp\/v2\/comments?post=29190"}],"version-history":[{"count":0,"href":"https:\/\/gemology-cosmetics.ch\/de\/wp-json\/wp\/v2\/product\/29190\/revisions"}],"wp:featuredmedia":[{"embeddable":true,"href":"https:\/\/gemology-cosmetics.ch\/de\/wp-json\/wp\/v2\/media\/29186"}],"wp:attachment":[{"href":"https:\/\/gemology-cosmetics.ch\/de\/wp-json\/wp\/v2\/media?parent=29190"}],"wp:term":[{"taxonomy":"product_brand","embeddable":true,"href":"https:\/\/gemology-cosmetics.ch\/de\/wp-json\/wp\/v2\/product_brand?post=29190"},{"taxonomy":"product_cat","embeddable":true,"href":"https:\/\/gemology-cosmetics.ch\/de\/wp-json\/wp\/v2\/product_cat?post=29190"},{"taxonomy":"product_tag","embeddable":true,"href":"https:\/\/gemology-cosmetics.ch\/de\/wp-json\/wp\/v2\/product_tag?post=29190"}],"curies":[{"name":"wp","href":"https:\/\/api.w.org\/{rel}","templated":true}]}}