{"id":29192,"date":"2020-06-30T14:15:55","date_gmt":"2020-06-30T14:15:55","guid":{"rendered":"https:\/\/gemology-cosmetics.ch\/produit\/masque-mineral-peaux-mixtes\/"},"modified":"2025-09-17T08:04:09","modified_gmt":"2025-09-17T08:04:09","slug":"masque-mineral-peaux-mixtes","status":"publish","type":"product","link":"https:\/\/gemology-cosmetics.ch\/de\/produkt\/masque-mineral-peaux-mixtes\/","title":{"rendered":"Mineralmaske f\u00fcr Mischhaut"},"content":{"rendered":"<p><strong>Gebrauchsanweisung:<\/strong> Tragen Sie eine d\u00fcnne Schicht der Maske auf saubere, trockene Haut auf Gesicht und Hals auf und vermeiden Sie dabei die Augenpartie. Nach 10 Minuten mit kaltem Wasser entfernen.<br \/><strong><br \/>Textur: <\/strong>Schmelzende Sahne<\/p>\n<p><strong>Wertvolle Verm\u00f6genswerte:<\/strong> <\/p>\n<p>\u2013 <strong>Mineralien:<\/strong> Amethyst, Roter Jaspis<br \/><strong><br \/>- Pflanzen:<\/strong> Kletten-, Ananas-, Melonen\u00f6l.<\/p>\n<ul>\n<li>Amethyst und Roter Jaspis sind beides Steine, die reich an Silizium sind. Dieses Spurenelement f\u00f6rdert die Kollagensynthese und st\u00e4rkt die Elastizit\u00e4t.<\/li>\n<li>Klette ist f\u00fcr ihre antiseborrhoischen Eigenschaften bekannt.<\/li>\n<li>Ananas hat antiseptische und antioxidative Eigenschaften, die bei der Bek\u00e4mpfung freier Radikale helfen.<\/li>\n<li>Melonen\u00f6l ist ein Zellstimulans, das f\u00fcr einen strahlenden Teint sorgt.<\/li>\n<\/ul>\n<p>Pflege garantiert parabenfrei, alkoholfrei und propylenglykolfrei.<\/p>\n<p><strong>Zutaten:<\/strong><\/p>\n<p>AQUA (WASSER), DICAPRYLYLCARBONAT, GLYCERIN, CAPRYLIC\/CAPRIC TRIGLYCERIDE, CERA ALBA (BIENENWACHS), THEOBROMA CACAO (KAKAO)-SAMENBUTTER, CETEARYLALKOHOL, TAPIOKAST\u00c4RKE, MANGIFERA INDICA (MANGO)-SAMENBUTTER, GLYCERYLSTEARAT, OLEIC\/LINOLEIC\/LINOLENIC POLYGLYCERIDE, KALIUMPALMITOYL HYDROLYSIERTES WEIZENPROTEIN, CITRULLUS LANATUS (WASSERMELONE)-SAMEN\u00d6L, PARFUM (DUFTSTOFF), CHLORPHENESIN, BENZYLALKOHOL, ZINK PCA, XANTHANGUMMI, ARCTIUM MAJUS WURZELEXTRAKT, TOCOPHERYLACETAT, POLYMETHYLSILESQUIOXAN, CANDIDA BOMBICOLA \/ GLUCOSE \/ METHYL Rapssamenferment, Ananas-Saativus-Fruchtextrakt, Turmalin, Maltodextrin, Amethystpulver, Kiesels\u00e4ure (Jaspisextrakt), Leptospermum-Scoparium-Blattextrakt, Dehydroessigs\u00e4ure, Natriumhydroxid, Caprylylglykol, Rosa-Gallica-Bl\u00fctenextrakt, Kaliumsorbat, CI 17200 (Rot 33), Pentapeptid-18, Benzylsalicylat, Benzylbenzoat, Linalool, D-Limonen, Hydroxycitronellal, Hexylzimt<\/p>","protected":false},"excerpt":{"rendered":"<p>Riche en Am\u00e9thyste et Jaspe Rouge, le masque nettoie et purifie la peau gr\u00e2ce \u00e0 son pouvoir d&rsquo;absorption remarquable. Il restaure l&rsquo;\u00e9clat de la peau, la prot\u00e8ge des agressions quotidiennes et matifie le teint. <\/p>\n<p><strong>Ergebnisse:<\/strong> Le s\u00e9bum est absorb\u00e9. Le teint est matifi\u00e9, purifi\u00e9 et lumineux. Les pores sont \u00e9galement resserr\u00e9s.<\/p>\n<p><strong>Ideal f\u00fcr:<\/strong> Les peaux mixtes \u00e0 grasses avec pores dilat\u00e9s. <\/p>\n<p>50-ml-Glas<\/p>","protected":false},"featured_media":29191,"comment_status":"open","ping_status":"closed","template":"","meta":[],"product_brand":[181],"product_cat":[230,242,202,200],"product_tag":[],"class_list":{"0":"post-29192","1":"product","2":"type-product","3":"status-publish","4":"has-post-thumbnail","6":"product_brand-gemology","7":"product_cat-gommages-et-masques-soins","8":"product_cat-peaux-mixtes-a-grasses-soins","9":"product_cat-soins","10":"product_cat-tous-les-produits","12":"first","13":"instock","14":"taxable","15":"shipping-taxable","16":"purchasable","17":"product-type-simple"},"_links":{"self":[{"href":"https:\/\/gemology-cosmetics.ch\/de\/wp-json\/wp\/v2\/product\/29192","targetHints":{"allow":["GET"]}}],"collection":[{"href":"https:\/\/gemology-cosmetics.ch\/de\/wp-json\/wp\/v2\/product"}],"about":[{"href":"https:\/\/gemology-cosmetics.ch\/de\/wp-json\/wp\/v2\/types\/product"}],"replies":[{"embeddable":true,"href":"https:\/\/gemology-cosmetics.ch\/de\/wp-json\/wp\/v2\/comments?post=29192"}],"version-history":[{"count":0,"href":"https:\/\/gemology-cosmetics.ch\/de\/wp-json\/wp\/v2\/product\/29192\/revisions"}],"wp:featuredmedia":[{"embeddable":true,"href":"https:\/\/gemology-cosmetics.ch\/de\/wp-json\/wp\/v2\/media\/29191"}],"wp:attachment":[{"href":"https:\/\/gemology-cosmetics.ch\/de\/wp-json\/wp\/v2\/media?parent=29192"}],"wp:term":[{"taxonomy":"product_brand","embeddable":true,"href":"https:\/\/gemology-cosmetics.ch\/de\/wp-json\/wp\/v2\/product_brand?post=29192"},{"taxonomy":"product_cat","embeddable":true,"href":"https:\/\/gemology-cosmetics.ch\/de\/wp-json\/wp\/v2\/product_cat?post=29192"},{"taxonomy":"product_tag","embeddable":true,"href":"https:\/\/gemology-cosmetics.ch\/de\/wp-json\/wp\/v2\/product_tag?post=29192"}],"curies":[{"name":"wp","href":"https:\/\/api.w.org\/{rel}","templated":true}]}}