{"id":29196,"date":"2020-06-30T14:15:55","date_gmt":"2020-06-30T14:15:55","guid":{"rendered":"https:\/\/gemology-cosmetics.ch\/produit\/masque-jeunesse-diamant\/"},"modified":"2025-09-17T08:04:09","modified_gmt":"2025-09-17T08:04:09","slug":"masque-jeunesse-diamant","status":"publish","type":"product","link":"https:\/\/gemology-cosmetics.ch\/de\/produkt\/masque-jeunesse-diamant\/","title":{"rendered":"Diamant-Jugendmaske"},"content":{"rendered":"<p><strong>Gebrauchsanweisung:<\/strong> Auf die gereinigte Haut eine d\u00fcnne Schicht auf Gesicht und Hals auftragen, Augenpartie aussparen. Nach 20 Minuten bildet sich ein Film auf der Hautoberfl\u00e4che. Die Wirkstoffe einmassieren und wie eine Nachtcreme auf der Haut belassen. Am n\u00e4chsten Morgen mit kaltem Wasser absp\u00fclen.<\/p>\n<p><strong>Textur:<\/strong> Creme wird zu Balsam.<\/p>\n<p><strong>Wertvolle Verm\u00f6genswerte:<\/strong> <\/p>\n<p>\u2013 <strong>Mineralien: <\/strong>Diamant, Turmalin<br \/><strong><br \/>- Andere :<\/strong> Peptid<\/p>\n<ul>\n<li>Diamant ist ein Mineral, das f\u00fcr seinen \u201eWeichzeichner\u201c-Effekt bekannt ist: Dank seines sehr hohen Brechungsindex f\u00e4ngt Diamant Licht ein und streut es, wodurch Unregelm\u00e4\u00dfigkeiten verwischt werden. Diamant sorgt so durch die Lichtreflexion f\u00fcr eine sichtbare Reduzierung von F\u00e4ltchen.<\/li>\n<li>Turmalin wird in Form von Mikropartikeln verwendet, die die Hauttemperatur um 0,5 \u00b0C erh\u00f6hen. Dieser thermische Effekt verbessert die Mikrozirkulation und somit die Ern\u00e4hrung und Sauerstoffversorgung der Haut.<\/li>\n<li>Syn-coll Peptide ist ein biotechnologisch gewonnenes Peptid. Dieses Peptid f\u00f6rdert die Kollagensynthese, verdichtet die Haut und stellt ihr Volumen wieder her.<\/li>\n<\/ul>\n<p>Pflege garantiert parabenfrei, alkoholfrei und propylenglykolfrei.<\/p>\n<p><strong><br \/>Zutaten:<\/strong><\/p>\n<p>AQUA (WASSER), GLYCERIN, DIMETHICON, OCTYLDODECYLMYRISTAT, SQUALAN, CETYLALKOHOL, BUTYROSPERMUM PARKII (SHEA)-BUTTER, CERA ALBA (BIENENWACHS), GLYCERYLSTEARAT, CYCLOPENTASILOXAN, ADANSONIA DIGITATA (SAMEN)-\u00d6L, CETEARYLALKOHOL, PEG-75-STEARAT, CETETH-20, STEARETH-20, NATRIUMACRYLAT\/NATRIUMACRYLOYLDIMETHYLTAURAT-COPOLYMER, CYCLOHEXASILOXAN, CHLORPHENESIN, BENZYLALKOHOL, PARFUM (DUFTSTOFF), ISOHEXADECAN, ACRYLATE\/C10-30-ALKYLACRYLAT-CROSSPOLYMER, NATRIUMHYALURONAT, TOCOPHERYLACETAT, POLYSORBAT 80, EUPHORBIA HIRTA-EXTRAKT, PHALAENOPSIS AMABILIS-EXTRAKT, TURMALIN, MALTODEXTRIN, ADANSONIA DIGITATA-PULPEEXTRAKT, SORBITANOLEAT, \u2026<\/p>","protected":false},"excerpt":{"rendered":"<p>Boostez votre peau en 20 minutes seulement avec le Masque Jeunesse Diamant de Gemology.<\/p>\n<p>Gorg\u00e9 de puissants actifs, le Masque Jeunesse Diamant a une action hydratante, anti-rides et anti-fatigue. Boostant la production de collag\u00e8ne cutan\u00e9, la peau est liss\u00e9e et regalb\u00e9e, le teint est lumineux.<\/p>\n<p><strong>Ergebnisse:<\/strong> La peau est liss\u00e9e, rides et ridules s&rsquo;estompent, les traits sont redessin\u00e9s. Le teint est lumineux et \u00e9clatant.<\/p>\n<p><strong>Ideal f\u00fcr:<\/strong> Les peaux matures et fatigu\u00e9es.<\/p>\n<p>50-ml-Glas<\/p>","protected":false},"featured_media":29193,"comment_status":"open","ping_status":"closed","template":"","meta":[],"product_brand":[181],"product_cat":[246,230,202,200],"product_tag":[],"class_list":{"0":"post-29196","1":"product","2":"type-product","3":"status-publish","4":"has-post-thumbnail","6":"product_brand-gemology","7":"product_cat-anti-age-soins","8":"product_cat-gommages-et-masques-soins","9":"product_cat-soins","10":"product_cat-tous-les-produits","12":"first","13":"instock","14":"taxable","15":"shipping-taxable","16":"purchasable","17":"product-type-simple"},"_links":{"self":[{"href":"https:\/\/gemology-cosmetics.ch\/de\/wp-json\/wp\/v2\/product\/29196","targetHints":{"allow":["GET"]}}],"collection":[{"href":"https:\/\/gemology-cosmetics.ch\/de\/wp-json\/wp\/v2\/product"}],"about":[{"href":"https:\/\/gemology-cosmetics.ch\/de\/wp-json\/wp\/v2\/types\/product"}],"replies":[{"embeddable":true,"href":"https:\/\/gemology-cosmetics.ch\/de\/wp-json\/wp\/v2\/comments?post=29196"}],"version-history":[{"count":0,"href":"https:\/\/gemology-cosmetics.ch\/de\/wp-json\/wp\/v2\/product\/29196\/revisions"}],"wp:featuredmedia":[{"embeddable":true,"href":"https:\/\/gemology-cosmetics.ch\/de\/wp-json\/wp\/v2\/media\/29193"}],"wp:attachment":[{"href":"https:\/\/gemology-cosmetics.ch\/de\/wp-json\/wp\/v2\/media?parent=29196"}],"wp:term":[{"taxonomy":"product_brand","embeddable":true,"href":"https:\/\/gemology-cosmetics.ch\/de\/wp-json\/wp\/v2\/product_brand?post=29196"},{"taxonomy":"product_cat","embeddable":true,"href":"https:\/\/gemology-cosmetics.ch\/de\/wp-json\/wp\/v2\/product_cat?post=29196"},{"taxonomy":"product_tag","embeddable":true,"href":"https:\/\/gemology-cosmetics.ch\/de\/wp-json\/wp\/v2\/product_tag?post=29196"}],"curies":[{"name":"wp","href":"https:\/\/api.w.org\/{rel}","templated":true}]}}