{"id":29199,"date":"2020-06-30T14:15:55","date_gmt":"2020-06-30T14:15:55","guid":{"rendered":"https:\/\/gemology-cosmetics.ch\/produit\/masque-gel-diamant-x-3\/"},"modified":"2025-09-17T08:04:10","modified_gmt":"2025-09-17T08:04:10","slug":"masque-gel-diamant-x-3","status":"publish","type":"product","link":"https:\/\/gemology-cosmetics.ch\/de\/produkt\/masque-gel-diamant-x-3\/","title":{"rendered":"Diamant-Gelmaske x 3"},"content":{"rendered":"<p><strong>Gebrauchsanweisung:<\/strong> Schutzfolie entfernen. Beide Teile auf das gereinigte Gesicht legen. 30 Minuten einwirken lassen und das restliche Produkt einmassieren, bis es vollst\u00e4ndig eingezogen ist.<\/p>\n<p><strong>Textur:<\/strong> einfrieren<\/p>\n<p><strong>Wertvolle Verm\u00f6genswerte:<br \/><\/strong> <br \/>\u2013 <strong>Mineralien:<\/strong> Diamant, Smithsonit, Perle, Jade<br \/><strong><br \/>- Pflanzen:<\/strong> Kirschbl\u00fcte, Orange, Pfefferminze<br \/><strong><br \/>- Andere :<\/strong> Vitamin PP, Vitamin C, Vitamin E, Vitamin B5, Adenosin, Hyalurons\u00e4ure.<\/p>\n<ul>\n<li>Diamant ist ein Mineral, das f\u00fcr seinen \u201eSoft Focus\u201c-Effekt bekannt ist: ein physikalischer Photolumineszenzeffekt, der f\u00fcr einen sofortigen strahlenden und gl\u00e4ttenden Effekt sorgt und F\u00e4ltchen und feine Linien sichtbar reduziert.<\/li>\n<li>Smithsonit ist ein Stein, der reich an Zink ist. Dieses Spurenelement ist ein kraftvoller regenerierender, sch\u00fctzender und weichmachender Wirkstoff.<\/li>\n<li>Perlen sind reich an Kalzium. Dieses Spurenelement wirkt zellstimulierend und hat eine aufhellende Wirkung.<\/li>\n<li>Jade ist reich an Silizium und Eisen. Diese beiden Spurenelemente f\u00f6rdern jeweils:\n<ul>\n<li>die Produktion von Kollagen in Zellen<\/li>\n<li>Schutz der oxidierenden Umgebung.<\/li>\n<li>Vitamin PP: verbessert die Gleichm\u00e4\u00dfigkeit<\/li>\n<li>Vitamin C hat aufhellende Eigenschaften, stellt die Ausstrahlung wieder her<\/li>\n<li>Vitamin E ist bekannt als Wirkstoff gegen freie Radikale und besitzt <br \/>regenerierende und revitalisierende Eigenschaften.<\/li>\n<\/ul>\n<\/li>\n<\/ul>\n<p>Pflege garantiert parabenfrei, alkoholfrei und propylenglykolfrei.<\/p>\n<p><strong>Zutaten:<\/strong><\/p>\n<p>AQUA (WASSER), DIPROPYLENGLYKOL, GLYCERIN, METHYLPROPANDIOL, NIACINAMID, PROPANDIOL, GLYCERETH-26, CHONDRUS CRISPUS (CARRAGEEN), CERATONIA SILIQUA (JOHNSCHWEINEFLEISCH), OLEA EUROPAEA (OLIVENFRUCHT\u00d6L), GLUCOMANNAN, POLYACRYLAT-13, BUTYLENGLYKOL, NATRIUMPOLYACRYLAT, CELLULOSEGUMMI, BETAIN, ALLANTOIN, CHLORPHENESIN, POLYISOBUTEN, POLYSORBAT 20, SACCROSE, 1,2-HEXANDIOL, ADENOSIN, CALCIUM-NATRIUM-BOROSILIKAT, ZINGIBER OFFICINALE (INGWER) WURZELEXTRAKT, COPTIS JAPONICA WURZELEXTRAKT, CAMELLIA SINENSIS BLATT EXTRAKT, GLYCYRRHIZA GLABRA (S\u00dcSSHOLZ) WURZELEXTRAKT, SCHIZANDRA CHINENSIS FRUCHTEXTRAKT, DINATRIUM EDTA, DIKALIUMGLYCYRRHIZAT, CITRUS GRANDIS (GRAPEFRUIT) SAMENEXTRAKT, GLIMMER, PARFUM (DUFTSTOFF), TITANDIOXID, SORBITAN-ISOSTEARAT, DEXTRIN, ACORUS CALAMUS WURZELEXTRAKT, DIAMANTPULVER, CAPRYLYLGLYKOL, SMITHSONITEXTRAKT, LEUCONOSTOC\/RETTICHWURZELFERMENTFILTRAT, PERILLA OCYMOIDES BLATTEXTRAKT, NEPHRITPULVER<\/p>","protected":false},"excerpt":{"rendered":"<p>Gemology met toute son innovation anti-\u00e2ge au service de votre beaut\u00e9 avec la Masque Gel Diamant.<\/p>\n<p>V\u00e9ritable concentr\u00e9 d&rsquo;actifs et d&rsquo;oligo-\u00e9l\u00e9ments issus du Diamant, de la Smithsonite et de la Perle il offre \u00e0 votre visage un soin complet et int\u00e9gral anti-\u00e2ge, hydratant et protecteur.\u00a0 Id\u00e9al pour : Tous les types de peaux matures.\u00a0 Boite de 3 masques individuels.<\/p>\n<p><strong>Ergebnisse:<\/strong> L&rsquo;\u00e9clat du teint est raviv\u00e9, les rides et ridules sont visiblement estomp\u00e9es. La peau est liss\u00e9e et hydrat\u00e9e.<\/p>\n<p><strong>Ideal f\u00fcr:<\/strong> Alle Arten reifer Haut.<\/p>\n<p>Boite de 3 masques individuels<\/p>","protected":false},"featured_media":29197,"comment_status":"open","ping_status":"closed","template":"","meta":[],"product_brand":[181],"product_cat":[246,230,226,206,202,200],"product_tag":[],"class_list":{"0":"post-29199","1":"product","2":"type-product","3":"status-publish","4":"has-post-thumbnail","6":"product_brand-gemology","7":"product_cat-anti-age-soins","8":"product_cat-gommages-et-masques-soins","9":"product_cat-idees-cadeaux-nos-selections","10":"product_cat-nos-selections","11":"product_cat-soins","12":"product_cat-tous-les-produits","14":"first","15":"instock","16":"taxable","17":"shipping-taxable","18":"purchasable","19":"product-type-simple"},"_links":{"self":[{"href":"https:\/\/gemology-cosmetics.ch\/de\/wp-json\/wp\/v2\/product\/29199","targetHints":{"allow":["GET"]}}],"collection":[{"href":"https:\/\/gemology-cosmetics.ch\/de\/wp-json\/wp\/v2\/product"}],"about":[{"href":"https:\/\/gemology-cosmetics.ch\/de\/wp-json\/wp\/v2\/types\/product"}],"replies":[{"embeddable":true,"href":"https:\/\/gemology-cosmetics.ch\/de\/wp-json\/wp\/v2\/comments?post=29199"}],"version-history":[{"count":0,"href":"https:\/\/gemology-cosmetics.ch\/de\/wp-json\/wp\/v2\/product\/29199\/revisions"}],"wp:featuredmedia":[{"embeddable":true,"href":"https:\/\/gemology-cosmetics.ch\/de\/wp-json\/wp\/v2\/media\/29197"}],"wp:attachment":[{"href":"https:\/\/gemology-cosmetics.ch\/de\/wp-json\/wp\/v2\/media?parent=29199"}],"wp:term":[{"taxonomy":"product_brand","embeddable":true,"href":"https:\/\/gemology-cosmetics.ch\/de\/wp-json\/wp\/v2\/product_brand?post=29199"},{"taxonomy":"product_cat","embeddable":true,"href":"https:\/\/gemology-cosmetics.ch\/de\/wp-json\/wp\/v2\/product_cat?post=29199"},{"taxonomy":"product_tag","embeddable":true,"href":"https:\/\/gemology-cosmetics.ch\/de\/wp-json\/wp\/v2\/product_tag?post=29199"}],"curies":[{"name":"wp","href":"https:\/\/api.w.org\/{rel}","templated":true}]}}