{"id":29201,"date":"2020-06-30T14:15:55","date_gmt":"2020-06-30T14:15:55","guid":{"rendered":"https:\/\/gemology-cosmetics.ch\/produit\/contour-des-yeux\/"},"modified":"2026-02-06T15:17:57","modified_gmt":"2026-02-06T15:17:57","slug":"contour-des-yeux","status":"publish","type":"product","link":"https:\/\/gemology-cosmetics.ch\/de\/produkt\/contour-des-yeux\/","title":{"rendered":"Augenkontur"},"content":{"rendered":"<p><strong>Gebrauchsanweisung:<\/strong> Morgens und abends eine kleine Menge auf die Augenpartie und Kr\u00e4henf\u00fc\u00dfe auftragen. In einer dickeren Schicht kann es auch als Maske verwendet werden (Einwirkzeit 15 Min.).<\/p>\n<p><strong>Textur:<\/strong> Emulsion<\/p>\n<p><strong>Wertvolle Verm\u00f6genswerte:<\/p>\n<p><\/strong><\/p>\n<p>\u2013<strong> Mineralien:<\/strong> Rosenquarz, Diamant<\/p>\n<p>\u2013 <strong>Spurenelement:<\/strong> Silizium<\/p>\n<p><strong><\/p>\n<p>- Andere :<\/strong> Tetrapeptid, Vitamin E<\/p>\n<ul>\n<li>Rosenquarz ist reich an Silizium. Dieses Spurenelement f\u00f6rdert die Kollagensynthese und verbessert die Hautelastizit\u00e4t.<\/li>\n<li>Tetrapeptid hat abschwellende Eigenschaften und reduziert Schwellungen unter den Augen.<\/li>\n<li>Vitamin E ist als Wirkstoff gegen freie Radikale bekannt und verf\u00fcgt \u00fcber regenerierende und revitalisierende Eigenschaften.<\/li>\n<\/ul>\n<p>Pflege garantiert parabenfrei, alkoholfrei und propylenglykolfrei.<\/p>\n<p><strong><\/p>\n<p>Zutaten:<\/strong><\/p>\n<p>AQUA (WASSER), OCTYLDODECYLMYRISTAT, GLYCERIN, TRIBEHENIN PEG-20 ESTER, CAPRYLIC CAPRIC TRIGLYCERIDE, DIMETHICONE, CETYLALKOHOL, BUTYLENGLYKOL, CHLORPHENESIN, BENZYLALKOHOL, ACRYLATE\/C10-30 ALKYLACRYLAT-CROSSPOLYMER, XANTHANGUMMI, QUARZ, TOCOPHERYLACETAT, ADENOSIN, DEHYDROESSIGS\u00c4URE, NATRIUMHYDROXID, DIAMANTPULVER, ACETYLTETRAPEPTID-5<\/p>","protected":false},"excerpt":{"rendered":"<p>Verabschieden Sie sich von Augenringen und Tr\u00e4nens\u00e4cken mit unserer Anti-M\u00fcdigkeits-Augenkonturcreme.<\/p>\n<p>Rosenquarz, reich an Silizium, f\u00f6rdert die Kollagenbildung und verbessert die Hautelastizit\u00e4t der Augenpartie. Tetrapeptide wirken abschwellend und reduzieren Schwellungen. Vitamin E regeneriert und revitalisiert die zarte Haut um die Augen.<\/p>\n<p><strong>Ergebnisse:<\/strong> Schwellungen werden reduziert. Feine Linien und Augenringe verblassen.<\/p>\n<p><strong>Ideal f\u00fcr:<\/strong> Alle Hauttypen.<\/p>\n<p>15 ml Pumpflasche<\/p>","protected":false},"featured_media":30074,"comment_status":"open","ping_status":"closed","template":"","meta":[],"product_brand":[181],"product_cat":[218,230,238,250,242,240,248,232,202,200,228],"product_tag":[],"class_list":{"0":"post-29201","1":"product","2":"type-product","3":"status-publish","4":"has-post-thumbnail","6":"product_brand-gemology","7":"product_cat-concentres-serum-et-huile-soins","8":"product_cat-gommages-et-masques-soins","9":"product_cat-nettoyants-et-specifiques-soins","10":"product_cat-peaux-jeunes-soins","11":"product_cat-peaux-mixtes-a-grasses-soins","12":"product_cat-peaux-seches-soins","13":"product_cat-peaux-ternes-soins","14":"product_cat-pour-l-homme-soins","15":"product_cat-soins","16":"product_cat-tous-les-produits","17":"product_cat-yeux-et-levres-soins","19":"first","20":"instock","21":"taxable","22":"shipping-taxable","23":"purchasable","24":"product-type-simple"},"_links":{"self":[{"href":"https:\/\/gemology-cosmetics.ch\/de\/wp-json\/wp\/v2\/product\/29201","targetHints":{"allow":["GET"]}}],"collection":[{"href":"https:\/\/gemology-cosmetics.ch\/de\/wp-json\/wp\/v2\/product"}],"about":[{"href":"https:\/\/gemology-cosmetics.ch\/de\/wp-json\/wp\/v2\/types\/product"}],"replies":[{"embeddable":true,"href":"https:\/\/gemology-cosmetics.ch\/de\/wp-json\/wp\/v2\/comments?post=29201"}],"version-history":[{"count":1,"href":"https:\/\/gemology-cosmetics.ch\/de\/wp-json\/wp\/v2\/product\/29201\/revisions"}],"predecessor-version":[{"id":30075,"href":"https:\/\/gemology-cosmetics.ch\/de\/wp-json\/wp\/v2\/product\/29201\/revisions\/30075"}],"wp:featuredmedia":[{"embeddable":true,"href":"https:\/\/gemology-cosmetics.ch\/de\/wp-json\/wp\/v2\/media\/30074"}],"wp:attachment":[{"href":"https:\/\/gemology-cosmetics.ch\/de\/wp-json\/wp\/v2\/media?parent=29201"}],"wp:term":[{"taxonomy":"product_brand","embeddable":true,"href":"https:\/\/gemology-cosmetics.ch\/de\/wp-json\/wp\/v2\/product_brand?post=29201"},{"taxonomy":"product_cat","embeddable":true,"href":"https:\/\/gemology-cosmetics.ch\/de\/wp-json\/wp\/v2\/product_cat?post=29201"},{"taxonomy":"product_tag","embeddable":true,"href":"https:\/\/gemology-cosmetics.ch\/de\/wp-json\/wp\/v2\/product_tag?post=29201"}],"curies":[{"name":"wp","href":"https:\/\/api.w.org\/{rel}","templated":true}]}}