{"id":29205,"date":"2020-06-30T14:15:55","date_gmt":"2020-06-30T14:15:55","guid":{"rendered":"https:\/\/gemology-cosmetics.ch\/produit\/contour-des-yeux-jeunesse-diamant\/"},"modified":"2025-09-17T08:04:10","modified_gmt":"2025-09-17T08:04:10","slug":"contour-des-yeux-jeunesse-diamant","status":"publish","type":"product","link":"https:\/\/gemology-cosmetics.ch\/de\/produkt\/contour-des-yeux-jeunesse-diamant\/","title":{"rendered":"Diamond Youth Augenkontur"},"content":{"rendered":"<p><strong>Gebrauchsanweisung:<\/strong> Morgens und abends eine kleine Menge auf die Augenpartie, Kr\u00e4henf\u00fc\u00dfe und Zornesfalten auftragen. In einer dickeren Schicht kann es auch als Maske verwendet werden (Einwirkzeit 15 Minuten).<\/p>\n<p><strong>Textur:<\/strong> Emulsion<strong>\u00a0:<\/strong><\/p>\n<p><strong>Wertvolle Verm\u00f6genswerte:<\/strong><\/p>\n<p><strong>\u2013 Mineralien: Diamant<\/strong><br \/><strong><br \/>\u2013 Sonstiges: Bisabolol, Peptide<\/strong><\/p>\n<ul>\n<li>Diamant ist ein Mineral, das f\u00fcr seinen Weichzeichnereffekt bekannt ist: Dank seines sehr hohen Brechungsindex f\u00e4ngt Diamant Licht ein und streut es, wodurch Unregelm\u00e4\u00dfigkeiten verwischt werden. Diamant sorgt somit durch Lichtbeugung f\u00fcr eine sichtbare Reduzierung von F\u00e4ltchen.<\/li>\n<li>Nat\u00fcrliches Bisabolol (Candeiaholzextrakt) ist ein Wirkstoff mit beruhigenden und lindernden Eigenschaften.<\/li>\n<li>Peptide:\n<ul>\n<li>Syn-Coll ist ein biotechnologisch gewonnenes Peptid. Dieses Peptid f\u00f6rdert die Kollagensynthese und verdichtet die Haut, indem es ihr Volumen wiederherstellt.<\/li>\n<li>Eyeseril ist ein Peptid mit nachgewiesener Wirkung gegen Augenringe und Schwellungen.<\/li>\n<\/ul>\n<\/li>\n<\/ul>\n<p>Pflege garantiert parabenfrei, alkoholfrei und propylenglykolfrei.<\/p>\n<\/p>\n<p><strong>Zutaten:<\/strong><\/p>\n<p>AQUA (WASSER), GLYCERIN, TRIBEHENIN PEG-20 ESTER, OCTYLDODECYLMYRISTAT, CAPRYLIC CAPRIC TRIGLYCERIDE, DIMETHICONE, BUTYLENGLYKOL, CETYLALKOHOL, PHENOXYETHANOL, BISABOLOL, NATRIUMACRYLAT\/NATRIUMACRYLOYLDIMETHYLTAURATE-COPOLYMER, DIAMANTPULVER, ISOHEXADECAN, CAPRYLYLGLYKOL, CHLORPHENESIN, ACRYLATE\/C10-30 ALKYLACRYLAT-CROSSPOLYMER, PALMITOYLTRIPEPTID-5, NATRIUMHYDROXID, ACETYLTETRAPEPTID-5<\/p><\/p>","protected":false},"excerpt":{"rendered":"<p>Redonnez jeunesse et \u00e9lasticit\u00e9 \u00e0 votre regard avec le Soin Contour des Yeux Jeunesse Diamant de Gemology.<\/p>\n<p>Le contour de l&rsquo;\u0153il est une zone d\u00e9licate et fragile. Le soin Contour des Yeux Jeunesse Diamant est gorg\u00e9 d&rsquo;\u00e9l\u00e9ments actifs qui vont agir en profondeur sur les rides et ridules pr\u00e9sentes et pour att\u00e9nuer poches et cernes. L&rsquo;action du diamant, par l&rsquo;effet \u00ab Soft Focus \u00bb va diffracter la lumi\u00e8re pour r\u00e9duire visiblement les signes du temps.<\/p>\n<p><strong>Ergebnisse:<\/strong> Le contour de l&rsquo;oeil sera tonique et frais, il va retrouver toute sa jeunesse. La peau sera plus lisse, plus lumineuse et le maquillage aura une meilleure tenue.<\/p>\n<p><strong>Ideal f\u00fcr:<\/strong> Alle Arten reifer Haut.<\/p>\n<p>Flacon Pompe Airless 15 ml<\/p>","protected":false},"featured_media":29202,"comment_status":"open","ping_status":"closed","template":"","meta":[],"product_brand":[181],"product_cat":[246,218,230,202,200,228],"product_tag":[],"class_list":{"0":"post-29205","1":"product","2":"type-product","3":"status-publish","4":"has-post-thumbnail","6":"product_brand-gemology","7":"product_cat-anti-age-soins","8":"product_cat-concentres-serum-et-huile-soins","9":"product_cat-gommages-et-masques-soins","10":"product_cat-soins","11":"product_cat-tous-les-produits","12":"product_cat-yeux-et-levres-soins","14":"first","15":"instock","16":"taxable","17":"shipping-taxable","18":"purchasable","19":"product-type-simple"},"_links":{"self":[{"href":"https:\/\/gemology-cosmetics.ch\/de\/wp-json\/wp\/v2\/product\/29205","targetHints":{"allow":["GET"]}}],"collection":[{"href":"https:\/\/gemology-cosmetics.ch\/de\/wp-json\/wp\/v2\/product"}],"about":[{"href":"https:\/\/gemology-cosmetics.ch\/de\/wp-json\/wp\/v2\/types\/product"}],"replies":[{"embeddable":true,"href":"https:\/\/gemology-cosmetics.ch\/de\/wp-json\/wp\/v2\/comments?post=29205"}],"version-history":[{"count":0,"href":"https:\/\/gemology-cosmetics.ch\/de\/wp-json\/wp\/v2\/product\/29205\/revisions"}],"wp:featuredmedia":[{"embeddable":true,"href":"https:\/\/gemology-cosmetics.ch\/de\/wp-json\/wp\/v2\/media\/29202"}],"wp:attachment":[{"href":"https:\/\/gemology-cosmetics.ch\/de\/wp-json\/wp\/v2\/media?parent=29205"}],"wp:term":[{"taxonomy":"product_brand","embeddable":true,"href":"https:\/\/gemology-cosmetics.ch\/de\/wp-json\/wp\/v2\/product_brand?post=29205"},{"taxonomy":"product_cat","embeddable":true,"href":"https:\/\/gemology-cosmetics.ch\/de\/wp-json\/wp\/v2\/product_cat?post=29205"},{"taxonomy":"product_tag","embeddable":true,"href":"https:\/\/gemology-cosmetics.ch\/de\/wp-json\/wp\/v2\/product_tag?post=29205"}],"curies":[{"name":"wp","href":"https:\/\/api.w.org\/{rel}","templated":true}]}}