{"id":29209,"date":"2020-06-30T14:15:55","date_gmt":"2020-06-30T14:15:55","guid":{"rendered":"https:\/\/gemology-cosmetics.ch\/produit\/creme-minceur-saphir-rubis\/"},"modified":"2025-09-17T08:04:10","modified_gmt":"2025-09-17T08:04:10","slug":"creme-minceur-saphir-rubis","status":"publish","type":"product","link":"https:\/\/gemology-cosmetics.ch\/de\/produkt\/creme-minceur-saphir-rubis\/","title":{"rendered":"Saphir-Rubin-Schlankheitscreme"},"content":{"rendered":"<p><strong>Gebrauchsanweisung:<\/strong> Morgens und\/oder abends durch Einmassieren auf Bauch, H\u00fcften, Ges\u00e4\u00df und Oberschenkel auftragen.<\/p>\n<p><strong>Textur:<\/strong> Creme<\/p>\n<p><strong>Wertvolle Verm\u00f6genswerte:<\/strong><\/p>\n<p>\u2013 <strong>Mineralien:<\/strong> Saphir Rubin<br \/><strong><\/strong><\/p>\n<p><strong>\u2013 \u00c4therische \u00d6le:<\/strong> Cedrol \u00e4therisches \u00d6l<\/p>\n<ul>\n<li>Saphir ist reich an Eisen. Dieses Spurenelement, ein starkes Antioxidans, stimuliert die Kollagensynthese und verbessert die Hautelastizit\u00e4t.<\/li>\n<li>Rubine sind reich an Chrom. Dieses Spurenelement unterst\u00fctzt den Zuckerstoffwechsel.<\/li>\n<li>Das \u00e4therische \u00d6l Cedrol ist f\u00fcr seine Eigenschaften bekannt, die dank seiner lipolytischen Wirkung die Fettreduktion f\u00f6rdern.<\/li>\n<\/ul>\n<p>Pflege garantiert parabenfrei, alkoholfrei und propylenglykolfrei.<\/p>\n<\/p>\n<p><strong>Zutaten:<\/strong><\/p>\n<p>AQUA (WASSER), ISOHEXADECAN, PENTAERYTHRITYLTETRAISOSTEARAT, DIMETHICON, GLYCERYLSTEARAT, PEG-100-STEARAT, GLYCERIN, CETEARYLALKOHOL, ILEX PARAGUARIENSIS (BLATT)-EXTRAKT, NATRIUMACRYLAT\/NATRIUMACRYLOYLDIMETHYLTAURATE-COPOLYMER, BUTYLENGLYKOL, CHLORPHENESIN, COFFEA ARABICA (KAFFEE)-SAMENEXTRAKT, BENZYLALKOHOL, PEG-60-MANDELGLYCERIDE, POLYSORBAT 80, CITRUS PARADISI-SCHALEN\u00d6L (GRAPEFRUITSCHALEN\u00d6L), XANTHANGUMMI, RUBINPULVER, SAPHIRPULVER, CETYLHYDROXYETHYLCELLULOSE, CANANGA ODORATA-BL\u00dcTEN\u00d6L, CANARIUM LUZONICUM GUM NICHTFL\u00dcCHTIGE STOFFE, CEDROL, ILLICIUM VERUM FRUCHT-\/SAMEN\u00d6L (ANISFRUCHT-\/SAMEN\u00d6L), SORBITAN OLEATE, PHENOXYETHANOL, NATRIUMBENZOAT, ZITRONENS\u00c4URE, DEHYDROESSIGS\u00c4URE, MENTHA VIRIDIS LEAF OIL (SPEARMINZBLATT\u00d6L), ROSMARINUS OFFICINALIS LEAF OIL (ROSMARINBLATT\u00d6L), KALIUMSORBAT, BENZYLSALICYLAT, LINALOOL, FARNESOL, GERANIOL, D-LIMONEN<\/p>","protected":false},"excerpt":{"rendered":"<p>Gr\u00e2ce \u00e0 son complexe d&rsquo;actifs ultra concentr\u00e9s et sa formule exclusive, cette cr\u00e8me r\u00e9duit visiblement l&rsquo;aspect peau d&rsquo;orange tout en lissant l&rsquo;aspect graisseux de la silhouette.<\/p>\n<p><strong>Ergebnisse:<\/strong> La peau est lisse et uniforme.<\/p>\n<p><strong>Ideal f\u00fcr:<\/strong> Alle Hauttypen.<\/p>\n<p>Flacon 200 ml<\/p>","protected":false},"featured_media":29208,"comment_status":"open","ping_status":"closed","template":"","meta":[],"product_brand":[181],"product_cat":[234,202,200],"product_tag":[],"class_list":{"0":"post-29209","1":"product","2":"type-product","3":"status-publish","4":"has-post-thumbnail","6":"product_brand-gemology","7":"product_cat-corps-et-cheveux-soins","8":"product_cat-soins","9":"product_cat-tous-les-produits","11":"first","12":"instock","13":"taxable","14":"shipping-taxable","15":"purchasable","16":"product-type-simple"},"_links":{"self":[{"href":"https:\/\/gemology-cosmetics.ch\/de\/wp-json\/wp\/v2\/product\/29209","targetHints":{"allow":["GET"]}}],"collection":[{"href":"https:\/\/gemology-cosmetics.ch\/de\/wp-json\/wp\/v2\/product"}],"about":[{"href":"https:\/\/gemology-cosmetics.ch\/de\/wp-json\/wp\/v2\/types\/product"}],"replies":[{"embeddable":true,"href":"https:\/\/gemology-cosmetics.ch\/de\/wp-json\/wp\/v2\/comments?post=29209"}],"version-history":[{"count":0,"href":"https:\/\/gemology-cosmetics.ch\/de\/wp-json\/wp\/v2\/product\/29209\/revisions"}],"wp:featuredmedia":[{"embeddable":true,"href":"https:\/\/gemology-cosmetics.ch\/de\/wp-json\/wp\/v2\/media\/29208"}],"wp:attachment":[{"href":"https:\/\/gemology-cosmetics.ch\/de\/wp-json\/wp\/v2\/media?parent=29209"}],"wp:term":[{"taxonomy":"product_brand","embeddable":true,"href":"https:\/\/gemology-cosmetics.ch\/de\/wp-json\/wp\/v2\/product_brand?post=29209"},{"taxonomy":"product_cat","embeddable":true,"href":"https:\/\/gemology-cosmetics.ch\/de\/wp-json\/wp\/v2\/product_cat?post=29209"},{"taxonomy":"product_tag","embeddable":true,"href":"https:\/\/gemology-cosmetics.ch\/de\/wp-json\/wp\/v2\/product_tag?post=29209"}],"curies":[{"name":"wp","href":"https:\/\/api.w.org\/{rel}","templated":true}]}}