{"id":29214,"date":"2020-06-30T14:15:55","date_gmt":"2020-06-30T14:15:55","guid":{"rendered":"https:\/\/gemology-cosmetics.ch\/produit\/eclat-de-mangue-gommage-corps\/"},"modified":"2025-09-17T08:04:10","modified_gmt":"2025-09-17T08:04:10","slug":"eclat-de-mangue-gommage-corps","status":"publish","type":"product","link":"https:\/\/gemology-cosmetics.ch\/de\/produkt\/eclat-de-mangue-gommage-corps\/","title":{"rendered":"Mango Glow \u2013 K\u00f6rperpeeling"},"content":{"rendered":"<p><strong>Gebrauchsanweisung:<\/strong> Eine kleine Menge auf die trockene Haut auftragen, sanft peelen und dabei besonders auf raue Stellen (Ellbogen, Knie, Fersen) achten. Mit warmem Wasser absp\u00fclen.<\/p>\n<p><strong>Textur:<\/strong> Creme mit Luffa-Partikeln<\/p>\n<p><strong>Wertvolle Verm\u00f6genswerte:<\/strong><\/p>\n<p>\u2013 <strong>Mineralien:<\/strong> Citrin<br \/><strong><\/strong><\/p>\n<p><strong>- Pflanzen:<\/strong> Mangobutter, Luffafaser<\/p>\n<ul>\n<li>Citrin ist ein Stein, der reich an Eisen und Silizium ist. Diese Spurenelemente f\u00f6rdern jeweils:\n<ul>\n<li>St\u00e4rkung der Abwehrkr\u00e4fte der Zellen gegen freie Radikale<\/li>\n<li>nat\u00fcrliche Kollagenproduktion.<\/li>\n<\/ul>\n<\/li>\n<li>Mangobutter ist f\u00fcr ihre beruhigenden und feuchtigkeitsspendenden Eigenschaften bekannt.<\/li>\n<li>Luffafasern mit Peeling-Eigenschaften helfen, abgestorbene Hautzellen zu entfernen.<\/li>\n<\/ul>\n<p>Pflege garantiert parabenfrei, alkoholfrei und propylenglykolfrei.<\/p>\n<\/p>\n<p><strong>Zutaten:<\/strong><\/p>\n<p>AQUA (WASSER), ISOHEXADECAN, GLYCERIN, CETYLALKOHOL, GLYCERYLSTEARAT, LUFFA CYLINDRICA-FRUCHTPULVER, MANGIFERA INDICA, HYDRIERTE KIESELS\u00c4URE, JOJOBA-ESTER, BIMSSTEIN, CITRIN, PEG-75-STEARAT, BENZYLALKOHOL, CORYLUS AVELLANA-MUSCHELPULVER (HASELNUSSMUSCHELPULVER), CETETH-20, STEARETH-20, PARFUM (DUFTSTOFF), NATRIUMBENZOAT, TON, ROSA GALLICA-BL\u00dcTENEXTRAKT CI 19140 (GELB 5), CAPRYLYLGLYKOL, PENTAPEPTID-18, D-LIMONEN, BENZYLSALICYLAT, BENZYLBENZOAT<\/p><\/p>","protected":false},"excerpt":{"rendered":"<p>La peau est douce, lisse et lumineuse.<\/p>\n<p>A base de fibre de Loofah et de beurre de Mangue. Cette texture fibreuse \u00e9limine les cellules mortes en douceur tout en apportant \u00e0 la peau une sensation de puret\u00e9.<\/p>\n<p><strong>R\u00e9sultats:<\/strong> La peau est douce, lisse et lumineuse.<\/p>\n<p><strong>Id\u00e9al pour:<\/strong> Alle Hauttypen.<\/p>\n<p>Pot 200 ml<\/p>","protected":false},"featured_media":29210,"comment_status":"open","ping_status":"closed","template":"","meta":[],"product_brand":[181],"product_cat":[234,202,200],"product_tag":[],"class_list":{"0":"post-29214","1":"product","2":"type-product","3":"status-publish","4":"has-post-thumbnail","6":"product_brand-gemology","7":"product_cat-corps-et-cheveux-soins","8":"product_cat-soins","9":"product_cat-tous-les-produits","11":"first","12":"instock","13":"taxable","14":"shipping-taxable","15":"purchasable","16":"product-type-simple"},"_links":{"self":[{"href":"https:\/\/gemology-cosmetics.ch\/de\/wp-json\/wp\/v2\/product\/29214","targetHints":{"allow":["GET"]}}],"collection":[{"href":"https:\/\/gemology-cosmetics.ch\/de\/wp-json\/wp\/v2\/product"}],"about":[{"href":"https:\/\/gemology-cosmetics.ch\/de\/wp-json\/wp\/v2\/types\/product"}],"replies":[{"embeddable":true,"href":"https:\/\/gemology-cosmetics.ch\/de\/wp-json\/wp\/v2\/comments?post=29214"}],"version-history":[{"count":0,"href":"https:\/\/gemology-cosmetics.ch\/de\/wp-json\/wp\/v2\/product\/29214\/revisions"}],"wp:featuredmedia":[{"embeddable":true,"href":"https:\/\/gemology-cosmetics.ch\/de\/wp-json\/wp\/v2\/media\/29210"}],"wp:attachment":[{"href":"https:\/\/gemology-cosmetics.ch\/de\/wp-json\/wp\/v2\/media?parent=29214"}],"wp:term":[{"taxonomy":"product_brand","embeddable":true,"href":"https:\/\/gemology-cosmetics.ch\/de\/wp-json\/wp\/v2\/product_brand?post=29214"},{"taxonomy":"product_cat","embeddable":true,"href":"https:\/\/gemology-cosmetics.ch\/de\/wp-json\/wp\/v2\/product_cat?post=29214"},{"taxonomy":"product_tag","embeddable":true,"href":"https:\/\/gemology-cosmetics.ch\/de\/wp-json\/wp\/v2\/product_tag?post=29214"}],"curies":[{"name":"wp","href":"https:\/\/api.w.org\/{rel}","templated":true}]}}