{"id":29218,"date":"2020-06-30T14:15:55","date_gmt":"2020-06-30T14:15:55","guid":{"rendered":"https:\/\/gemology-cosmetics.ch\/produit\/lait-corps-ambre-bleue\/"},"modified":"2025-09-17T08:04:10","modified_gmt":"2025-09-17T08:04:10","slug":"lait-corps-ambre-bleue","status":"publish","type":"product","link":"https:\/\/gemology-cosmetics.ch\/de\/produkt\/lait-corps-ambre-bleue\/","title":{"rendered":"Blaue Bernstein-K\u00f6rperlotion"},"content":{"rendered":"<p><strong>Gebrauchsanweisung:<\/strong> Morgens und\/oder abends auftragen.<\/p>\n<p><strong>Textur:<\/strong> Cremige Milch<\/p>\n<p><strong>Wertvolle Verm\u00f6genswerte:<br \/><\/strong><br \/>\u2013 <strong>Mineralien:<\/strong> Blauer Bernstein<br \/><strong><\/strong><\/p>\n<p><strong>- Andere :<\/strong>\u00a0Peruanisches Johannisbrot, Kalzium, Magnesium, Vitamin E<\/p>\n<ul>\n<li>Blauer Bernstein regeneriert die Epidermis und sch\u00fctzt vor oxidativen Einfl\u00fcssen.<\/li>\n<li>\n<p>Calcium st\u00e4rkt die nat\u00fcrliche Barriere der Haut und sch\u00fctzt sie.<\/p>\n<\/li>\n<li>Magnesium bringt die Haut wieder ins Gleichgewicht und baut den Hydrolipidfilm wieder auf.<\/li>\n<li>Vitamin E ist ein nat\u00fcrliches Antioxidans.<\/li>\n<\/ul>\n<p>Pflege garantiert parabenfrei, alkoholfrei und propylenglykolfrei.<\/p>\n<\/p>\n<p><strong>Zutaten:<\/strong><\/p>\n<p>AQUA (WASSER), VACCINIUM MACROCARPON (CRANBERRY) FRUCHTWASSER*, CAPRYLIC\/CAPRIC TRIGLYCERIDE, DICAPRYLYL CARBONATE, GLYCERYL STEARATE, CITRATE, CETEARYL ALCOHOL, GLYCERIN, NATRIUM BENZOATE, CAESALPINIA, SPINOSA GUM, TOCOPHEROL, PARFUM (DUFTSTOFF), ZITRONENS\u00c4URE, BERNSTEINEXTRAKT, POLYGONUM FAGOPYRUM SAMENEXTRAKT, KALIUMSORBAT<\/p>","protected":false},"excerpt":{"rendered":"<p>Ce lait onctueux et fondant pour le corps, p\u00e9n\u00e8tre rapidement tout en apportant un confort in\u00e9dit. Il laisse sur la peau un effet fini velours. Gr\u00e2ce \u00e0 ses actifs certifi\u00e9s Bio, ce lait prot\u00e8ge votre peau de la pollution et des agressions.<\/p>\n<p><strong>Ergebnisse:<\/strong> la peau est hydrat\u00e9e, raffermie et nourrie.<\/p>\n<p><strong>Ideal f\u00fcr:<\/strong> Alle Hauttypen.<\/p>\n<p>Tube avec Capsule Service 150 ml<\/p>","protected":false},"featured_media":29215,"comment_status":"open","ping_status":"closed","template":"","meta":[],"product_brand":[181],"product_cat":[234,226,206,250,202,200],"product_tag":[],"class_list":{"0":"post-29218","1":"product","2":"type-product","3":"status-publish","4":"has-post-thumbnail","6":"product_brand-gemology","7":"product_cat-corps-et-cheveux-soins","8":"product_cat-idees-cadeaux-nos-selections","9":"product_cat-nos-selections","10":"product_cat-peaux-jeunes-soins","11":"product_cat-soins","12":"product_cat-tous-les-produits","14":"first","15":"instock","16":"taxable","17":"shipping-taxable","18":"purchasable","19":"product-type-simple"},"_links":{"self":[{"href":"https:\/\/gemology-cosmetics.ch\/de\/wp-json\/wp\/v2\/product\/29218","targetHints":{"allow":["GET"]}}],"collection":[{"href":"https:\/\/gemology-cosmetics.ch\/de\/wp-json\/wp\/v2\/product"}],"about":[{"href":"https:\/\/gemology-cosmetics.ch\/de\/wp-json\/wp\/v2\/types\/product"}],"replies":[{"embeddable":true,"href":"https:\/\/gemology-cosmetics.ch\/de\/wp-json\/wp\/v2\/comments?post=29218"}],"version-history":[{"count":0,"href":"https:\/\/gemology-cosmetics.ch\/de\/wp-json\/wp\/v2\/product\/29218\/revisions"}],"wp:featuredmedia":[{"embeddable":true,"href":"https:\/\/gemology-cosmetics.ch\/de\/wp-json\/wp\/v2\/media\/29215"}],"wp:attachment":[{"href":"https:\/\/gemology-cosmetics.ch\/de\/wp-json\/wp\/v2\/media?parent=29218"}],"wp:term":[{"taxonomy":"product_brand","embeddable":true,"href":"https:\/\/gemology-cosmetics.ch\/de\/wp-json\/wp\/v2\/product_brand?post=29218"},{"taxonomy":"product_cat","embeddable":true,"href":"https:\/\/gemology-cosmetics.ch\/de\/wp-json\/wp\/v2\/product_cat?post=29218"},{"taxonomy":"product_tag","embeddable":true,"href":"https:\/\/gemology-cosmetics.ch\/de\/wp-json\/wp\/v2\/product_tag?post=29218"}],"curies":[{"name":"wp","href":"https:\/\/api.w.org\/{rel}","templated":true}]}}