{"id":29222,"date":"2020-06-30T14:15:55","date_gmt":"2020-06-30T14:15:55","guid":{"rendered":"https:\/\/gemology-cosmetics.ch\/produit\/demande-d-echantillons-sans-commande-produit-quantite-10\/"},"modified":"2025-09-17T08:04:12","modified_gmt":"2025-09-17T08:04:12","slug":"demande-d-echantillons-sans-commande-produit-quantite-10","status":"publish","type":"product","link":"https:\/\/gemology-cosmetics.ch\/de\/produkt\/demande-d-echantillons-sans-commande-produit-quantite-10\/","title":{"rendered":"Musteranforderung (ohne Produktbestellung) Menge 10"},"content":{"rendered":"","protected":false},"excerpt":{"rendered":"<p>D\u00e9couvrez la marque GEMOLOGY gr\u00e2ce au kit de d\u00e9couverte GEMOLOGY<\/p>\n<p>Demande d&rsquo;\u00e9chantillons. ( Quantit\u00e9 10 pi\u00e8ces )\u00a0<\/p>\n<p>Nous vous offrons vos \u00e9chantillons pour toute commande mais si vous d\u00e9sirez tester nos produits sans passer de commande produit, nous vous offrons ces \u00e9chantillons, seul les frais de transport de CHF 5.- vous sont factur\u00e9s<\/p>","protected":false},"featured_media":29221,"comment_status":"open","ping_status":"closed","template":"","meta":[],"product_brand":[181],"product_cat":[226,206,222,200],"product_tag":[],"class_list":{"0":"post-29222","1":"product","2":"type-product","3":"status-publish","4":"has-post-thumbnail","6":"product_brand-gemology","7":"product_cat-idees-cadeaux-nos-selections","8":"product_cat-nos-selections","9":"product_cat-tailles-voyages-nos-selections","10":"product_cat-tous-les-produits","12":"first","13":"instock","14":"taxable","15":"shipping-taxable","16":"purchasable","17":"product-type-simple"},"_links":{"self":[{"href":"https:\/\/gemology-cosmetics.ch\/de\/wp-json\/wp\/v2\/product\/29222","targetHints":{"allow":["GET"]}}],"collection":[{"href":"https:\/\/gemology-cosmetics.ch\/de\/wp-json\/wp\/v2\/product"}],"about":[{"href":"https:\/\/gemology-cosmetics.ch\/de\/wp-json\/wp\/v2\/types\/product"}],"replies":[{"embeddable":true,"href":"https:\/\/gemology-cosmetics.ch\/de\/wp-json\/wp\/v2\/comments?post=29222"}],"version-history":[{"count":0,"href":"https:\/\/gemology-cosmetics.ch\/de\/wp-json\/wp\/v2\/product\/29222\/revisions"}],"wp:featuredmedia":[{"embeddable":true,"href":"https:\/\/gemology-cosmetics.ch\/de\/wp-json\/wp\/v2\/media\/29221"}],"wp:attachment":[{"href":"https:\/\/gemology-cosmetics.ch\/de\/wp-json\/wp\/v2\/media?parent=29222"}],"wp:term":[{"taxonomy":"product_brand","embeddable":true,"href":"https:\/\/gemology-cosmetics.ch\/de\/wp-json\/wp\/v2\/product_brand?post=29222"},{"taxonomy":"product_cat","embeddable":true,"href":"https:\/\/gemology-cosmetics.ch\/de\/wp-json\/wp\/v2\/product_cat?post=29222"},{"taxonomy":"product_tag","embeddable":true,"href":"https:\/\/gemology-cosmetics.ch\/de\/wp-json\/wp\/v2\/product_tag?post=29222"}],"curies":[{"name":"wp","href":"https:\/\/api.w.org\/{rel}","templated":true}]}}