{"id":29242,"date":"2020-06-30T14:15:55","date_gmt":"2020-06-30T14:15:55","guid":{"rendered":"https:\/\/gemology-cosmetics.ch\/produit\/lotion-au-saphir-lotion-apaisante\/"},"modified":"2025-09-17T08:04:12","modified_gmt":"2025-09-17T08:04:12","slug":"lotion-au-saphir-lotion-apaisante","status":"publish","type":"product","link":"https:\/\/gemology-cosmetics.ch\/de\/produkt\/lotion-au-saphir-lotion-apaisante\/","title":{"rendered":"Saphirlotion \u2013 Beruhigende Lotion"},"content":{"rendered":"<p><strong>Gebrauchsanweisung:\u00a0<\/strong>Morgens und abends nach der Reinigung oder dem Abschminken direkt mit dem Finger auf das Gesicht auftragen und glatt streichen. Ein Verwischen ist nicht n\u00f6tig.<br \/><strong><\/strong><\/p>\n<p><strong>Textur:<\/strong> Gellotion<\/p>\n<p><strong>Wertvolle Verm\u00f6genswerte:<br \/><\/strong> <br \/>\u2013 <strong>Mineralien:<\/strong> Saphir und Smithsonit<\/p>\n<ul>\n<li>Saphir ist reich an Eisen. Dieses Spurenelement ist ein starkes Antioxidans und f\u00f6rdert die Kollagenproduktion in den Zellen.<\/li>\n<li>Smithsonit ist reich an Zink. Dieses Spurenelement ist f\u00fcr seine regenerierenden und sch\u00fctzenden Eigenschaften bekannt.<\/li>\n<\/ul>\n<p>Pflege garantiert parabenfrei, alkoholfrei und propylenglykolfrei.<\/p>\n<\/p>\n<p><strong>Zutaten:<\/strong><\/p>\n<p>AQUA (WASSER), GLYCERIN, PEG-12 DIMETHICONE, PHENOXYETHANOL, SMITHSONITE EXTRACT, ALLANTOIN, CAPRYLYL GLYCOL, CHLORPHENESIN, PPG-26 BUTETH-26, PEG-40 HYDROGENATED CASTOR OIL, PARFUM (DUFTSTOFF), XANTHANGUMMI, SAPHIRPULVER, D-LIMONEN, BENZYL (BENZOAT, BENZYL SALICYLAT<\/p>","protected":false},"excerpt":{"rendered":"<p>D\u00e9di\u00e9e aux peaux sensibles et fragilis\u00e9es la lotion au Saphir r\u00e9pare et fortifie la peau.<\/p>\n<p>Compos\u00e9e d&rsquo;actifs min\u00e9raux pr\u00e9cieux tels que le saphir et la smithsonite la lotion au saphir apporte \u00e0 votre peau les oligo-\u00e9l\u00e9ments indispensables dont elle a besoin. Le fer, puissant anti-oxydant va favoriser la production de collag\u00e8ne dans les cellules, le zinc va r\u00e9parer et prot\u00e9ger la peau.\u00a0<\/p>\n<p><strong>Ergebnisse:<\/strong> La peau est apais\u00e9e, renforc\u00e9e et confortable. Les rougeurs sont adoucies.<\/p>\n<p><strong>Ideal f\u00fcr:<\/strong> Peaux sensibles et fragilis\u00e9es.<\/p>\n<p>Flacon 200 ml<\/p>","protected":false},"featured_media":29241,"comment_status":"open","ping_status":"closed","template":"","meta":[],"product_brand":[181],"product_cat":[226,210,206,244,202,200],"product_tag":[],"class_list":{"0":"post-29242","1":"product","2":"type-product","3":"status-publish","4":"has-post-thumbnail","6":"product_brand-gemology","7":"product_cat-idees-cadeaux-nos-selections","8":"product_cat-lotions","9":"product_cat-nos-selections","10":"product_cat-peaux-sensibles-soins","11":"product_cat-soins","12":"product_cat-tous-les-produits","14":"first","15":"instock","16":"taxable","17":"shipping-taxable","18":"purchasable","19":"product-type-simple"},"_links":{"self":[{"href":"https:\/\/gemology-cosmetics.ch\/de\/wp-json\/wp\/v2\/product\/29242","targetHints":{"allow":["GET"]}}],"collection":[{"href":"https:\/\/gemology-cosmetics.ch\/de\/wp-json\/wp\/v2\/product"}],"about":[{"href":"https:\/\/gemology-cosmetics.ch\/de\/wp-json\/wp\/v2\/types\/product"}],"replies":[{"embeddable":true,"href":"https:\/\/gemology-cosmetics.ch\/de\/wp-json\/wp\/v2\/comments?post=29242"}],"version-history":[{"count":0,"href":"https:\/\/gemology-cosmetics.ch\/de\/wp-json\/wp\/v2\/product\/29242\/revisions"}],"wp:featuredmedia":[{"embeddable":true,"href":"https:\/\/gemology-cosmetics.ch\/de\/wp-json\/wp\/v2\/media\/29241"}],"wp:attachment":[{"href":"https:\/\/gemology-cosmetics.ch\/de\/wp-json\/wp\/v2\/media?parent=29242"}],"wp:term":[{"taxonomy":"product_brand","embeddable":true,"href":"https:\/\/gemology-cosmetics.ch\/de\/wp-json\/wp\/v2\/product_brand?post=29242"},{"taxonomy":"product_cat","embeddable":true,"href":"https:\/\/gemology-cosmetics.ch\/de\/wp-json\/wp\/v2\/product_cat?post=29242"},{"taxonomy":"product_tag","embeddable":true,"href":"https:\/\/gemology-cosmetics.ch\/de\/wp-json\/wp\/v2\/product_tag?post=29242"}],"curies":[{"name":"wp","href":"https:\/\/api.w.org\/{rel}","templated":true}]}}