{"id":29248,"date":"2020-06-30T14:15:55","date_gmt":"2020-06-30T14:15:55","guid":{"rendered":"https:\/\/gemology-cosmetics.ch\/produit\/masque-gel-diamant-sachet-individuel-x-1\/"},"modified":"2025-09-17T08:04:13","modified_gmt":"2025-09-17T08:04:13","slug":"masque-gel-diamant-sachet-individuel-x-1","status":"publish","type":"product","link":"https:\/\/gemology-cosmetics.ch\/de\/produkt\/masque-gel-diamant-sachet-individuel-x-1\/","title":{"rendered":"Diamant-Gelmaske (einzelner Beutel) x 1"},"content":{"rendered":"<p><strong>Gebrauchsanweisung:<\/strong> Schutzfolie entfernen. Beide Teile auf das gereinigte Gesicht legen. 30 Minuten einwirken lassen und das restliche Produkt einmassieren, bis es vollst\u00e4ndig eingezogen ist.<\/p>\n<p><strong>Textur:<\/strong> einfrieren<\/p>\n<p><strong>Wertvolle Verm\u00f6genswerte:<br \/><\/strong> <br \/>\u2013 <strong>Mineralien:<\/strong> Diamant, Smithsonit, Perle, Jade<br \/><strong><br \/>- Pflanzen:<\/strong> Kirschbl\u00fcte, Orange, Pfefferminze,<br \/><strong><br \/>- Andere :<\/strong> Vitamin PP, Vitamin C, Vitamin E, Vitamin B5, Adenosin, Hyalurons\u00e4ure.<\/p>\n<ul>\n<li>Diamant ist ein Mineral, das f\u00fcr seinen \u201eSoft Focus\u201c-Effekt bekannt ist: ein physikalischer Photolumineszenzeffekt, der f\u00fcr einen sofortigen strahlenden und gl\u00e4ttenden Effekt sorgt und F\u00e4ltchen und feine Linien sichtbar reduziert.<\/li>\n<li>Smithsonit ist ein Stein, der reich an Zink ist. Dieses Spurenelement ist ein kraftvoller regenerierender, sch\u00fctzender und weichmachender Wirkstoff.<\/li>\n<li>Perlen sind reich an Kalzium. Dieses Spurenelement wirkt zellstimulierend und hat eine aufhellende Wirkung.<\/li>\n<li>Jade ist reich an Silizium und Eisen. Diese beiden Spurenelemente f\u00f6rdern jeweils:\n<ul>\n<li>die Produktion von Kollagen in Zellen<\/li>\n<li>Schutz der oxidierenden Umgebung.<\/li>\n<\/ul>\n<\/li>\n<li>Vitamin PP: verbessert die Gleichm\u00e4\u00dfigkeit<\/li>\n<li>Vitamin C hat aufhellende Eigenschaften, stellt die Ausstrahlung wieder her<\/li>\n<li>Vitamin E ist als Wirkstoff gegen freie Radikale bekannt und verf\u00fcgt \u00fcber regenerierende und revitalisierende Eigenschaften.<\/li>\n<\/ul>\n<p>Pflege garantiert parabenfrei, alkoholfrei und propylenglykolfrei.<\/p>\n<p><strong><br \/>Zutaten:<\/strong><\/p>\n<p>AQUA (WASSER), DIPROPYLENGLYKOL, GLYCERIN, METHYLPROPANDIOL, GLYCERETH-26, PROPANDIOL, NIACINAMID, CHONDRUS CRISPUS (CARRAGEEN), CERATONIA SILIQUA GUM, GLUCOMANNAN, NATRIUMPOLYACRYLAT, CELLULOSEGUMMI, BETAIN, ALLANTOIN, ADENOSIN, DIKALIUMGLYCYRRHIZAT, GLYCYRRHIZA GLABRA (S\u00dcSSHOLZ) WURZELEXTRAKT, ZINGIBER OFFICINALE (INGWER) WURZELEXTRAKT, SHIZANDRA CHINENSIS FRUCHT\u2026<\/p>","protected":false},"excerpt":{"rendered":"<p>Innovation Anti-\u00e2ge par Gemology. Ce masque hydrogel contient plus de 30 actifs pour un traitement complet. La performance du Diamant, associ\u00e9e \u00e0 la Smithsonite et la Perle procure \u00e0 la peau une protection compl\u00e8te, ravive l&rsquo;\u00e9clat, et diminue visiblement les rides et ridules.<\/p>\n<p><strong>Ergebnisse:<\/strong> L&rsquo;\u00e9clat du teint est raviv\u00e9, les rides et ridules sont visiblement estomp\u00e9es. La peau est liss\u00e9e et hydrat\u00e9e.<\/p>\n<p><strong>Ideal f\u00fcr:<\/strong> Alle Arten reifer Haut.<\/p>\n<p>1 masque<\/p>","protected":false},"featured_media":29245,"comment_status":"open","ping_status":"closed","template":"","meta":[],"product_brand":[181],"product_cat":[246,230,226,206,202,200],"product_tag":[],"class_list":{"0":"post-29248","1":"product","2":"type-product","3":"status-publish","4":"has-post-thumbnail","6":"product_brand-gemology","7":"product_cat-anti-age-soins","8":"product_cat-gommages-et-masques-soins","9":"product_cat-idees-cadeaux-nos-selections","10":"product_cat-nos-selections","11":"product_cat-soins","12":"product_cat-tous-les-produits","14":"first","15":"instock","16":"taxable","17":"shipping-taxable","18":"purchasable","19":"product-type-simple"},"_links":{"self":[{"href":"https:\/\/gemology-cosmetics.ch\/de\/wp-json\/wp\/v2\/product\/29248","targetHints":{"allow":["GET"]}}],"collection":[{"href":"https:\/\/gemology-cosmetics.ch\/de\/wp-json\/wp\/v2\/product"}],"about":[{"href":"https:\/\/gemology-cosmetics.ch\/de\/wp-json\/wp\/v2\/types\/product"}],"replies":[{"embeddable":true,"href":"https:\/\/gemology-cosmetics.ch\/de\/wp-json\/wp\/v2\/comments?post=29248"}],"version-history":[{"count":0,"href":"https:\/\/gemology-cosmetics.ch\/de\/wp-json\/wp\/v2\/product\/29248\/revisions"}],"wp:featuredmedia":[{"embeddable":true,"href":"https:\/\/gemology-cosmetics.ch\/de\/wp-json\/wp\/v2\/media\/29245"}],"wp:attachment":[{"href":"https:\/\/gemology-cosmetics.ch\/de\/wp-json\/wp\/v2\/media?parent=29248"}],"wp:term":[{"taxonomy":"product_brand","embeddable":true,"href":"https:\/\/gemology-cosmetics.ch\/de\/wp-json\/wp\/v2\/product_brand?post=29248"},{"taxonomy":"product_cat","embeddable":true,"href":"https:\/\/gemology-cosmetics.ch\/de\/wp-json\/wp\/v2\/product_cat?post=29248"},{"taxonomy":"product_tag","embeddable":true,"href":"https:\/\/gemology-cosmetics.ch\/de\/wp-json\/wp\/v2\/product_tag?post=29248"}],"curies":[{"name":"wp","href":"https:\/\/api.w.org\/{rel}","templated":true}]}}