{"id":29250,"date":"2020-06-30T14:15:55","date_gmt":"2020-06-30T14:15:55","guid":{"rendered":"https:\/\/gemology-cosmetics.ch\/produit\/douceur-minerale-shampooing\/"},"modified":"2025-09-17T08:04:13","modified_gmt":"2025-09-17T08:04:13","slug":"douceur-minerale-shampooing","status":"publish","type":"product","link":"https:\/\/gemology-cosmetics.ch\/de\/produkt\/douceur-minerale-shampooing\/","title":{"rendered":"Mineral Softness Shampoo"},"content":{"rendered":"<p><strong>Gebrauchsanweisung:<\/strong> Auf das nasse Haar auftragen, emulgieren und anschlie\u00dfend gr\u00fcndlich aussp\u00fclen.<\/p>\n<p><strong>Textur:<\/strong> Einfrieren<\/p>\n<p><strong>Wertvolle Verm\u00f6genswerte:<br \/><\/strong> <br \/>\u2013 <strong>Mineralien:<\/strong> Saphir, Diamant<\/p>\n<ul>\n<li>Saphir: Ein eisenreiches Mineral, Saphir verleiht Ihrem Haar Glanz\u00a0<\/li>\n<li>Diamant: Diamant verleiht Ihrem Haar durch seinen Weichzeichnereffekt Glanz.<\/li>\n<\/ul>\n<p>Pflege garantiert parabenfrei, alkoholfrei und propylenglykolfrei.<\/p>\n<p><strong><br \/>Zutaten:<\/strong><\/p>\n<p>AQUA (WASSER), NATRIUMLAURETHSULFAT, NATRIUMCHLORID, COCAMIDOPROPYLBETAIN, COCO-GLUCOSID, ACRYLATE\/PALMETH-25 ACRYLAT-COPOLYMER, ALKOHOL, BENZOES\u00c4URE, CAPRYLYLGLYKOL, CETRIMONIUMCHLORID, DECYLENGLYKOL, DIAMANTPULVER, GLYCERIN, HYDROXYETHYLCELLULOSE, PEG-18 GLYCERYLOLEAT\/COCOAT, PHENOXYETHANOL, POLYQUATERNIUM-7, SAPHIRPULVER, NATRIUMBENZOAT, NATRIUMCOCOAMPHOACETAT, STYROL\/ACRYLAT-COPOLYMER, PARFUM (DUFTSTOFF), ZITRONENS\u00c4URE, ALPHA-ISOMETHYLIONON, ZIMTALKOHOL, CITRONELLOL, GERANIOL, HYDROXYCITRONELLAL, LIMONEN, LINALOOL<\/p><\/p>","protected":false},"excerpt":{"rendered":"<p>Un soin r\u00e9v\u00e9lateur de beaut\u00e9, aux propri\u00e9t\u00e9s nettoyantes. Gr\u00e2ce \u00e0 sa richesse en Diamant et en Saphir, ce shampooing illumine, renforce et adoucit les cheveux. Pour des cheveux \u00e9clatants.<\/p>\n<p><strong>Ideal f\u00fcr:<\/strong> Tous les types de cheveux.<\/p>\n<p>300 ml Pumpflasche<\/p>","protected":false},"featured_media":29249,"comment_status":"open","ping_status":"closed","template":"","meta":[],"product_brand":[181],"product_cat":[234,226,205,206,202,200],"product_tag":[],"class_list":{"0":"post-29250","1":"product","2":"type-product","3":"status-publish","4":"has-post-thumbnail","6":"product_brand-gemology","7":"product_cat-corps-et-cheveux-soins","8":"product_cat-idees-cadeaux-nos-selections","9":"product_cat-meilleures-ventes","10":"product_cat-nos-selections","11":"product_cat-soins","12":"product_cat-tous-les-produits","14":"first","15":"instock","16":"taxable","17":"shipping-taxable","18":"purchasable","19":"product-type-simple"},"_links":{"self":[{"href":"https:\/\/gemology-cosmetics.ch\/de\/wp-json\/wp\/v2\/product\/29250","targetHints":{"allow":["GET"]}}],"collection":[{"href":"https:\/\/gemology-cosmetics.ch\/de\/wp-json\/wp\/v2\/product"}],"about":[{"href":"https:\/\/gemology-cosmetics.ch\/de\/wp-json\/wp\/v2\/types\/product"}],"replies":[{"embeddable":true,"href":"https:\/\/gemology-cosmetics.ch\/de\/wp-json\/wp\/v2\/comments?post=29250"}],"version-history":[{"count":0,"href":"https:\/\/gemology-cosmetics.ch\/de\/wp-json\/wp\/v2\/product\/29250\/revisions"}],"wp:featuredmedia":[{"embeddable":true,"href":"https:\/\/gemology-cosmetics.ch\/de\/wp-json\/wp\/v2\/media\/29249"}],"wp:attachment":[{"href":"https:\/\/gemology-cosmetics.ch\/de\/wp-json\/wp\/v2\/media?parent=29250"}],"wp:term":[{"taxonomy":"product_brand","embeddable":true,"href":"https:\/\/gemology-cosmetics.ch\/de\/wp-json\/wp\/v2\/product_brand?post=29250"},{"taxonomy":"product_cat","embeddable":true,"href":"https:\/\/gemology-cosmetics.ch\/de\/wp-json\/wp\/v2\/product_cat?post=29250"},{"taxonomy":"product_tag","embeddable":true,"href":"https:\/\/gemology-cosmetics.ch\/de\/wp-json\/wp\/v2\/product_tag?post=29250"}],"curies":[{"name":"wp","href":"https:\/\/api.w.org\/{rel}","templated":true}]}}