{"id":29254,"date":"2020-06-30T14:15:55","date_gmt":"2020-06-30T14:15:55","guid":{"rendered":"https:\/\/gemology-cosmetics.ch\/produit\/source-de-saphir-gel-bain-douche\/"},"modified":"2025-09-17T08:04:13","modified_gmt":"2025-09-17T08:04:13","slug":"source-de-saphir-gel-bain-douche","status":"publish","type":"product","link":"https:\/\/gemology-cosmetics.ch\/de\/produkt\/source-de-saphir-gel-bain-douche\/","title":{"rendered":"Source de Saphir Bade- und Duschgel"},"content":{"rendered":"<p><strong>Gebrauchsanweisung:<\/strong> Auf die feuchte Haut auftragen und absp\u00fclen.<\/p>\n<p><strong>Textur:<\/strong> Einfrieren<\/p>\n<p><strong>Wertvolle Verm\u00f6genswerte:<\/strong><\/p>\n<p>\u2013 <strong>Mineralien:<\/strong> Saphir<\/p>\n<ul>\n<li>Saphir: Saphir ist ein eisenreiches Mineral und bringt Ihre Haut zum Strahlen.<\/li>\n<\/ul>\n<p>Pflege garantiert parabenfrei, alkoholfrei und propylenglykolfrei.<\/p>\n<\/p>\n<p><strong>Zutaten:<\/strong><\/p>\n<p>AQUA (WASSER), NATRIUMLAURETHSULFAT, NATRIUMCHLORID, COCO-GLUCOSID, COCAMIDOPROPYLBETAIN, ACRYLATE\/PALMETH-25 ACRYLAT-COPOLYMER, ALKOHOL, ASCORBYLPALMITAT, BENZOES\u00c4URE, CAPRYLYLGLYKOL, DECYLENGLYKOL, DIAMANTPULVER, GLYCERIN, GLYCERYLOLEAT\/COCOAT, GLYCERYLOLEAT-NATRIUM, HYDROGENIERTES PALMGLYCERIDCITRAT, HYDROXYETHYLCELLULOSE, LECITHIN, PEG-18, GLYCERYLOLEAT\/COCOAT, PHENOXYETHANOL, SAPHIRPULVER, NATRIUMCOCOAMPHOACETAT, STYROL\/ACRYLAT-COPOLYMER, TOCOPHEROL, PARF\u00dcM (DUFTSTOFF), ZITRONENS\u00c4URE S\u00c4URE, ALPHA-ISOMETHYL-IONON, ZIMTALKOHOL, CITRONELLOL, GERANIOL, HYDROXYCITRONELLAL, LIMONEN, LINALOOL<\/p><\/p>","protected":false},"excerpt":{"rendered":"<p>Un soin nettoyant pour le corps enrichi en min\u00e9raux pour nettoyer la peau tout en douceur. Facile \u00e0 rincer, ce gel douche fond entre les doigts gr\u00e2ce \u00e0 sa texture soyeuse.<\/p>\n<p><strong>Ideal f\u00fcr:<\/strong> Alle Hauttypen.<\/p>\n<p>300 ml Pumpflasche<\/p>","protected":false},"featured_media":29251,"comment_status":"open","ping_status":"closed","template":"","meta":[],"product_brand":[181],"product_cat":[234,226,205,206,202,200],"product_tag":[],"class_list":{"0":"post-29254","1":"product","2":"type-product","3":"status-publish","4":"has-post-thumbnail","6":"product_brand-gemology","7":"product_cat-corps-et-cheveux-soins","8":"product_cat-idees-cadeaux-nos-selections","9":"product_cat-meilleures-ventes","10":"product_cat-nos-selections","11":"product_cat-soins","12":"product_cat-tous-les-produits","14":"first","15":"instock","16":"taxable","17":"shipping-taxable","18":"purchasable","19":"product-type-simple"},"_links":{"self":[{"href":"https:\/\/gemology-cosmetics.ch\/de\/wp-json\/wp\/v2\/product\/29254","targetHints":{"allow":["GET"]}}],"collection":[{"href":"https:\/\/gemology-cosmetics.ch\/de\/wp-json\/wp\/v2\/product"}],"about":[{"href":"https:\/\/gemology-cosmetics.ch\/de\/wp-json\/wp\/v2\/types\/product"}],"replies":[{"embeddable":true,"href":"https:\/\/gemology-cosmetics.ch\/de\/wp-json\/wp\/v2\/comments?post=29254"}],"version-history":[{"count":0,"href":"https:\/\/gemology-cosmetics.ch\/de\/wp-json\/wp\/v2\/product\/29254\/revisions"}],"wp:featuredmedia":[{"embeddable":true,"href":"https:\/\/gemology-cosmetics.ch\/de\/wp-json\/wp\/v2\/media\/29251"}],"wp:attachment":[{"href":"https:\/\/gemology-cosmetics.ch\/de\/wp-json\/wp\/v2\/media?parent=29254"}],"wp:term":[{"taxonomy":"product_brand","embeddable":true,"href":"https:\/\/gemology-cosmetics.ch\/de\/wp-json\/wp\/v2\/product_brand?post=29254"},{"taxonomy":"product_cat","embeddable":true,"href":"https:\/\/gemology-cosmetics.ch\/de\/wp-json\/wp\/v2\/product_cat?post=29254"},{"taxonomy":"product_tag","embeddable":true,"href":"https:\/\/gemology-cosmetics.ch\/de\/wp-json\/wp\/v2\/product_tag?post=29254"}],"curies":[{"name":"wp","href":"https:\/\/api.w.org\/{rel}","templated":true}]}}