{"id":29263,"date":"2020-06-30T14:15:55","date_gmt":"2020-06-30T14:15:55","guid":{"rendered":"https:\/\/gemology-cosmetics.ch\/produit\/correcteur-perle-blanche\/"},"modified":"2025-09-17T08:04:13","modified_gmt":"2025-09-17T08:04:13","slug":"correcteur-perle-blanche","status":"publish","type":"product","link":"https:\/\/gemology-cosmetics.ch\/de\/produkt\/correcteur-perle-blanche\/","title":{"rendered":"White Pearl Concealer"},"content":{"rendered":"<p><strong>Gebrauchsanweisung:<\/strong> Morgens und abends vor jedem anderen \u00fcblichen Produkt lokal auf die Pigmentflecken auftragen.<\/p>\n<p><strong>Textur:<\/strong> Geschmeidige Creme<\/p>\n<p><strong>Wertvolle Verm\u00f6genswerte:<\/strong> <\/p>\n<p>\u2013 <strong>Gemwhite-Komplex: <\/strong><\/p>\n<ul>\n<li>Wei\u00dfe Perle: wirkt auf die Ausstrahlung des Teints.<\/li>\n<li>Stabilisiertes Vitamin C: Reduziert die Intensit\u00e4t der Hautf\u00e4rbung durch UV-Strahlen.<\/li>\n<li>Vitamin B3: reduziert Flecken.<\/li>\n<li>Bisabolol: Reduziert die Intensit\u00e4t der Hautfarbe, um ihre Leuchtkraft zu betonen.<\/li>\n<\/ul>\n<p>Pflege garantiert parabenfrei, alkoholfrei und propylenglykolfrei.<\/p>\n<p><strong><br \/>Zutaten:<\/strong><\/p>\n<p>AQUA, OCTOCRYLEN, C12-15 ALKYLBENZOAT, NIACINAMID, ETHYLHEXYLMETHOXYCINNAMAT, GLYCERIN, CYCLOPENTASILOXAN, TALKUM, BUTYLMETHOXYDIBENZOYLMETHAN, DIMETHICON, DICAPRYLYLCARBONAT, CETYLALKOHOL, GLYCERYLSTEARAT, POLYACRYLAT-13, ASCORBYLGLUCOSID, SILICA, PEG-75 STEARAT, POLYISOBUTEN, TITANDIOXID, BISABOLOL, PHENOXYETHANOL, PARFUM, DIMETHICON-CROSSPOLYMER, CETETH-20, STEARETH-20, CAPRYLYLGLYKOL, ACRYLATE\/C10-30 ALKYLACRYLAT-CROSSPOLYMER, POLYSORBAT 20, CHLORPHENESIN, SORBITAN-ISOSTEARAT, DINATRIUM-EDTA, TOCOPHERYLACETAT, FARNESOL, PERLMUTTPULVER, ADENOSIN, NATRIUMHYDROXID, BHT, TRIETHOXYCAPRYLYLSILAN, TOCOPHEROL<\/p><\/p>","protected":false},"excerpt":{"rendered":"<p>Ciblez les t\u00e2ches brunes avec le Correcteur Perle Blanche SPF15.<\/p>\n<p>Ce correcteur de taches, hautement concentr\u00e9, cible les taches brunes. Il permet de corriger l&rsquo;hyperpigmentation cutan\u00e9e et de pr\u00e9venir l&rsquo;apparition de futures taches. Protection contre les UVA et UVB avec SPF 15 PA ++.<\/p>\n<p><strong>Ergebnisse:<\/strong> Les taches sont estomp\u00e9es, le teint est uniforme.<\/p>\n<p><strong>Ideal f\u00fcr:<\/strong> Tous les types de peaux avec taches pigmentaires et d\u00e9marcations.<\/p>\n<p>Flacon airless 15 ml<\/p>","protected":false},"featured_media":29260,"comment_status":"open","ping_status":"closed","template":"","meta":[],"product_brand":[181],"product_cat":[218,248,202,200],"product_tag":[],"class_list":{"0":"post-29263","1":"product","2":"type-product","3":"status-publish","4":"has-post-thumbnail","6":"product_brand-gemology","7":"product_cat-concentres-serum-et-huile-soins","8":"product_cat-peaux-ternes-soins","9":"product_cat-soins","10":"product_cat-tous-les-produits","12":"first","13":"instock","14":"taxable","15":"shipping-taxable","16":"purchasable","17":"product-type-simple"},"_links":{"self":[{"href":"https:\/\/gemology-cosmetics.ch\/de\/wp-json\/wp\/v2\/product\/29263","targetHints":{"allow":["GET"]}}],"collection":[{"href":"https:\/\/gemology-cosmetics.ch\/de\/wp-json\/wp\/v2\/product"}],"about":[{"href":"https:\/\/gemology-cosmetics.ch\/de\/wp-json\/wp\/v2\/types\/product"}],"replies":[{"embeddable":true,"href":"https:\/\/gemology-cosmetics.ch\/de\/wp-json\/wp\/v2\/comments?post=29263"}],"version-history":[{"count":0,"href":"https:\/\/gemology-cosmetics.ch\/de\/wp-json\/wp\/v2\/product\/29263\/revisions"}],"wp:featuredmedia":[{"embeddable":true,"href":"https:\/\/gemology-cosmetics.ch\/de\/wp-json\/wp\/v2\/media\/29260"}],"wp:attachment":[{"href":"https:\/\/gemology-cosmetics.ch\/de\/wp-json\/wp\/v2\/media?parent=29263"}],"wp:term":[{"taxonomy":"product_brand","embeddable":true,"href":"https:\/\/gemology-cosmetics.ch\/de\/wp-json\/wp\/v2\/product_brand?post=29263"},{"taxonomy":"product_cat","embeddable":true,"href":"https:\/\/gemology-cosmetics.ch\/de\/wp-json\/wp\/v2\/product_cat?post=29263"},{"taxonomy":"product_tag","embeddable":true,"href":"https:\/\/gemology-cosmetics.ch\/de\/wp-json\/wp\/v2\/product_tag?post=29263"}],"curies":[{"name":"wp","href":"https:\/\/api.w.org\/{rel}","templated":true}]}}