{"id":29267,"date":"2020-06-30T14:15:55","date_gmt":"2020-06-30T14:15:55","guid":{"rendered":"https:\/\/gemology-cosmetics.ch\/produit\/creme-perle-blanche\/"},"modified":"2025-11-12T15:56:30","modified_gmt":"2025-11-12T15:56:30","slug":"creme-perle-blanche","status":"publish","type":"product","link":"https:\/\/gemology-cosmetics.ch\/de\/produkt\/creme-perle-blanche\/","title":{"rendered":"Wei\u00dfe Perlencreme LSF 30 PA +++"},"content":{"rendered":"<p><strong>Gebrauchsanweisung:<\/strong> Morgens auftragen.<\/p>\n<p><strong>Textur:<\/strong> samtige Creme<\/p>\n<p><strong>Wertvolle Verm\u00f6genswerte:<\/strong><\/p>\n<p>\u2013 <strong>Gemwhite-Komplex: <\/strong><\/p>\n<ul>\n<li><strong>Wei\u00dfe Perle:<\/strong> wirkt auf die Ausstrahlung des Teints.<\/li>\n<li><strong>Stabilisiertes Vitamin C:<\/strong> Reduziert die Intensit\u00e4t der Hautf\u00e4rbung durch UV-Strahlen.<\/li>\n<li><strong>Vitamin B3:<\/strong> reduziert Flecken.<\/li>\n<li><strong>Bisabolol:<\/strong> verringert die Intensit\u00e4t der Hautfarbe, um ihre Leuchtkraft zu betonen.<\/li>\n<\/ul>\n<p>Pflege garantiert parabenfrei, alkoholfrei und propylenglykolfrei.<\/p>\n<p><strong>Zutaten:<\/strong><\/p>\n<p>AQUA, OCTOCRYLEN, C12-15 ALKYLBENZOAT, ETHYLHEXYLMETHOXYCINNAMAT, NIACINAMID, CYCLOPENTASILOXAN, GLYCERIN, BUTYLMETHOXYDIBENZOYLMETHAN, DIMETHICON, TALKUM, TRIMETHOXYBENZYLIDENPENTANDION, DICAPRYLYLCARBONAT, CETYLALKOHOL, GLYCERYLSTEARAT, SILICA, PEG-75 STEARAT, BISABOLOL, TITANDIOXID, PHENOXYETHANOL, PARFUM, DIMETHICON-CROSSPOLYMER, CETETH-20, STEARETH-20, POLYACRYLAT-13, CAPRYLYLGLYKOL, ACRYLATE\/C10-30 ALKYLACRYLAT-CROSSPOLYMER, ASCORBYLGLUCOSID, POLYISOBUTEN, CHLORPHENESIN, DINATRIUM EDTA, TOCOPHERYLACETAT, FARNESOL, PERLMUTTPULVER, ADENOSIN, NATRIUMHYDROXID, POLYSORBAT 20, CYCLOTETRASILOXAN, SORBITAN-ISOSTEARAT, ZITRONENS\u00c4URE, TRIETHOXYCAPRYLYLSILAN, TOCOPHEROL<\/p><\/p>","protected":false},"excerpt":{"rendered":"<p>Sch\u00fctzen Sie Ihre Haut vor UVA- und UVB-Strahlen und erhalten Sie einen perlmuttartigen Teint mit der Perle Blanche SPF30 Creme. Diese Creme mit wei\u00dfer Perle und stabilisiertem Vitamin C sorgt f\u00fcr einen strahlenden, perlmuttartigen Teint. Wei\u00dfe Perle verleiht der Haut Leuchtkraft, w\u00e4hrend Vitamin C einen ungleichm\u00e4\u00dfigen Hautton ausgleicht. Der Lichtschutzfaktor 30\/PA+++ sch\u00fctzt Ihre Haut zus\u00e4tzlich vor UVA- und UVB-Strahlen.<\/p>\n<p><strong>Ergebnisse:<\/strong> Die Haut ist gegl\u00e4ttet, strahlender und mit Feuchtigkeit versorgt. Der Teint ist ebenm\u00e4\u00dfig.<\/p>\n<p><strong>Ideal f\u00fcr:<\/strong> Alle Hauttypen.<\/p>\n<p>50-ml-Glas<\/p>","protected":false},"featured_media":29264,"comment_status":"open","ping_status":"closed","template":"","meta":[],"product_brand":[181],"product_cat":[220,248,202,200],"product_tag":[],"class_list":{"0":"post-29267","1":"product","2":"type-product","3":"status-publish","4":"has-post-thumbnail","6":"product_brand-gemology","7":"product_cat-cremes-soins","8":"product_cat-peaux-ternes-soins","9":"product_cat-soins","10":"product_cat-tous-les-produits","12":"first","13":"instock","14":"taxable","15":"shipping-taxable","16":"purchasable","17":"product-type-simple"},"_links":{"self":[{"href":"https:\/\/gemology-cosmetics.ch\/de\/wp-json\/wp\/v2\/product\/29267","targetHints":{"allow":["GET"]}}],"collection":[{"href":"https:\/\/gemology-cosmetics.ch\/de\/wp-json\/wp\/v2\/product"}],"about":[{"href":"https:\/\/gemology-cosmetics.ch\/de\/wp-json\/wp\/v2\/types\/product"}],"replies":[{"embeddable":true,"href":"https:\/\/gemology-cosmetics.ch\/de\/wp-json\/wp\/v2\/comments?post=29267"}],"version-history":[{"count":0,"href":"https:\/\/gemology-cosmetics.ch\/de\/wp-json\/wp\/v2\/product\/29267\/revisions"}],"wp:featuredmedia":[{"embeddable":true,"href":"https:\/\/gemology-cosmetics.ch\/de\/wp-json\/wp\/v2\/media\/29264"}],"wp:attachment":[{"href":"https:\/\/gemology-cosmetics.ch\/de\/wp-json\/wp\/v2\/media?parent=29267"}],"wp:term":[{"taxonomy":"product_brand","embeddable":true,"href":"https:\/\/gemology-cosmetics.ch\/de\/wp-json\/wp\/v2\/product_brand?post=29267"},{"taxonomy":"product_cat","embeddable":true,"href":"https:\/\/gemology-cosmetics.ch\/de\/wp-json\/wp\/v2\/product_cat?post=29267"},{"taxonomy":"product_tag","embeddable":true,"href":"https:\/\/gemology-cosmetics.ch\/de\/wp-json\/wp\/v2\/product_tag?post=29267"}],"curies":[{"name":"wp","href":"https:\/\/api.w.org\/{rel}","templated":true}]}}