{"id":29271,"date":"2020-06-30T14:15:55","date_gmt":"2020-06-30T14:15:55","guid":{"rendered":"https:\/\/gemology-cosmetics.ch\/produit\/parure-de-soi-lait-pour-le-corps\/"},"modified":"2025-09-17T08:04:13","modified_gmt":"2025-09-17T08:04:13","slug":"parure-de-soi-lait-pour-le-corps","status":"publish","type":"product","link":"https:\/\/gemology-cosmetics.ch\/de\/produkt\/parure-de-soi-lait-pour-le-corps\/","title":{"rendered":"Parure de Soi \u2013 K\u00f6rperlotion"},"content":{"rendered":"<p><strong>Gebrauchsanweisung:<\/strong> Morgens und\/oder abends auftragen.<\/p>\n<p><strong>Textur:<\/strong> Milch<\/p>\n<p><strong>Wertvolle Verm\u00f6genswerte:<\/strong><\/p>\n<p>\u2013 <strong>Mineralien:<\/strong> Perlmutt<\/p>\n<p><strong>- Pflanzen:<\/strong> Soja<br \/><strong><br \/>- Andere :<\/strong> Hyalurons\u00e4ure<\/p>\n<ul>\n<li>Perlmutt ist reich an Kalzium. Dieses Spurenelement stimuliert die Zellerneuerung und l\u00e4sst Ihre Haut mit einem \u201eWeichzeichner\u201c-Effekt aufhellen.<\/li>\n<li>Soja hat feuchtigkeitsspendende und regenerierende Eigenschaften.<\/li>\n<li>Hyalurons\u00e4ure, ein kraftvoller Feuchtigkeitsspender, verleiht der Formel eine einzigartige Textur f\u00fcr einen weichen Effekt und ein t\u00e4gliches Wohlgef\u00fchl. Hyalurons\u00e4ure ist reich an Vitamin E und wirkt zudem antioxidativ.<\/li>\n<\/ul>\n<p>Pflege garantiert parabenfrei, alkoholfrei und propylenglykolfrei.<\/p>\n<p><strong>Zutaten:<\/strong><\/p>\n<p>AQUA (WASSER), DICAPRYLYLCARBONAT, GLYCERIN, PEG-6-STEARAT, ALUMINIUMST\u00c4RKEOCTENYLSUCCINAT, CYCLOPENTASILOXAN, CETETH-20, PEG-8-BIENENWACHS, CYCLOHEXASILOXAN, PHENOXYETHANOL, PARFUM (DUFTSTOFF), GLIMMER, STEARETH-20, NATRIUMACRYLAT\/NATRIUMACRYLOYLDIMETHYLTAURAT-COPOLYMER, ISOHEXADECAN, CARBOMER, CAPRYLYLGLYKOL, CHLORPHENESIN, BENZYLBENZOAT, BENZYLSALICYLAT, CI 77891 (TITANDIOXID), POLYSORBAT 80, NATRIUMHYALURONAT, PERLMUTTPULVER, NATRIUMHYDROXID, LIMONEN, SORBITANOLEAT, TRIETHOXYCAPRYLYLSILAN, TOCOPHEROL, GLYCIN SOJA\u00d6L (SOJABOHNEN\u00d6L)<\/p>","protected":false},"excerpt":{"rendered":"<p>Riche en Perle de Nacre et Acide Hyaluronique, ce lait \u00e0 la texture l\u00e9g\u00e8re hydrate et nourrit parfaitement, tout en apportant un effet nacr\u00e9. La peau sera scintillante, velout\u00e9e et hydrat\u00e9e.<\/p>\n<p><strong>Ergebnisse:<\/strong> La peau est douce, soyeuse et lumineuse.<\/p>\n<p><strong>Ideal f\u00fcr:<\/strong> Alle Hauttypen.<\/p>\n<p>Flacon 200 ml<\/p>","protected":false},"featured_media":29270,"comment_status":"open","ping_status":"closed","template":"","meta":[],"product_brand":[181],"product_cat":[234,202,200],"product_tag":[],"class_list":{"0":"post-29271","1":"product","2":"type-product","3":"status-publish","4":"has-post-thumbnail","6":"product_brand-gemology","7":"product_cat-corps-et-cheveux-soins","8":"product_cat-soins","9":"product_cat-tous-les-produits","11":"first","12":"instock","13":"taxable","14":"shipping-taxable","15":"purchasable","16":"product-type-simple"},"_links":{"self":[{"href":"https:\/\/gemology-cosmetics.ch\/de\/wp-json\/wp\/v2\/product\/29271","targetHints":{"allow":["GET"]}}],"collection":[{"href":"https:\/\/gemology-cosmetics.ch\/de\/wp-json\/wp\/v2\/product"}],"about":[{"href":"https:\/\/gemology-cosmetics.ch\/de\/wp-json\/wp\/v2\/types\/product"}],"replies":[{"embeddable":true,"href":"https:\/\/gemology-cosmetics.ch\/de\/wp-json\/wp\/v2\/comments?post=29271"}],"version-history":[{"count":0,"href":"https:\/\/gemology-cosmetics.ch\/de\/wp-json\/wp\/v2\/product\/29271\/revisions"}],"wp:featuredmedia":[{"embeddable":true,"href":"https:\/\/gemology-cosmetics.ch\/de\/wp-json\/wp\/v2\/media\/29270"}],"wp:attachment":[{"href":"https:\/\/gemology-cosmetics.ch\/de\/wp-json\/wp\/v2\/media?parent=29271"}],"wp:term":[{"taxonomy":"product_brand","embeddable":true,"href":"https:\/\/gemology-cosmetics.ch\/de\/wp-json\/wp\/v2\/product_brand?post=29271"},{"taxonomy":"product_cat","embeddable":true,"href":"https:\/\/gemology-cosmetics.ch\/de\/wp-json\/wp\/v2\/product_cat?post=29271"},{"taxonomy":"product_tag","embeddable":true,"href":"https:\/\/gemology-cosmetics.ch\/de\/wp-json\/wp\/v2\/product_tag?post=29271"}],"curies":[{"name":"wp","href":"https:\/\/api.w.org\/{rel}","templated":true}]}}