{"id":29275,"date":"2020-06-30T14:15:55","date_gmt":"2020-06-30T14:15:55","guid":{"rendered":"https:\/\/gemology-cosmetics.ch\/produit\/eau-d-ambre-bleue\/"},"modified":"2025-09-17T08:04:13","modified_gmt":"2025-09-17T08:04:13","slug":"eau-d-ambre-bleue","status":"publish","type":"product","link":"https:\/\/gemology-cosmetics.ch\/de\/produkt\/eau-d-ambre-bleue\/","title":{"rendered":"Blaues Bernsteinwasser"},"content":{"rendered":"<p><strong>Zutaten:<\/strong><\/p>\n<p>ALKOHOL DENAT, PARFUM, AQUA (WASSER), GAMMA METHYLIONON, CITRONELLOL, HEXYLZIMTALDEHYD, LIMONEN, HYDROXYCITRONELLAL, CITRAL, LINALOL, BERNSTEINPULVER, GERANIOL, CI42090.<\/p>","protected":false},"excerpt":{"rendered":"<p>Eau d&rsquo;Ambre Bleue Un hymne \u00e0 la f\u00e9minit\u00e9.<\/p>\n<p>Autour de notes florales et musqu\u00e9es pour r\u00e9v\u00e9ler la femme audacieuse.<\/p>\n<p><strong>Notes olfactives:<\/strong><\/p>\n<ul>\n<li>Citron vert, Bergamote, Lotus\n<\/li>\n<li>Muguet, Iris, Fleurs de Jasmin, Fressia\n<\/li>\n<li>P\u00e8che Blanche, Vanille, Musc Blanc.<\/li>\n<\/ul>\n<p><strong><br \/>Contenance:<\/strong> 100 ml<\/p>","protected":false},"featured_media":29274,"comment_status":"open","ping_status":"closed","template":"","meta":[],"product_brand":[181],"product_cat":[203,207,200],"product_tag":[],"class_list":{"0":"post-29275","1":"product","2":"type-product","3":"status-publish","4":"has-post-thumbnail","6":"product_brand-gemology","7":"product_cat-fragrances","8":"product_cat-parfums","9":"product_cat-tous-les-produits","11":"first","12":"instock","13":"taxable","14":"shipping-taxable","15":"purchasable","16":"product-type-simple"},"_links":{"self":[{"href":"https:\/\/gemology-cosmetics.ch\/de\/wp-json\/wp\/v2\/product\/29275","targetHints":{"allow":["GET"]}}],"collection":[{"href":"https:\/\/gemology-cosmetics.ch\/de\/wp-json\/wp\/v2\/product"}],"about":[{"href":"https:\/\/gemology-cosmetics.ch\/de\/wp-json\/wp\/v2\/types\/product"}],"replies":[{"embeddable":true,"href":"https:\/\/gemology-cosmetics.ch\/de\/wp-json\/wp\/v2\/comments?post=29275"}],"version-history":[{"count":0,"href":"https:\/\/gemology-cosmetics.ch\/de\/wp-json\/wp\/v2\/product\/29275\/revisions"}],"wp:featuredmedia":[{"embeddable":true,"href":"https:\/\/gemology-cosmetics.ch\/de\/wp-json\/wp\/v2\/media\/29274"}],"wp:attachment":[{"href":"https:\/\/gemology-cosmetics.ch\/de\/wp-json\/wp\/v2\/media?parent=29275"}],"wp:term":[{"taxonomy":"product_brand","embeddable":true,"href":"https:\/\/gemology-cosmetics.ch\/de\/wp-json\/wp\/v2\/product_brand?post=29275"},{"taxonomy":"product_cat","embeddable":true,"href":"https:\/\/gemology-cosmetics.ch\/de\/wp-json\/wp\/v2\/product_cat?post=29275"},{"taxonomy":"product_tag","embeddable":true,"href":"https:\/\/gemology-cosmetics.ch\/de\/wp-json\/wp\/v2\/product_tag?post=29275"}],"curies":[{"name":"wp","href":"https:\/\/api.w.org\/{rel}","templated":true}]}}