{"id":29279,"date":"2020-06-30T14:15:55","date_gmt":"2020-06-30T14:15:55","guid":{"rendered":"https:\/\/gemology-cosmetics.ch\/produit\/eau-de-diamant\/"},"modified":"2025-09-17T08:04:13","modified_gmt":"2025-09-17T08:04:13","slug":"eau-de-diamant","status":"publish","type":"product","link":"https:\/\/gemology-cosmetics.ch\/de\/produkt\/eau-de-diamant\/","title":{"rendered":"Diamantwasser"},"content":{"rendered":"<p><strong>Zutaten:<\/strong><\/p>\n<p>ALKOHOL DENAT, PARFUM, AQUA (WASSER), BENZYLSALICYLAT, LIMONEN, CUMARIN, DIAMANTPULVER.<\/p>","protected":false},"excerpt":{"rendered":"<p>Eau de Diamant Un hymne \u00e0 l&rsquo;\u00e9l\u00e9gance. Notes florales, Fleurs blanches telle l&rsquo;Orchid\u00e9e, Musc blanc pour des notes douces et poudr\u00e9es.<\/p>\n<p>NOTES OLFACTIVES:<br \/>Mandarine, Tub\u00e9reuse, \u00c9l\u00e9mi, Fleur d&rsquo;Oranger, Jasmin, Fleurs de Frangipanier, F\u00e8ves Tonka, Musc Blanc, Fleurs d&rsquo;Orchid\u00e9e<\/p>\n<p><strong>Kapazit\u00e4t:<\/strong> 100 ml Etui emboss\u00e9\u00a0<\/p>","protected":false},"featured_media":29278,"comment_status":"open","ping_status":"closed","template":"","meta":[],"product_brand":[181],"product_cat":[203,207,200],"product_tag":[],"class_list":{"0":"post-29279","1":"product","2":"type-product","3":"status-publish","4":"has-post-thumbnail","6":"product_brand-gemology","7":"product_cat-fragrances","8":"product_cat-parfums","9":"product_cat-tous-les-produits","11":"first","12":"instock","13":"taxable","14":"shipping-taxable","15":"purchasable","16":"product-type-simple"},"_links":{"self":[{"href":"https:\/\/gemology-cosmetics.ch\/de\/wp-json\/wp\/v2\/product\/29279","targetHints":{"allow":["GET"]}}],"collection":[{"href":"https:\/\/gemology-cosmetics.ch\/de\/wp-json\/wp\/v2\/product"}],"about":[{"href":"https:\/\/gemology-cosmetics.ch\/de\/wp-json\/wp\/v2\/types\/product"}],"replies":[{"embeddable":true,"href":"https:\/\/gemology-cosmetics.ch\/de\/wp-json\/wp\/v2\/comments?post=29279"}],"version-history":[{"count":0,"href":"https:\/\/gemology-cosmetics.ch\/de\/wp-json\/wp\/v2\/product\/29279\/revisions"}],"wp:featuredmedia":[{"embeddable":true,"href":"https:\/\/gemology-cosmetics.ch\/de\/wp-json\/wp\/v2\/media\/29278"}],"wp:attachment":[{"href":"https:\/\/gemology-cosmetics.ch\/de\/wp-json\/wp\/v2\/media?parent=29279"}],"wp:term":[{"taxonomy":"product_brand","embeddable":true,"href":"https:\/\/gemology-cosmetics.ch\/de\/wp-json\/wp\/v2\/product_brand?post=29279"},{"taxonomy":"product_cat","embeddable":true,"href":"https:\/\/gemology-cosmetics.ch\/de\/wp-json\/wp\/v2\/product_cat?post=29279"},{"taxonomy":"product_tag","embeddable":true,"href":"https:\/\/gemology-cosmetics.ch\/de\/wp-json\/wp\/v2\/product_tag?post=29279"}],"curies":[{"name":"wp","href":"https:\/\/api.w.org\/{rel}","templated":true}]}}