{"id":29282,"date":"2020-06-30T14:15:55","date_gmt":"2020-06-30T14:15:55","guid":{"rendered":"https:\/\/gemology-cosmetics.ch\/produit\/diffuseur-d-ambiance\/"},"modified":"2025-11-26T19:34:09","modified_gmt":"2025-11-26T19:34:09","slug":"diffuseur-d-ambiance","status":"publish","type":"product","link":"https:\/\/gemology-cosmetics.ch\/de\/produkt\/diffuseur-d-ambiance\/","title":{"rendered":"Raumdiffusor"},"content":{"rendered":"<p>Tipps zur Verwendung des Raumdiffusors:<\/p>\n<ul>\n<li>Schrauben Sie den schwarzen Ring ab, entfernen Sie die Plastikkappe und schrauben Sie den Ring wieder auf.<\/li>\n<li>Tauchen Sie die schwarzen Stiele in die Flasche und stellen Sie den Diffusor in den zu parf\u00fcmierenden Raum.<\/li>\n<li>Drehen Sie die Stiele von Zeit zu Zeit.<\/li>\n<\/ul>","protected":false},"excerpt":{"rendered":"<p>Entdecken Sie die olfaktorische Welt von Gemology mit dem White Tea and Fig Room Diffuser.<\/p>\n<p>Seine erhabenen Noten von Zitrusfr\u00fcchten und Feigen, kombiniert mit blumigen D\u00fcften von Tiar\u00e9-Bl\u00fcten und wei\u00dfen Blumen, bieten Ihnen eine einzigartige Kombination aus Zartheit und Subtilit\u00e4t in Ihrem Zuhause.\u00a0<\/p>\n<p><strong>Offizielle Hinweise:<\/strong> Eine erhabene Balance aus sonnigen, fruchtigen Noten von Zitrusfr\u00fcchten und Feigen, kombiniert mit den blumigen D\u00fcften von Tiar\u00e9-Bl\u00fcten und wei\u00dfen Bl\u00fcten, f\u00fcr ein Gourmet-Erlebnis mit Moschus- und Vanillearomen.\u00a0<\/p>\n<p><strong>Kapazit\u00e4t:<\/strong> 100 ml + schwarze Bambusst\u00e4bchen<\/p>","protected":false},"featured_media":29280,"comment_status":"open","ping_status":"closed","template":"","meta":[],"product_brand":[181],"product_cat":[211,203,206,208,200],"product_tag":[],"class_list":{"0":"post-29282","1":"product","2":"type-product","3":"status-publish","4":"has-post-thumbnail","6":"product_brand-gemology","7":"product_cat-diffuseurs-d-ambiance","8":"product_cat-fragrances","9":"product_cat-nos-selections","10":"product_cat-nouveautes","11":"product_cat-tous-les-produits","13":"first","14":"instock","15":"taxable","16":"shipping-taxable","17":"purchasable","18":"product-type-simple"},"_links":{"self":[{"href":"https:\/\/gemology-cosmetics.ch\/de\/wp-json\/wp\/v2\/product\/29282","targetHints":{"allow":["GET"]}}],"collection":[{"href":"https:\/\/gemology-cosmetics.ch\/de\/wp-json\/wp\/v2\/product"}],"about":[{"href":"https:\/\/gemology-cosmetics.ch\/de\/wp-json\/wp\/v2\/types\/product"}],"replies":[{"embeddable":true,"href":"https:\/\/gemology-cosmetics.ch\/de\/wp-json\/wp\/v2\/comments?post=29282"}],"version-history":[{"count":0,"href":"https:\/\/gemology-cosmetics.ch\/de\/wp-json\/wp\/v2\/product\/29282\/revisions"}],"wp:featuredmedia":[{"embeddable":true,"href":"https:\/\/gemology-cosmetics.ch\/de\/wp-json\/wp\/v2\/media\/29280"}],"wp:attachment":[{"href":"https:\/\/gemology-cosmetics.ch\/de\/wp-json\/wp\/v2\/media?parent=29282"}],"wp:term":[{"taxonomy":"product_brand","embeddable":true,"href":"https:\/\/gemology-cosmetics.ch\/de\/wp-json\/wp\/v2\/product_brand?post=29282"},{"taxonomy":"product_cat","embeddable":true,"href":"https:\/\/gemology-cosmetics.ch\/de\/wp-json\/wp\/v2\/product_cat?post=29282"},{"taxonomy":"product_tag","embeddable":true,"href":"https:\/\/gemology-cosmetics.ch\/de\/wp-json\/wp\/v2\/product_tag?post=29282"}],"curies":[{"name":"wp","href":"https:\/\/api.w.org\/{rel}","templated":true}]}}