{"id":29286,"date":"2020-06-30T14:15:55","date_gmt":"2020-06-30T14:15:55","guid":{"rendered":"https:\/\/gemology-cosmetics.ch\/produit\/creme-mains-ambre-bleue\/"},"modified":"2025-09-17T08:04:13","modified_gmt":"2025-09-17T08:04:13","slug":"creme-mains-ambre-bleue","status":"publish","type":"product","link":"https:\/\/gemology-cosmetics.ch\/de\/produkt\/creme-mains-ambre-bleue\/","title":{"rendered":"Blue Amber Handcreme"},"content":{"rendered":"<p><strong>Gebrauchsanweisung:<\/strong> F\u00fcr ein maximales Hautgef\u00fchl so oft wie n\u00f6tig auftragen.<\/p>\n<p><strong>Textur:<\/strong> Leichte Creme<\/p>\n<p><strong>Wertvolle Verm\u00f6genswerte:<\/strong> <\/p>\n<p>\u2013 <strong>Mineralien:<\/strong> Blauer Bernstein, Cranberrywasser, Buchweizen<br \/><strong><br \/>- Pflanzen:<\/strong> Sheabutter, Jojoba, Mimose, Sonnenblume<\/p>\n<ul>\n<li>OBAC (Blauer Bernstein, Cranberrywasser, Buchweizen) stimuliert die 5 Vitalfunktionen der Haut (Hydratation, Ern\u00e4hrung, Sauerstoffversorgung, Schutz, Regeneration), wirkt antioxidativ und gegen freie Radikale, sch\u00fctzt und st\u00e4rkt die Barrierefunktion.<\/li>\n<li>Sheabutter ist reich an Vitaminen, n\u00e4hrt, macht die Haut weich, beruhigt und restrukturiert sie. Sch\u00fctzt die Haut vor \u00e4u\u00dferen Einfl\u00fcssen.<\/li>\n<li>Jojoba sch\u00fctzt, pflegt und verlangsamt die Hautalterung.<\/li>\n<li>Mimose spendet der Haut Feuchtigkeit.<\/li>\n<li>Sonnenblumen sind ein Antioxidans, reparieren, hydratisieren, beruhigen und pflegen die Haut.<\/li>\n<li>Pflege garantiert parabenfrei, alkoholfrei und propylenglykolfrei.<\/li>\n<\/ul>\n<p><strong>Zutaten:<\/strong><\/p>\n<p>AQUA (WASSER), VACCINIUM MACROCARPON (CRANBERRY) FRUCHTWASSER*, GLYCERYLSTEARAT, CAPRYLIC\/CAPRIC TRIGLYCERIDE, JOJOBA-ESTER, CETEARYLALKOHOL, DICAPRYLYLCARBONAT, GLYCERIN, BUTYROSPERMUM PARKII (SHEA) BUTTER*, HELIANTHUS ANNUUS (SONNENBLUMEN) SAMENWACHS, GLUCONOLACTON, LYSOLECITHIN, SCLEROTIUM GUM, ACACIA DECURRENS, BL\u00dcTENWACHS, POLYGLYCERIN-3, GLYCERYLSTEARATCITRAT, NATRIUM, BENZOAT, XANTHANGUMMI, PULLULAN, PARFUM (DUFTSTOFF), ZITRONENS\u00c4URE, KIESELS\u00c4URE, KALZIUMGLUCONAT, BERNSTEINEXTRAKT, POLYGONUM FAGOPYRUM, SAMENEXTRAKT, TOCOPHEROL, KALIUMSORBAT.<\/p>","protected":false},"excerpt":{"rendered":"<p>Cette cr\u00e8me procure une peau douce, souple et l\u00e9g\u00e8rement parfum\u00e9e pour une sensation de bien-\u00eatre. L&rsquo;action anti-oxydante de l&rsquo;Ambre Bleu permet de prot\u00e9ger la peau contre la pollution et les agressions et facilite sa r\u00e9g\u00e9n\u00e9ration.<\/p>\n<p><strong>Ergebnisse:<\/strong> La peau est profond\u00e9ment hydrat\u00e9e pour un confort optimal.<\/p>\n<p><strong>Ideal f\u00fcr:<\/strong> Tous les types de peaux<\/p>\n<p>Tube 40ml<\/p>","protected":false},"featured_media":29283,"comment_status":"open","ping_status":"closed","template":"","meta":[],"product_brand":[181],"product_cat":[234,250,202,200],"product_tag":[],"class_list":{"0":"post-29286","1":"product","2":"type-product","3":"status-publish","4":"has-post-thumbnail","6":"product_brand-gemology","7":"product_cat-corps-et-cheveux-soins","8":"product_cat-peaux-jeunes-soins","9":"product_cat-soins","10":"product_cat-tous-les-produits","12":"first","13":"instock","14":"taxable","15":"shipping-taxable","16":"purchasable","17":"product-type-simple"},"_links":{"self":[{"href":"https:\/\/gemology-cosmetics.ch\/de\/wp-json\/wp\/v2\/product\/29286","targetHints":{"allow":["GET"]}}],"collection":[{"href":"https:\/\/gemology-cosmetics.ch\/de\/wp-json\/wp\/v2\/product"}],"about":[{"href":"https:\/\/gemology-cosmetics.ch\/de\/wp-json\/wp\/v2\/types\/product"}],"replies":[{"embeddable":true,"href":"https:\/\/gemology-cosmetics.ch\/de\/wp-json\/wp\/v2\/comments?post=29286"}],"version-history":[{"count":0,"href":"https:\/\/gemology-cosmetics.ch\/de\/wp-json\/wp\/v2\/product\/29286\/revisions"}],"wp:featuredmedia":[{"embeddable":true,"href":"https:\/\/gemology-cosmetics.ch\/de\/wp-json\/wp\/v2\/media\/29283"}],"wp:attachment":[{"href":"https:\/\/gemology-cosmetics.ch\/de\/wp-json\/wp\/v2\/media?parent=29286"}],"wp:term":[{"taxonomy":"product_brand","embeddable":true,"href":"https:\/\/gemology-cosmetics.ch\/de\/wp-json\/wp\/v2\/product_brand?post=29286"},{"taxonomy":"product_cat","embeddable":true,"href":"https:\/\/gemology-cosmetics.ch\/de\/wp-json\/wp\/v2\/product_cat?post=29286"},{"taxonomy":"product_tag","embeddable":true,"href":"https:\/\/gemology-cosmetics.ch\/de\/wp-json\/wp\/v2\/product_tag?post=29286"}],"curies":[{"name":"wp","href":"https:\/\/api.w.org\/{rel}","templated":true}]}}