{"id":29296,"date":"2020-06-30T14:15:55","date_gmt":"2020-06-30T14:15:55","guid":{"rendered":"https:\/\/gemology-cosmetics.ch\/produit\/caresse-de-diamant-lait-pour-le-corps\/"},"modified":"2025-10-24T14:41:58","modified_gmt":"2025-10-24T14:41:58","slug":"caresse-de-diamant-lait-pour-le-corps","status":"publish","type":"product","link":"https:\/\/gemology-cosmetics.ch\/de\/produkt\/caresse-de-diamant-lait-pour-le-corps\/","title":{"rendered":"Diamond Caress \u2013 K\u00f6rperlotion"},"content":{"rendered":"<p><strong>Gebrauchsanweisung:<\/strong> Morgens und\/oder abends auf die saubere, trockene Haut des K\u00f6rpers auftragen.<\/p>\n<p><strong>Textur:<\/strong> Emulsion<\/p>\n<p><strong>Wertvolle Verm\u00f6genswerte:<\/strong> <\/p>\n<p><strong>\u2013 Mineralien:<\/strong> Diamant<\/p>\n<ul>\n<li>Diamant: Diamant verleiht Ihrer Haut durch seinen Weichzeichnereffekt Leuchtkraft.<\/li>\n<\/ul>\n<p>Pflege garantiert parabenfrei, alkoholfrei und propylenglykolfrei.<\/p>\n<\/p>\n<p><strong>Zutaten:<\/strong><\/p>\n<p>AQUA (WASSER), PARAFFINUM LIQUIDUM (MINERAL\u00d6L), SORBITOL, PHENOXYETHANOL, NATRIUMACRYLAT-COPOLYMER, PARFUM (DUFTSTOFF), CARBOMER, XANTHANGUMMI, STEARINS\u00c4URE, CETEARETH-25, CETEARYLALKOHOL, PPG-1 TRIDECETH-6, HYDRIERTE KIESELS\u00c4URE, SORBITANOLEAT, CAPRYLYLGLYKOL, DECYLENGLYKOL, ALKOHOL, GLYCERIN, PENTANATRIUMPENTETAT, SAPHIRPULVER, HYDROXYETHYLCELLULOSE, DIAMANTPULVER, ALPHA-ISOMETHYLIONON, LINALOOL, CITRONELLOL, LIMONEN, ZIMTALKOHOL, GERANIOL, HYDROXYCITRONELLAL, CITRAL<\/p>","protected":false},"excerpt":{"rendered":"<p>Eine K\u00f6rperlotion mit Saphir und Diamant mit einem Gef\u00fchl der Frische, die schnell von der Haut aufgenommen wird und Ihnen den ganzen Tag \u00fcber ein Gef\u00fchl der Behaglichkeit verleiht.<\/p>\n<p><strong>Ergebnisse:<\/strong> Die Haut wird mit Feuchtigkeit versorgt und gepflegt.<\/p>\n<p><strong>Ideal f\u00fcr:<\/strong> Alle Hauttypen.<\/p>\n<p>300 ml Pumpflasche<\/p>","protected":false},"featured_media":29293,"comment_status":"open","ping_status":"closed","template":"","meta":[],"product_brand":[181],"product_cat":[234,226,205,206,202,200],"product_tag":[],"class_list":{"0":"post-29296","1":"product","2":"type-product","3":"status-publish","4":"has-post-thumbnail","6":"product_brand-gemology","7":"product_cat-corps-et-cheveux-soins","8":"product_cat-idees-cadeaux-nos-selections","9":"product_cat-meilleures-ventes","10":"product_cat-nos-selections","11":"product_cat-soins","12":"product_cat-tous-les-produits","14":"first","15":"instock","16":"taxable","17":"shipping-taxable","18":"purchasable","19":"product-type-simple"},"_links":{"self":[{"href":"https:\/\/gemology-cosmetics.ch\/de\/wp-json\/wp\/v2\/product\/29296","targetHints":{"allow":["GET"]}}],"collection":[{"href":"https:\/\/gemology-cosmetics.ch\/de\/wp-json\/wp\/v2\/product"}],"about":[{"href":"https:\/\/gemology-cosmetics.ch\/de\/wp-json\/wp\/v2\/types\/product"}],"replies":[{"embeddable":true,"href":"https:\/\/gemology-cosmetics.ch\/de\/wp-json\/wp\/v2\/comments?post=29296"}],"version-history":[{"count":0,"href":"https:\/\/gemology-cosmetics.ch\/de\/wp-json\/wp\/v2\/product\/29296\/revisions"}],"wp:featuredmedia":[{"embeddable":true,"href":"https:\/\/gemology-cosmetics.ch\/de\/wp-json\/wp\/v2\/media\/29293"}],"wp:attachment":[{"href":"https:\/\/gemology-cosmetics.ch\/de\/wp-json\/wp\/v2\/media?parent=29296"}],"wp:term":[{"taxonomy":"product_brand","embeddable":true,"href":"https:\/\/gemology-cosmetics.ch\/de\/wp-json\/wp\/v2\/product_brand?post=29296"},{"taxonomy":"product_cat","embeddable":true,"href":"https:\/\/gemology-cosmetics.ch\/de\/wp-json\/wp\/v2\/product_cat?post=29296"},{"taxonomy":"product_tag","embeddable":true,"href":"https:\/\/gemology-cosmetics.ch\/de\/wp-json\/wp\/v2\/product_tag?post=29296"}],"curies":[{"name":"wp","href":"https:\/\/api.w.org\/{rel}","templated":true}]}}