{"id":29304,"date":"2020-06-30T14:15:55","date_gmt":"2020-06-30T14:15:55","guid":{"rendered":"https:\/\/gemology-cosmetics.ch\/produit\/creme-supreme-perle-blanche\/"},"modified":"2025-09-17T08:04:14","modified_gmt":"2025-09-17T08:04:14","slug":"creme-supreme-perle-blanche","status":"publish","type":"product","link":"https:\/\/gemology-cosmetics.ch\/de\/produkt\/creme-supreme-perle-blanche\/","title":{"rendered":"Supreme White Pearl Creme"},"content":{"rendered":"<p><strong><strong>Gebrauchsanweisung:<\/strong>\u00a0<\/strong>Morgens und\/oder abends mit leichten Strichen auf Gesicht und Hals auftragen.<\/p>\n<p><strong>Textur:<\/strong> Leichte Creme\u00a0<\/p>\n<p><strong>Wertvolle Verm\u00f6genswerte:<\/strong>\u00a0<\/p>\n<p><strong>\u2013 Mineral:<\/strong> Wei\u00dfe Perle\u00a0<\/p>\n<p><strong>- Andere :<\/strong> Hyalurons\u00e4ure\u00a0<\/p>\n<ul>\n<li>GemWhite: Stimuliert die Ausstrahlung der Haut durch Reduzierung des Melanintransfers, der MSH-Hormonsynthese und Begrenzung der Melaninsynthese\u00a0<\/li>\n<li>Weichmacher: Verhindert Wasserverlust, spendet Feuchtigkeit und macht die Haut weich\u00a0<\/li>\n<li>Bisabolol: Aufhellende Wirkung\u00a0<\/li>\n<li>Silizium- und Rhamnosekomplex: Aufhellende Wirkung auf Pigmentflecken sowie feuchtigkeitsspendende und Anti-Aging-Eigenschaften<\/li>\n<\/ul>\n<p>Pflege garantiert parabenfrei, alkoholfrei und propylenglykolfrei.<\/p>\n<p><strong><br \/>Zutaten:<\/strong><\/p>\n<p>AQUA (WASSER), ISOAMYLLAURAT, ISODECYLNEOPENTANOAT, GLYCERINSTEARAT, DIMETHICON-CROSSPOLYMER, PHENOXYETHANOL, PARFUM (DUFTSTOFF), NIACINAMID, POLYISOBUTEN, CETETH-20, STEARETH-20, CAPRYLYLGLYKOL, ACRYLATE\/C10-30 ALKYLACRYLAT-CROSSPOLYMER, ASCORBYLGLUCOSID, CHLORPHENESIN, RHAMNOSE, DINATRIUM EDTA, NATRIUMHYALURONAT, TOCOPHERYLACETAT, POLYSORBAT 20, SORBITAN-ISOSTEARAT, PERLMUTTPULVER, ADENOSIN, NATRIUMHYDROXID, ZITRONENS\u00c4URE, SILANTRIOL<\/p><\/p>","protected":false},"excerpt":{"rendered":"<p>Retrouvez un teint lumineux et prot\u00e9g\u00e9 des agressions ext\u00e9rieures avec la Cr\u00e8me Supr\u00eame Perle Blanche.<\/p>\n<p>Gr\u00e2ce \u00e0 la Cr\u00e8me Supr\u00eame Perle Blanche, Gemology prot\u00e8ge votre peau des agressions ext\u00e9rieures que sont le stress ou la pollution. Gog\u00e9e en silicium, perle blanche et vitamine C stabilis\u00e9e la cr\u00e8me agit au c\u0153ur de votre \u00e9piderme pour l&rsquo;hydrater en profondeur et lutter contre l&rsquo;hyperpigmentation et les signes du vieillissement.<\/p>\n<p><strong>Ergebnisse:<\/strong> La peau est hydrat\u00e9e, plus lumineuse et liss\u00e9e, les taches pigmentaires att\u00e9nu\u00e9es.<\/p>\n<p><strong>Ideal f\u00fcr:<\/strong> Tous les types de peaux avec de l&rsquo;hyperpigmentation et des signes de vieillissement.<\/p>\n<p>Pot 50ml<\/p>","protected":false},"featured_media":29301,"comment_status":"open","ping_status":"closed","template":"","meta":[],"product_brand":[181],"product_cat":[220,248,202,200],"product_tag":[],"class_list":{"0":"post-29304","1":"product","2":"type-product","3":"status-publish","4":"has-post-thumbnail","6":"product_brand-gemology","7":"product_cat-cremes-soins","8":"product_cat-peaux-ternes-soins","9":"product_cat-soins","10":"product_cat-tous-les-produits","12":"first","13":"instock","14":"taxable","15":"shipping-taxable","16":"purchasable","17":"product-type-simple"},"_links":{"self":[{"href":"https:\/\/gemology-cosmetics.ch\/de\/wp-json\/wp\/v2\/product\/29304","targetHints":{"allow":["GET"]}}],"collection":[{"href":"https:\/\/gemology-cosmetics.ch\/de\/wp-json\/wp\/v2\/product"}],"about":[{"href":"https:\/\/gemology-cosmetics.ch\/de\/wp-json\/wp\/v2\/types\/product"}],"replies":[{"embeddable":true,"href":"https:\/\/gemology-cosmetics.ch\/de\/wp-json\/wp\/v2\/comments?post=29304"}],"version-history":[{"count":0,"href":"https:\/\/gemology-cosmetics.ch\/de\/wp-json\/wp\/v2\/product\/29304\/revisions"}],"wp:featuredmedia":[{"embeddable":true,"href":"https:\/\/gemology-cosmetics.ch\/de\/wp-json\/wp\/v2\/media\/29301"}],"wp:attachment":[{"href":"https:\/\/gemology-cosmetics.ch\/de\/wp-json\/wp\/v2\/media?parent=29304"}],"wp:term":[{"taxonomy":"product_brand","embeddable":true,"href":"https:\/\/gemology-cosmetics.ch\/de\/wp-json\/wp\/v2\/product_brand?post=29304"},{"taxonomy":"product_cat","embeddable":true,"href":"https:\/\/gemology-cosmetics.ch\/de\/wp-json\/wp\/v2\/product_cat?post=29304"},{"taxonomy":"product_tag","embeddable":true,"href":"https:\/\/gemology-cosmetics.ch\/de\/wp-json\/wp\/v2\/product_tag?post=29304"}],"curies":[{"name":"wp","href":"https:\/\/api.w.org\/{rel}","templated":true}]}}