{"id":29306,"date":"2020-06-30T14:15:55","date_gmt":"2020-06-30T14:15:55","guid":{"rendered":"https:\/\/gemology-cosmetics.ch\/produit\/bijou-nacre-demaquillant-visage-format-voyage\/"},"modified":"2025-09-17T08:04:14","modified_gmt":"2025-09-17T08:04:14","slug":"bijou-nacre-demaquillant-visage-format-voyage","status":"publish","type":"product","link":"https:\/\/gemology-cosmetics.ch\/de\/produkt\/bijou-nacre-demaquillant-visage-format-voyage\/","title":{"rendered":"Pearly Jewel \u2013 Gesichts-Make-up-Entferner \u2013 Reisegr\u00f6\u00dfe"},"content":{"rendered":"<p><strong>Gebrauchsanweisung:<\/strong> Nehmen Sie eine kleine Menge in Ihre H\u00e4nde und emulgieren Sie sie auf der Haut, sodass sich die Milch in Wasser verwandelt, und sp\u00fclen Sie sie anschlie\u00dfend mit feuchten Kompressen ab.<\/p>\n<p><strong>Textur:<\/strong> Milch, die sich in Wasser verwandelt.<\/p>\n<p><strong>Wertvolle Verm\u00f6genswerte:<\/strong> <\/p>\n<p>\u2013 <strong>Mineralien:<\/strong> Mondstein<br \/><strong>- Pflanzen:<\/strong> S\u00fc\u00dfholzextrakt<\/p>\n<ul>\n<li>Mondstein ist <strong>reich an Silizium und Kalium<\/strong>\u00a0<\/li>\n<li>Diese Spurenelemente f\u00f6rdern jeweils:\u00a0<\/li>\n<li>Dort <strong>Kollagensynthese<\/strong>,\u00a0<\/li>\n<li>L&#039;<strong>Wasserhaushalt der Zellen<\/strong><\/li>\n<li>S\u00fc\u00dfholzextrakt, reich an 18beta-Glycyrrhetins\u00e4ure, ist bekannt f\u00fcr seine <strong>entz\u00fcndungshemmende, reinigende und weichmachende Eigenschaften<\/strong>.<\/li>\n<\/ul>\n<p>Pflege garantiert parabenfrei, alkoholfrei und propylenglykolfrei.<\/p>\n<p><strong>Zutaten:<\/strong><\/p>\n<p>AQUA (WASSER), C15-C19-ALKANE, GLYCERIN, AMONIUMACRYLOYLDIMETHYLTAURATE\/VP-COPOLYMER, BENZYLALKOHOL, NATRIUMBAUMWOLLSAMEN-AMPHOACETAT, PARFUM (DUFTSTOFF), CITRULLUS LANATUS (WASSERMELONE)-SAMEN\u00d6L, DEHYDROESSIGS\u00c4URE, MALTODEXTRIN, GLYCYRRHIZA GLABRA (S\u00dcSSHOLZ)-WURZELEXTRAKT, LINUM CANDIDUM-BL\u00dcTENEXTRAKT, LINUM USITATISSIUM (LEINSAMEN)-SAMENEXTRAKT, TOCOPHEROLACETAT, GLYKOL, PENTAPEPTID-18, BENZYLSALICYLAT.<\/p>","protected":false},"excerpt":{"rendered":"<p>Bijou Nacr\u00e9 \u00e9limine en douceur le maquillage et les impuret\u00e9s quotidiennes. Sa texture assure un confort extr\u00eame associ\u00e9 \u00e0 une sensation de fra\u00eecheur gr\u00e2ce \u00e0 un lait qui se transforme en eau \u00e0 l&rsquo;application. Votre peau est propre et douce.<\/p>\n<p><strong>Ergebnisse:<\/strong> Le visage est net, frais et purifi\u00e9.<\/p>\n<p><strong>Ideal f\u00fcr:<\/strong> Tous les types de peaux m\u00eame les plus sensibles.<\/p>\n<p>Flacon 40 ml<\/p>","protected":false},"featured_media":29305,"comment_status":"open","ping_status":"closed","template":"","meta":[],"product_brand":[181],"product_cat":[236,238,202,222,200],"product_tag":[],"class_list":{"0":"post-29306","1":"product","2":"type-product","3":"status-publish","4":"has-post-thumbnail","6":"product_brand-gemology","7":"product_cat-formats-voyage-soins","8":"product_cat-nettoyants-et-specifiques-soins","9":"product_cat-soins","10":"product_cat-tailles-voyages-nos-selections","11":"product_cat-tous-les-produits","13":"first","14":"instock","15":"taxable","16":"shipping-taxable","17":"purchasable","18":"product-type-simple"},"_links":{"self":[{"href":"https:\/\/gemology-cosmetics.ch\/de\/wp-json\/wp\/v2\/product\/29306","targetHints":{"allow":["GET"]}}],"collection":[{"href":"https:\/\/gemology-cosmetics.ch\/de\/wp-json\/wp\/v2\/product"}],"about":[{"href":"https:\/\/gemology-cosmetics.ch\/de\/wp-json\/wp\/v2\/types\/product"}],"replies":[{"embeddable":true,"href":"https:\/\/gemology-cosmetics.ch\/de\/wp-json\/wp\/v2\/comments?post=29306"}],"version-history":[{"count":0,"href":"https:\/\/gemology-cosmetics.ch\/de\/wp-json\/wp\/v2\/product\/29306\/revisions"}],"wp:featuredmedia":[{"embeddable":true,"href":"https:\/\/gemology-cosmetics.ch\/de\/wp-json\/wp\/v2\/media\/29305"}],"wp:attachment":[{"href":"https:\/\/gemology-cosmetics.ch\/de\/wp-json\/wp\/v2\/media?parent=29306"}],"wp:term":[{"taxonomy":"product_brand","embeddable":true,"href":"https:\/\/gemology-cosmetics.ch\/de\/wp-json\/wp\/v2\/product_brand?post=29306"},{"taxonomy":"product_cat","embeddable":true,"href":"https:\/\/gemology-cosmetics.ch\/de\/wp-json\/wp\/v2\/product_cat?post=29306"},{"taxonomy":"product_tag","embeddable":true,"href":"https:\/\/gemology-cosmetics.ch\/de\/wp-json\/wp\/v2\/product_tag?post=29306"}],"curies":[{"name":"wp","href":"https:\/\/api.w.org\/{rel}","templated":true}]}}