{"id":29308,"date":"2020-06-30T14:15:55","date_gmt":"2020-06-30T14:15:55","guid":{"rendered":"https:\/\/gemology-cosmetics.ch\/produit\/quartz-rose-lotion-visage-format-voyage\/"},"modified":"2025-09-17T08:04:16","modified_gmt":"2025-09-17T08:04:16","slug":"quartz-rose-lotion-visage-format-voyage","status":"publish","type":"product","link":"https:\/\/gemology-cosmetics.ch\/de\/produkt\/quartz-rose-lotion-visage-format-voyage\/","title":{"rendered":"Rosenquarz \u2013 Gesichtslotion \u2013 Reisegr\u00f6\u00dfe"},"content":{"rendered":"<p><strong>Gebrauchsanweisung:<\/strong> Morgens und abends nach der Reinigung oder dem Abschminken direkt mit den Fingern auf das Gesicht auftragen und glatt streichen. Ein Abwischen ist nicht erforderlich.<\/p>\n<p><strong>Textur:<\/strong> Gellotion<\/p>\n<p><strong>Wertvolle Verm\u00f6genswerte:<br \/><\/strong> <br \/>\u2013 <strong>Mineralien:<\/strong> Rosenquarz<\/p>\n<p><strong>- Andere :<\/strong> Tetrapeptid, Hyalurons\u00e4ure<\/p>\n<ul>\n<li>Rosenquarz ist reich an Silizium. Dieses Spurenelement f\u00f6rdert die Kollagensynthese und verbessert die Hautelastizit\u00e4t.\u00a0<\/li>\n<li>Tetrapeptid hat abschwellende Eigenschaften und reduziert Schwellungen unter den Augen.<\/li>\n<li>Hyalurons\u00e4ure ist ein kraftvoller Feuchtigkeitsspender und aufpolsternder Wirkstoff.<\/li>\n<\/ul>\n<p>Pflege garantiert parabenfrei, alkoholfrei und propylenglykolfrei.<\/p>\n<\/p>\n<p><strong>Zutaten:<\/strong><\/p>\n<p>AQUA (WASSER), ROSA DAMASCENA BL\u00dcTENWASSER, POLYSORBAT 20, GLYCERIN, BENZYLALKOHOL, NATRIUMBENZOAT, JASMINUM OFFICINALE (JASMIN) BL\u00dcTENEXTRAKT, DEHYDROESSIGS\u00c4URE, NATRIUMHYALURONAT, MALTODEXTRIN, AMETHYSTPULVER, PANAX GINSENG (GINSENG) WURZELEXTRAKT, QUARZ, SALIX ALBA (WEIDE) BLATTEXTRAKT, ROSA GALLICA BL\u00dcTENEXTRAKT, MALACHITEXTRAKT, CAPRYLYLGLYKOL, CI 17200 (ROT 33), PENTAPEPTID-18, CITRONELLOL<\/p>","protected":false},"excerpt":{"rendered":"<p>Cette lotion est un v\u00e9ritable produit de soin. Enrichie en silicium de Quartz Rose et d&rsquo;Am\u00e9thyste, elle purifie et adoucit la peau. Compl\u00e9t\u00e9e par l&rsquo;acide hyaluronique et des huiles essentielles de fleurs, elle vous apporte une sensation de fra\u00eecheur unique.<\/p>\n<p><strong>Ergebnisse:<\/strong> la peau est parfaitement hydrat\u00e9e, adoucie et tonifi\u00e9e. Le teint est plus frais et lumineux.<\/p>\n<p><strong>Ideal f\u00fcr:<\/strong> les peaux en manque d&rsquo;\u00e9clat et d&rsquo;hydratation.<\/p>\n<p>Flacon 40 ml<\/p>","protected":false},"featured_media":29307,"comment_status":"open","ping_status":"closed","template":"","meta":[],"product_brand":[181],"product_cat":[236,226,206,240,202,222,200],"product_tag":[],"class_list":{"0":"post-29308","1":"product","2":"type-product","3":"status-publish","4":"has-post-thumbnail","6":"product_brand-gemology","7":"product_cat-formats-voyage-soins","8":"product_cat-idees-cadeaux-nos-selections","9":"product_cat-nos-selections","10":"product_cat-peaux-seches-soins","11":"product_cat-soins","12":"product_cat-tailles-voyages-nos-selections","13":"product_cat-tous-les-produits","15":"first","16":"instock","17":"taxable","18":"shipping-taxable","19":"purchasable","20":"product-type-simple"},"_links":{"self":[{"href":"https:\/\/gemology-cosmetics.ch\/de\/wp-json\/wp\/v2\/product\/29308","targetHints":{"allow":["GET"]}}],"collection":[{"href":"https:\/\/gemology-cosmetics.ch\/de\/wp-json\/wp\/v2\/product"}],"about":[{"href":"https:\/\/gemology-cosmetics.ch\/de\/wp-json\/wp\/v2\/types\/product"}],"replies":[{"embeddable":true,"href":"https:\/\/gemology-cosmetics.ch\/de\/wp-json\/wp\/v2\/comments?post=29308"}],"version-history":[{"count":0,"href":"https:\/\/gemology-cosmetics.ch\/de\/wp-json\/wp\/v2\/product\/29308\/revisions"}],"wp:featuredmedia":[{"embeddable":true,"href":"https:\/\/gemology-cosmetics.ch\/de\/wp-json\/wp\/v2\/media\/29307"}],"wp:attachment":[{"href":"https:\/\/gemology-cosmetics.ch\/de\/wp-json\/wp\/v2\/media?parent=29308"}],"wp:term":[{"taxonomy":"product_brand","embeddable":true,"href":"https:\/\/gemology-cosmetics.ch\/de\/wp-json\/wp\/v2\/product_brand?post=29308"},{"taxonomy":"product_cat","embeddable":true,"href":"https:\/\/gemology-cosmetics.ch\/de\/wp-json\/wp\/v2\/product_cat?post=29308"},{"taxonomy":"product_tag","embeddable":true,"href":"https:\/\/gemology-cosmetics.ch\/de\/wp-json\/wp\/v2\/product_tag?post=29308"}],"curies":[{"name":"wp","href":"https:\/\/api.w.org\/{rel}","templated":true}]}}