{"id":29312,"date":"2020-06-30T14:15:55","date_gmt":"2020-06-30T14:15:55","guid":{"rendered":"https:\/\/gemology-cosmetics.ch\/produit\/creme-au-jade-creme-peaux-seches-format-voyage\/"},"modified":"2025-09-17T08:04:16","modified_gmt":"2025-09-17T08:04:16","slug":"creme-au-jade-creme-peaux-seches-format-voyage","status":"publish","type":"product","link":"https:\/\/gemology-cosmetics.ch\/de\/produkt\/creme-au-jade-creme-peaux-seches-format-voyage\/","title":{"rendered":"Jade Cream \u2013 Creme f\u00fcr trockene Haut \u2013 Reisegr\u00f6\u00dfe"},"content":{"rendered":"<p><strong>Gebrauchsanweisung:<\/strong> Morgens und\/oder abends auftragen.<\/p>\n<p><strong>Textur:<\/strong> Samtige Creme.<\/p>\n<p><strong>Wertvolle Verm\u00f6genswerte:<br \/><\/strong> <br \/>\u2013 <strong>Mineralien:<\/strong> Jade, Turmalin<br \/><strong><br \/>- Pflanzen:<\/strong> Mangobutter, Baobab\u00f6l, Kamelie, Sophora Japonica<br \/><strong><br \/>- Andere :<\/strong> Hyalurons\u00e4ure<\/p>\n<ul>\n<li>Jade ist reich an Silizium und Eisen. Diese beiden Spurenelemente f\u00f6rdern jeweils:\n<ul>\n<li>Kollagenproduktion in Zellen<\/li>\n<li>Schutz der oxidierenden Umgebung<\/li>\n<\/ul>\n<\/li>\n<li>Turmalin wird in Form von Mikropartikeln verwendet, die die Hauttemperatur um 0,5 \u00b0C erh\u00f6hen. Dieser thermische Effekt verbessert die Mikrozirkulation und somit die Ern\u00e4hrung und Sauerstoffversorgung der Haut.<\/li>\n<li>Mangobutter ist f\u00fcr ihre weichmachenden und beruhigenden Eigenschaften bekannt.<\/li>\n<li>Baobab\u00f6l hat feuchtigkeitsspendende Eigenschaften.<\/li>\n<li>Kamelie ist f\u00fcr ihre beruhigenden Eigenschaften bekannt.<\/li>\n<li>Sophora Japonica f\u00f6rdert den Schutz vor freien Radikalen und UV-Strahlen.<\/li>\n<li>Hyalurons\u00e4ure ist ein starker Feuchtigkeitsspender, der 24 Stunden lang f\u00fcr ein angenehmes Hautgef\u00fchl sorgt.<\/li>\n<\/ul>\n<p>Pflege garantiert parabenfrei, alkoholfrei und propylenglykolfrei.<\/p>\n<p><strong>Zutaten:<\/strong><\/p>\n<p>AQUA (WASSER), DICAPRYLYLCARBONAT, GLYCERIN, DIMETHICON, ISOHEXADECAN, MANGIFERA INDICA (MANGO)-SAMENBUTTER, SQUALAN, CETYLALKOHOL, GLYCERYLSTEARAT, CYCLOPENTASILOXAN, ADANSONIA DIGITATA (SAMEN)-\u00d6L, SCHINZIOPHYTON RAUTANENII-KERN\u00d6L, PEG-75-STEARAT, PARFUM (DUFTSTOFF), CETETH-20, STEARETH-20, CYCLOHEXASILOXAN, CHLORPHENESIN, BENZYLALKOHOL, ACRYLATE\/C10-30-ALKYLACRYLAT-KREUZPOLYMER, TURMALIN, NEPHRITPULVER, NATRIUMHYALURONAT, SOPHORA JAPONICA-BL\u00dcTENEXTRAKT, TOCOPHERYLACETAT, MALTODEXTRIN,<\/p>","protected":false},"excerpt":{"rendered":"<p>Diese Creme sch\u00fctzt die Haut wirksam vor t\u00e4glichen Belastungen (Stress, Umweltverschmutzung etc.). Sie st\u00e4rkt die Haut durch intensive Pflege und Schutz. Jade unterst\u00fctzt die Haut dabei, Hautalterung und Austrocknung effektiv entgegenzuwirken.<\/p>\n<p><strong>Ergebnisse:<\/strong> Die Haut wird mit Feuchtigkeit versorgt und gegl\u00e4ttet. Sie f\u00fchlt sich wieder angenehm weich an.<\/p>\n<p><strong>Ideal f\u00fcr:<\/strong> Reife, trockene Haut.<\/p>\n<p>Pot 15 ml<\/p>","protected":false},"featured_media":29311,"comment_status":"open","ping_status":"closed","template":"","meta":[],"product_brand":[181],"product_cat":[236,226,206,240,202,222,200],"product_tag":[],"class_list":{"0":"post-29312","1":"product","2":"type-product","3":"status-publish","4":"has-post-thumbnail","6":"product_brand-gemology","7":"product_cat-formats-voyage-soins","8":"product_cat-idees-cadeaux-nos-selections","9":"product_cat-nos-selections","10":"product_cat-peaux-seches-soins","11":"product_cat-soins","12":"product_cat-tailles-voyages-nos-selections","13":"product_cat-tous-les-produits","15":"first","16":"instock","17":"taxable","18":"shipping-taxable","19":"purchasable","20":"product-type-simple"},"_links":{"self":[{"href":"https:\/\/gemology-cosmetics.ch\/de\/wp-json\/wp\/v2\/product\/29312","targetHints":{"allow":["GET"]}}],"collection":[{"href":"https:\/\/gemology-cosmetics.ch\/de\/wp-json\/wp\/v2\/product"}],"about":[{"href":"https:\/\/gemology-cosmetics.ch\/de\/wp-json\/wp\/v2\/types\/product"}],"replies":[{"embeddable":true,"href":"https:\/\/gemology-cosmetics.ch\/de\/wp-json\/wp\/v2\/comments?post=29312"}],"version-history":[{"count":0,"href":"https:\/\/gemology-cosmetics.ch\/de\/wp-json\/wp\/v2\/product\/29312\/revisions"}],"wp:featuredmedia":[{"embeddable":true,"href":"https:\/\/gemology-cosmetics.ch\/de\/wp-json\/wp\/v2\/media\/29311"}],"wp:attachment":[{"href":"https:\/\/gemology-cosmetics.ch\/de\/wp-json\/wp\/v2\/media?parent=29312"}],"wp:term":[{"taxonomy":"product_brand","embeddable":true,"href":"https:\/\/gemology-cosmetics.ch\/de\/wp-json\/wp\/v2\/product_brand?post=29312"},{"taxonomy":"product_cat","embeddable":true,"href":"https:\/\/gemology-cosmetics.ch\/de\/wp-json\/wp\/v2\/product_cat?post=29312"},{"taxonomy":"product_tag","embeddable":true,"href":"https:\/\/gemology-cosmetics.ch\/de\/wp-json\/wp\/v2\/product_tag?post=29312"}],"curies":[{"name":"wp","href":"https:\/\/api.w.org\/{rel}","templated":true}]}}