{"id":29314,"date":"2020-06-30T14:15:55","date_gmt":"2020-06-30T14:15:55","guid":{"rendered":"https:\/\/gemology-cosmetics.ch\/produit\/creme-jeunesse-diamant-format-voyage\/"},"modified":"2025-09-17T08:04:16","modified_gmt":"2025-09-17T08:04:16","slug":"creme-jeunesse-diamant-format-voyage","status":"publish","type":"product","link":"https:\/\/gemology-cosmetics.ch\/de\/produkt\/creme-jeunesse-diamant-format-voyage\/","title":{"rendered":"Diamond Youth Cream \u2013 Reisegr\u00f6\u00dfe"},"content":{"rendered":"<p><strong>Gebrauchsanweisung:<\/strong> Morgens und\/oder abends auftragen<\/p>\n<p><strong>Textur:<\/strong> Creme, Samteffekt<\/p>\n<p><strong>Wertvolle Verm\u00f6genswerte:<\/p>\n<p><\/strong><\/p>\n<p>\u2013 <strong>Mineralien:<\/strong> Diamant 0,2 Karat \/ 50 ml<\/p>\n<p><strong>- Pflanzen:<\/strong> Extrakte aus Orchidee, Weihnachtsblume,<\/p>\n<p><strong><\/p>\n<p>- Andere :<\/strong> Baobab\u00f6l, Adenosin, Vitamin E.<\/p>\n<ul>\n<li>Diamant ist ein Mineral, das f\u00fcr seinen \u201eWeichzeichner\u201c-Effekt bekannt ist: Dank seines sehr hohen Reflexionsindex f\u00e4ngt Diamant Licht ein und streut es, wodurch Unregelm\u00e4\u00dfigkeiten verwischt werden. Diamant sorgt somit durch Lichtbeugung f\u00fcr eine sichtbare Reduzierung von F\u00e4ltchen.<\/li>\n<li>Orchideenextrakt ist f\u00fcr seine feuchtigkeitsspendenden Eigenschaften bekannt.<\/li>\n<li>Die Weihnachtsblume ist f\u00fcr ihre regenerierenden Eigenschaften bekannt.<\/li>\n<li>Baobab\u00f6l ist f\u00fcr seine gl\u00e4ttenden Eigenschaften bekannt.<\/li>\n<li>Adenosin ist ein Wirkstoff mit hauterschlaffenden Eigenschaften.<\/li>\n<li>Vitamin E hat antioxidative Eigenschaften.<\/li>\n<\/ul>\n<p>Pflege garantiert parabenfrei, alkoholfrei und propylenglykolfrei.<\/p>\n<p><strong>Zutaten:<\/strong><\/p>\n<p>AQUA (WASSER), OCTYLDODECYLMYRISTAT, GLYCERIN, DIMETHICON, SQUALAN, CETYLALKOHOL, GLYCERYLSTEARAT, CYCLOPENTASILOXAN, ADANSONIA DIGITATA (SAMEN)\u00d6L, PEG-75-STEARAT, BISABOLOL, CETETH-20, STEARETH-20, CYCLOHEXASILOXAN, CHLORPHENESIN, BENZYLALKOHOL, PARFUM (DUFTSTOFF), NATRIUMACRYLAT\/NATRIUMACRYLOYLDIMETHYLTAURAT-COPOLYMER, ACRYLATE\/C10-30-ALKYLACRYLAT-CROSSPOLYMER, NATRIUMHYALURONAT, ISOHEXADECAN, TOCOPHERYLACETAT, EUPHORBIA HIRTA-EXTRAKT, PHALAENOPSIS AMABILIS-EXTRAKT, TURMALIN, DIAMANTPULVER, MALTODEXTRIN, ADENOSIN, POLYSORBAT 80, ADANSONIA DIGITATA-PULPEEXTRAKT, NATRIUMHYDROXID, DEHYDROESSIGS\u00c4URE, SORBITANOLEAT, PALMITOYLTRIPEPTID-5, CALCIUMALUMINIUMBOROSILIKAT, CAPRYLYLGLYKOL, ROSA GALLICA-BL\u00dcTENEXTRAKT, SILICA, CI 77891 (TITANDIOXID), NATRIUMBENZOAT, XANTHANGUMMI, KALIUMSORBAT, PENTAPEPTID-18, ZINNOXID,\u2026<\/p>","protected":false},"excerpt":{"rendered":"<p>Diese reichhaltige Creme mit Diamanten reduziert Falten dank des Weichzeichner-Effekts der Diamanten und regt die Kollagenproduktion an, um die Haut zu gl\u00e4tten und zu straffen. Die Anti-Aging-Wirkung von Adenosin sorgt f\u00fcr einen festigenden Effekt.<\/p>\n<p><strong>Ergebnisse:<\/strong> Sichtbar reduziert es Falten und feine Linien. Die Haut wird regeneriert, gestrafft, neu geformt und strahlend.<\/p>\n<p><strong>Ideal f\u00fcr:<\/strong> Alle Arten reifer Haut.<\/p>\n<p>Pot 15 ml<\/p>","protected":false},"featured_media":30076,"comment_status":"open","ping_status":"closed","template":"","meta":[],"product_brand":[181],"product_cat":[246,236,226,206,202,222,200],"product_tag":[],"class_list":{"0":"post-29314","1":"product","2":"type-product","3":"status-publish","4":"has-post-thumbnail","6":"product_brand-gemology","7":"product_cat-anti-age-soins","8":"product_cat-formats-voyage-soins","9":"product_cat-idees-cadeaux-nos-selections","10":"product_cat-nos-selections","11":"product_cat-soins","12":"product_cat-tailles-voyages-nos-selections","13":"product_cat-tous-les-produits","15":"first","16":"instock","17":"taxable","18":"shipping-taxable","19":"purchasable","20":"product-type-simple"},"_links":{"self":[{"href":"https:\/\/gemology-cosmetics.ch\/de\/wp-json\/wp\/v2\/product\/29314","targetHints":{"allow":["GET"]}}],"collection":[{"href":"https:\/\/gemology-cosmetics.ch\/de\/wp-json\/wp\/v2\/product"}],"about":[{"href":"https:\/\/gemology-cosmetics.ch\/de\/wp-json\/wp\/v2\/types\/product"}],"replies":[{"embeddable":true,"href":"https:\/\/gemology-cosmetics.ch\/de\/wp-json\/wp\/v2\/comments?post=29314"}],"version-history":[{"count":1,"href":"https:\/\/gemology-cosmetics.ch\/de\/wp-json\/wp\/v2\/product\/29314\/revisions"}],"predecessor-version":[{"id":30077,"href":"https:\/\/gemology-cosmetics.ch\/de\/wp-json\/wp\/v2\/product\/29314\/revisions\/30077"}],"wp:featuredmedia":[{"embeddable":true,"href":"https:\/\/gemology-cosmetics.ch\/de\/wp-json\/wp\/v2\/media\/30076"}],"wp:attachment":[{"href":"https:\/\/gemology-cosmetics.ch\/de\/wp-json\/wp\/v2\/media?parent=29314"}],"wp:term":[{"taxonomy":"product_brand","embeddable":true,"href":"https:\/\/gemology-cosmetics.ch\/de\/wp-json\/wp\/v2\/product_brand?post=29314"},{"taxonomy":"product_cat","embeddable":true,"href":"https:\/\/gemology-cosmetics.ch\/de\/wp-json\/wp\/v2\/product_cat?post=29314"},{"taxonomy":"product_tag","embeddable":true,"href":"https:\/\/gemology-cosmetics.ch\/de\/wp-json\/wp\/v2\/product_tag?post=29314"}],"curies":[{"name":"wp","href":"https:\/\/api.w.org\/{rel}","templated":true}]}}