{"id":29316,"date":"2020-06-30T14:15:55","date_gmt":"2020-06-30T14:15:55","guid":{"rendered":"https:\/\/gemology-cosmetics.ch\/produit\/perle-de-tendresse-gommage-visage-format-voyage\/"},"modified":"2025-09-17T08:04:16","modified_gmt":"2025-09-17T08:04:16","slug":"perle-de-tendresse-gommage-visage-format-voyage","status":"publish","type":"product","link":"https:\/\/gemology-cosmetics.ch\/de\/produkt\/perle-de-tendresse-gommage-visage-format-voyage\/","title":{"rendered":"Perle der Z\u00e4rtlichkeit \u2013 Gesichtspeeling \u2013 Reisegr\u00f6\u00dfe"},"content":{"rendered":"<p><strong>Gebrauchsanweisung:<\/strong> Eine kleine Menge mit den Fingerspitzen auf die trockene Haut (Gesicht und Hals) auftragen. 3 Minuten einmassieren. Mit warmem Wasser absp\u00fclen.<\/p>\n<p><strong>Textur:<\/strong> Creme-Gel<\/p>\n<p><strong>Wertvolle Verm\u00f6genswerte:<\/strong><\/p>\n<p>\u2013 <strong>Mineralien:<\/strong> Perlmutt<\/p>\n<p><strong><\/p>\n<p>- Pflanzen:<\/strong> Jojoba-Perlen, Orchidee<\/p>\n<ul>\n<li>Die fein gemahlene, kalziumreiche Perlmuttperle peelt die Haut gr\u00fcndlich.<\/li>\n<li>Jojoba-Perlen entfernen sanft abgestorbene Hautzellen.<\/li>\n<li>Orchideenextrakt ist f\u00fcr seine feuchtigkeitsspendenden Eigenschaften bekannt.<\/li>\n<\/ul>\n<p>Pflege garantiert parabenfrei, alkoholfrei und propylenglykolfrei.<\/p>\n<p><strong>Zutaten:<\/strong><\/p>\n<p>AQUA (WASSER), CAPRYLIC\/CAPRIC TRIGLYCERIDE, GLYCERIN, JOJOBA ESTERS, PUMICE, AMMONIUM ACRYLOYLDIMETHYLTAURATE \/ VP COPOLYMER, HYDRIERTES SILICA, TURMALIN, SYNTHETISCHES WACHS, BENZYLALKOHOL, POLYSORBAT 20, PARFUM (DUFTSTOFF), NATRIUMBENZOAT, DEHYDROESSIGS\u00c4URE, MALTODEXTRIN, DINATRIUM EDTA, LINUM USITATISSIMUM (LEINSAMEN) SAMENEXTRAKT, PHALAENOPSIS AMABILIS EXTRAKT, CI 77499 (EISENOXID SCHWARZ), PERLMUTTPULVER, ZITRONENS\u00c4URE, ROT 30 (UND) TALK, EISENFERROCYANID, ROSA GALLICA BL\u00dcTENEXTRAKT, CAPRYLYLGLYKOL, PENTAPEPTID-18, BENZYLSALICYLAT<\/p>","protected":false},"excerpt":{"rendered":"<p>Ce gommage sera votre meilleur alli\u00e9 beaut\u00e9 pour un nettoyage intense. Sa formule \u00e0 base de Perle de Nacre et de Perles de Jojoba agit comme des exfoliants pour \u00e9liminer les cellules mortes et lisser la peau.<\/p>\n<p><strong>Ergebnisse:<\/strong> La peau est assainie, purifi\u00e9e et lumineuse.<\/p>\n<p><strong>Ideal f\u00fcr:<\/strong> Alle Hauttypen.<\/p>\n<p>Pot 15 ml<\/p>","protected":false},"featured_media":30069,"comment_status":"open","ping_status":"closed","template":"","meta":[],"product_brand":[181],"product_cat":[236,226,238,206,202,222,200],"product_tag":[],"class_list":{"0":"post-29316","1":"product","2":"type-product","3":"status-publish","4":"has-post-thumbnail","6":"product_brand-gemology","7":"product_cat-formats-voyage-soins","8":"product_cat-idees-cadeaux-nos-selections","9":"product_cat-nettoyants-et-specifiques-soins","10":"product_cat-nos-selections","11":"product_cat-soins","12":"product_cat-tailles-voyages-nos-selections","13":"product_cat-tous-les-produits","15":"first","16":"instock","17":"taxable","18":"shipping-taxable","19":"purchasable","20":"product-type-simple"},"_links":{"self":[{"href":"https:\/\/gemology-cosmetics.ch\/de\/wp-json\/wp\/v2\/product\/29316","targetHints":{"allow":["GET"]}}],"collection":[{"href":"https:\/\/gemology-cosmetics.ch\/de\/wp-json\/wp\/v2\/product"}],"about":[{"href":"https:\/\/gemology-cosmetics.ch\/de\/wp-json\/wp\/v2\/types\/product"}],"replies":[{"embeddable":true,"href":"https:\/\/gemology-cosmetics.ch\/de\/wp-json\/wp\/v2\/comments?post=29316"}],"version-history":[{"count":1,"href":"https:\/\/gemology-cosmetics.ch\/de\/wp-json\/wp\/v2\/product\/29316\/revisions"}],"predecessor-version":[{"id":30070,"href":"https:\/\/gemology-cosmetics.ch\/de\/wp-json\/wp\/v2\/product\/29316\/revisions\/30070"}],"wp:featuredmedia":[{"embeddable":true,"href":"https:\/\/gemology-cosmetics.ch\/de\/wp-json\/wp\/v2\/media\/30069"}],"wp:attachment":[{"href":"https:\/\/gemology-cosmetics.ch\/de\/wp-json\/wp\/v2\/media?parent=29316"}],"wp:term":[{"taxonomy":"product_brand","embeddable":true,"href":"https:\/\/gemology-cosmetics.ch\/de\/wp-json\/wp\/v2\/product_brand?post=29316"},{"taxonomy":"product_cat","embeddable":true,"href":"https:\/\/gemology-cosmetics.ch\/de\/wp-json\/wp\/v2\/product_cat?post=29316"},{"taxonomy":"product_tag","embeddable":true,"href":"https:\/\/gemology-cosmetics.ch\/de\/wp-json\/wp\/v2\/product_tag?post=29316"}],"curies":[{"name":"wp","href":"https:\/\/api.w.org\/{rel}","templated":true}]}}