{"id":29326,"date":"2020-06-30T14:15:55","date_gmt":"2020-06-30T14:15:55","guid":{"rendered":"https:\/\/gemology-cosmetics.ch\/produit\/demaquillant-malachite-yeux-waterproof\/"},"modified":"2025-09-17T08:04:16","modified_gmt":"2025-09-17T08:04:16","slug":"demaquillant-malachite-yeux-waterproof","status":"publish","type":"product","link":"https:\/\/gemology-cosmetics.ch\/de\/produkt\/demaquillant-malachite-yeux-waterproof\/","title":{"rendered":"Malachit Wasserfester Augen-Makeup-Entferner"},"content":{"rendered":"<p><strong>Gebrauchsanweisung: <\/strong>Vor Gebrauch gut sch\u00fctteln, um eine homogene Mischung der beiden Phasen zu erhalten. Tr\u00e4nken Sie ein Wattepad mit Make-up-Entferner und reinigen Sie sanft die Augenlider und Wimpern.<\/p>\n<p><strong>Textur:<\/strong> Zwei-Phasen-L\u00f6sung<\/p>\n<p><strong>Wertvolle Verm\u00f6genswerte:<br \/><\/strong> <br \/>\u2013 <strong>Mineralien:<\/strong> Malachit<br \/><strong><br \/>- Andere :<\/strong> Mildes Tensid nat\u00fcrlichen Ursprungs<\/p>\n<ul>\n<li>Malachit ist reich an Kupfer. Dieses Spurenelement ist ein starkes Antioxidans und beteiligt sich an der Kollagenproduktion in Zellen.<\/li>\n<li>Das Tensid (aus Zucker gewonnen) f\u00f6rdert die Feuchtigkeitsversorgung und sanfte Reinigung.<\/li>\n<\/ul>\n<p><strong>Zutaten:<\/strong><\/p>\n<p>AQUA (WASSER), ISOHEXADECAN, NATRIUMCHLORID, CAPRYLYL\/CAPRYLGLUCOSID, CETRIMONIUMBROMID, DINATRIUM EDTA, MALACHITEXTRAKT, ZITRONENS\u00c4URE<\/p>","protected":false},"excerpt":{"rendered":"<p>Le d\u00e9maquillant Malachite enl\u00e8ve efficacement le maquillage tout en apportant un soin profond.<\/p>\n<p>Le d\u00e9maquillant Malachite est riche en cuivre, il prot\u00e8ge, apaise et hydrate le contour de l&rsquo;\u0153il tout en stimulant la production de collag\u00e8ne des cellules.\u00a0 \u00a0Id\u00e9al pour : Tous les yeux, m\u00eame sensibles.<\/p>\n<p><strong>Ergebnisse:<\/strong> D\u00e9maquillage efficace. Apaise, hydrate et redonne de l&rsquo;\u00e9clat au contour de l&rsquo;oeil.<\/p>\n<p><strong>Ideal f\u00fcr:<\/strong> Tous les yeux, m\u00eame sensibles.<\/p>\n<p>Flacon 200 ml<\/p>","protected":false},"featured_media":29325,"comment_status":"open","ping_status":"closed","template":"","meta":[],"product_brand":[181],"product_cat":[209,226,238,206,202,200,228],"product_tag":[],"class_list":{"0":"post-29326","1":"product","2":"type-product","3":"status-publish","4":"has-post-thumbnail","6":"product_brand-gemology","7":"product_cat-demaquillants-et-nettoyants","8":"product_cat-idees-cadeaux-nos-selections","9":"product_cat-nettoyants-et-specifiques-soins","10":"product_cat-nos-selections","11":"product_cat-soins","12":"product_cat-tous-les-produits","13":"product_cat-yeux-et-levres-soins","15":"first","16":"instock","17":"taxable","18":"shipping-taxable","19":"purchasable","20":"product-type-simple"},"_links":{"self":[{"href":"https:\/\/gemology-cosmetics.ch\/de\/wp-json\/wp\/v2\/product\/29326","targetHints":{"allow":["GET"]}}],"collection":[{"href":"https:\/\/gemology-cosmetics.ch\/de\/wp-json\/wp\/v2\/product"}],"about":[{"href":"https:\/\/gemology-cosmetics.ch\/de\/wp-json\/wp\/v2\/types\/product"}],"replies":[{"embeddable":true,"href":"https:\/\/gemology-cosmetics.ch\/de\/wp-json\/wp\/v2\/comments?post=29326"}],"version-history":[{"count":0,"href":"https:\/\/gemology-cosmetics.ch\/de\/wp-json\/wp\/v2\/product\/29326\/revisions"}],"wp:featuredmedia":[{"embeddable":true,"href":"https:\/\/gemology-cosmetics.ch\/de\/wp-json\/wp\/v2\/media\/29325"}],"wp:attachment":[{"href":"https:\/\/gemology-cosmetics.ch\/de\/wp-json\/wp\/v2\/media?parent=29326"}],"wp:term":[{"taxonomy":"product_brand","embeddable":true,"href":"https:\/\/gemology-cosmetics.ch\/de\/wp-json\/wp\/v2\/product_brand?post=29326"},{"taxonomy":"product_cat","embeddable":true,"href":"https:\/\/gemology-cosmetics.ch\/de\/wp-json\/wp\/v2\/product_cat?post=29326"},{"taxonomy":"product_tag","embeddable":true,"href":"https:\/\/gemology-cosmetics.ch\/de\/wp-json\/wp\/v2\/product_tag?post=29326"}],"curies":[{"name":"wp","href":"https:\/\/api.w.org\/{rel}","templated":true}]}}