{"id":29330,"date":"2020-06-30T14:15:55","date_gmt":"2020-06-30T14:15:55","guid":{"rendered":"https:\/\/gemology-cosmetics.ch\/produit\/serum-hydratation-jade\/"},"modified":"2026-01-23T09:33:10","modified_gmt":"2026-01-23T09:33:10","slug":"serum-hydratation-jade","status":"publish","type":"product","link":"https:\/\/gemology-cosmetics.ch\/de\/produkt\/serum-hydratation-jade\/","title":{"rendered":"Jade Hydration Serum"},"content":{"rendered":"<p><strong>Gebrauchsanweisung:<\/strong>\u00a0Morgens und\/oder abends einige Tropfen unter Ihrer gewohnten Creme auf Gesicht und Hals auftragen.\u00a0<\/p>\n<p><span><strong>Textur:<\/strong>\u00a0Einfrieren<\/span><\/p>\n<p><strong>Wertvolle Verm\u00f6genswerte:\u00a0<\/strong><\/p>\n<p><strong>\u2013 Mineralien:<\/strong> Jade, Mondstein\u00a0<\/p>\n<p><strong>\u2013 Spurenelemente:<\/strong> Silizium, Natrium, Kalium\u00a0<\/p>\n<p><strong>- Andere :<\/strong> Hyalurons\u00e4ure\u00a0<\/p>\n<ul>\n<li>Jade ist ein Stein, der reich an Silizium und Natrium ist und f\u00fcr seine feuchtigkeitsspendenden und regenerierenden Eigenschaften bekannt ist.<\/li>\n<li>Das Natrium aus Jade wirkt in Synergie mit dem Kalium aus Mondstein, um den Wasserhaushalt der Zellen zu regulieren.\u00a0<\/li>\n<li>Mondstein ist reich an Kalium. Er reinigt die Haut.\u00a0<\/li>\n<li>Hyalurons\u00e4ure spendet Feuchtigkeit und gl\u00e4ttet die Hautstruktur.<\/li>\n<\/ul>\n<p><strong>Zutaten: <\/strong><\/p>\n<p>AQUA (WASSER), GLYCERIN, ROSA CENTIFOLIA BL\u00dcTENWASSER, NATRIUMBENZOAT, XANTHANGUMMI, NEPHRITPULVER, ALUMINIUMSILIKAT, MALACHITEXTRAKT, NATRIUMHYALURONAT, KARAMELL<\/p>","protected":false},"excerpt":{"rendered":"<p>Regenerieren Sie Ihre Haut intensiv mit dem Jade Hydration Serum.<\/p>\n<p>Die Mischung aus Spurenelementen Silizium und Natrium, die aus Jade gewonnen werden und f\u00fcr ihre feuchtigkeitsspendenden und regenerierenden Eigenschaften bekannt sind, wird in einem Konzentrat aus Hyalurons\u00e4ure, einem hochwirksamen Feuchtigkeitsspender f\u00fcr die Haut, und reinigendem Kalium aus Mondstein kombiniert.<\/p>\n<p><strong>\u00a0Ideal f\u00fcr:<\/strong> Alle Arten von dehydrierter Haut<\/p>\n<p><strong>Ergebnisse:<\/strong>\u00a0Die Haut ist mit Feuchtigkeit versorgt und prall.<\/p>\n<p>30 ml Tropfflasche<\/p>","protected":false},"featured_media":29327,"comment_status":"open","ping_status":"closed","template":"","meta":[],"product_brand":[181],"product_cat":[218,240,202,200],"product_tag":[],"class_list":{"0":"post-29330","1":"product","2":"type-product","3":"status-publish","4":"has-post-thumbnail","6":"product_brand-gemology","7":"product_cat-concentres-serum-et-huile-soins","8":"product_cat-peaux-seches-soins","9":"product_cat-soins","10":"product_cat-tous-les-produits","12":"first","13":"instock","14":"taxable","15":"shipping-taxable","16":"purchasable","17":"product-type-simple"},"_links":{"self":[{"href":"https:\/\/gemology-cosmetics.ch\/de\/wp-json\/wp\/v2\/product\/29330","targetHints":{"allow":["GET"]}}],"collection":[{"href":"https:\/\/gemology-cosmetics.ch\/de\/wp-json\/wp\/v2\/product"}],"about":[{"href":"https:\/\/gemology-cosmetics.ch\/de\/wp-json\/wp\/v2\/types\/product"}],"replies":[{"embeddable":true,"href":"https:\/\/gemology-cosmetics.ch\/de\/wp-json\/wp\/v2\/comments?post=29330"}],"version-history":[{"count":0,"href":"https:\/\/gemology-cosmetics.ch\/de\/wp-json\/wp\/v2\/product\/29330\/revisions"}],"wp:featuredmedia":[{"embeddable":true,"href":"https:\/\/gemology-cosmetics.ch\/de\/wp-json\/wp\/v2\/media\/29327"}],"wp:attachment":[{"href":"https:\/\/gemology-cosmetics.ch\/de\/wp-json\/wp\/v2\/media?parent=29330"}],"wp:term":[{"taxonomy":"product_brand","embeddable":true,"href":"https:\/\/gemology-cosmetics.ch\/de\/wp-json\/wp\/v2\/product_brand?post=29330"},{"taxonomy":"product_cat","embeddable":true,"href":"https:\/\/gemology-cosmetics.ch\/de\/wp-json\/wp\/v2\/product_cat?post=29330"},{"taxonomy":"product_tag","embeddable":true,"href":"https:\/\/gemology-cosmetics.ch\/de\/wp-json\/wp\/v2\/product_tag?post=29330"}],"curies":[{"name":"wp","href":"https:\/\/api.w.org\/{rel}","templated":true}]}}