{"id":29334,"date":"2020-06-30T14:15:55","date_gmt":"2020-06-30T14:15:55","guid":{"rendered":"https:\/\/gemology-cosmetics.ch\/produit\/recharge-diffuseur\/"},"modified":"2025-12-23T17:59:42","modified_gmt":"2025-12-23T17:59:42","slug":"recharge-diffuseur","status":"publish","type":"product","link":"https:\/\/gemology-cosmetics.ch\/de\/produkt\/recharge-diffuseur\/","title":{"rendered":"100 ml Diffusor-Nachf\u00fcllpackung"},"content":{"rendered":"<p><strong>Anwendung:<\/strong> Schrauben Sie den schwarzen Ring vom Raumdiffusor ab und f\u00fcllen Sie ihn mit der Nachf\u00fcllung, dann schrauben Sie den Ring wieder auf.<\/p>","protected":false},"excerpt":{"rendered":"<p>Durch das Nachf\u00fcllen des Gemology White Tea &amp; Fig Diffusors k\u00f6nnen Sie das Gemology Spa-Ambiente zu Hause verl\u00e4ngern.<\/p>\n<p>Genie\u00dfen Sie eine Welt, in der Eleganz und Modernit\u00e4t durch feine, frische und gourmandige Noten verschmelzen.\u00a0<\/p>\n<p><strong>Geruchsnoten:<\/strong> Eine erhabene Balance aus sonnigen, fruchtigen Noten, Zitrusfr\u00fcchten und Feigen, kombiniert mit den blumigen D\u00fcften von Tiar\u00e9bl\u00fcten und wei\u00dfen Bl\u00fcten, f\u00fcr ein gourmandiges, moschusartiges und vanilleartiges Sinneserlebnis.<\/p>\n<p><strong>Kapazit\u00e4t:<\/strong> 100 ml<\/p>","protected":false},"featured_media":29333,"comment_status":"open","ping_status":"closed","template":"","meta":[],"product_brand":[181],"product_cat":[211,208,200],"product_tag":[],"class_list":{"0":"post-29334","1":"product","2":"type-product","3":"status-publish","4":"has-post-thumbnail","6":"product_brand-gemology","7":"product_cat-diffuseurs-d-ambiance","8":"product_cat-nouveautes","9":"product_cat-tous-les-produits","11":"first","12":"instock","13":"taxable","14":"shipping-taxable","15":"purchasable","16":"product-type-simple"},"_links":{"self":[{"href":"https:\/\/gemology-cosmetics.ch\/de\/wp-json\/wp\/v2\/product\/29334","targetHints":{"allow":["GET"]}}],"collection":[{"href":"https:\/\/gemology-cosmetics.ch\/de\/wp-json\/wp\/v2\/product"}],"about":[{"href":"https:\/\/gemology-cosmetics.ch\/de\/wp-json\/wp\/v2\/types\/product"}],"replies":[{"embeddable":true,"href":"https:\/\/gemology-cosmetics.ch\/de\/wp-json\/wp\/v2\/comments?post=29334"}],"version-history":[{"count":2,"href":"https:\/\/gemology-cosmetics.ch\/de\/wp-json\/wp\/v2\/product\/29334\/revisions"}],"predecessor-version":[{"id":30161,"href":"https:\/\/gemology-cosmetics.ch\/de\/wp-json\/wp\/v2\/product\/29334\/revisions\/30161"}],"wp:featuredmedia":[{"embeddable":true,"href":"https:\/\/gemology-cosmetics.ch\/de\/wp-json\/wp\/v2\/media\/29333"}],"wp:attachment":[{"href":"https:\/\/gemology-cosmetics.ch\/de\/wp-json\/wp\/v2\/media?parent=29334"}],"wp:term":[{"taxonomy":"product_brand","embeddable":true,"href":"https:\/\/gemology-cosmetics.ch\/de\/wp-json\/wp\/v2\/product_brand?post=29334"},{"taxonomy":"product_cat","embeddable":true,"href":"https:\/\/gemology-cosmetics.ch\/de\/wp-json\/wp\/v2\/product_cat?post=29334"},{"taxonomy":"product_tag","embeddable":true,"href":"https:\/\/gemology-cosmetics.ch\/de\/wp-json\/wp\/v2\/product_tag?post=29334"}],"curies":[{"name":"wp","href":"https:\/\/api.w.org\/{rel}","templated":true}]}}