{"id":29339,"date":"2020-06-30T14:15:55","date_gmt":"2020-06-30T14:15:55","guid":{"rendered":"https:\/\/gemology-cosmetics.ch\/produit\/the-blanc-figue-bougie-parfumee\/"},"modified":"2025-09-17T08:04:17","modified_gmt":"2025-09-17T08:04:17","slug":"the-blanc-figue-bougie-parfumee","status":"publish","type":"product","link":"https:\/\/gemology-cosmetics.ch\/de\/produkt\/the-blanc-figue-bougie-parfumee\/","title":{"rendered":"Duftkerze mit wei\u00dfem Tee und Feige"},"content":{"rendered":"<p><strong>Gebrauchsanweisung:<\/strong><\/p>\n<ul>\n<li>Z\u00fcnden Sie die Kerze nicht in der N\u00e4he von brennbaren Materialien an.<\/li>\n<li>Platzieren Sie Ihre Kerze idealerweise auf halber H\u00f6he, um eine bessere Diffusion zu erzielen.<\/li>\n<li>Schneiden Sie die Spitze des Dochts f\u00fcr den n\u00e4chsten Gebrauch ab.<\/li>\n<\/ul>","protected":false},"excerpt":{"rendered":"<p><strong>Duftkerze mit wei\u00dfem Tee und Feige<\/strong><\/p>\n<p>Offrez-vous une atmosph\u00e8re chaleureuse et parfum\u00e9e avec la Bougie Th\u00e9 Blanc et Figue de Gemology.<\/p>\n<p>Ses senteurs r\u00e9confortantes de fleurs blanches et de figues associ\u00e9es \u00e0 une design moderne et \u00e9l\u00e9gant font de la bougie Gemology un v\u00e9ritable objet de d\u00e9coration id\u00e9al \u00e0 offrir ou \u00e0 s&rsquo;offrir.\u00a0<\/p>\n<p>Bougie de 185g &#8211; env. 40 heures de combustion<\/p>","protected":false},"featured_media":29335,"comment_status":"open","ping_status":"closed","template":"","meta":[],"product_brand":[181],"product_cat":[214,203,226,206,208,200],"product_tag":[],"class_list":{"0":"post-29339","1":"product","2":"type-product","3":"status-publish","4":"has-post-thumbnail","6":"product_brand-gemology","7":"product_cat-bougies-fragrances","8":"product_cat-fragrances","9":"product_cat-idees-cadeaux-nos-selections","10":"product_cat-nos-selections","11":"product_cat-nouveautes","12":"product_cat-tous-les-produits","14":"first","15":"instock","16":"taxable","17":"shipping-taxable","18":"purchasable","19":"product-type-simple"},"_links":{"self":[{"href":"https:\/\/gemology-cosmetics.ch\/de\/wp-json\/wp\/v2\/product\/29339","targetHints":{"allow":["GET"]}}],"collection":[{"href":"https:\/\/gemology-cosmetics.ch\/de\/wp-json\/wp\/v2\/product"}],"about":[{"href":"https:\/\/gemology-cosmetics.ch\/de\/wp-json\/wp\/v2\/types\/product"}],"replies":[{"embeddable":true,"href":"https:\/\/gemology-cosmetics.ch\/de\/wp-json\/wp\/v2\/comments?post=29339"}],"version-history":[{"count":0,"href":"https:\/\/gemology-cosmetics.ch\/de\/wp-json\/wp\/v2\/product\/29339\/revisions"}],"wp:featuredmedia":[{"embeddable":true,"href":"https:\/\/gemology-cosmetics.ch\/de\/wp-json\/wp\/v2\/media\/29335"}],"wp:attachment":[{"href":"https:\/\/gemology-cosmetics.ch\/de\/wp-json\/wp\/v2\/media?parent=29339"}],"wp:term":[{"taxonomy":"product_brand","embeddable":true,"href":"https:\/\/gemology-cosmetics.ch\/de\/wp-json\/wp\/v2\/product_brand?post=29339"},{"taxonomy":"product_cat","embeddable":true,"href":"https:\/\/gemology-cosmetics.ch\/de\/wp-json\/wp\/v2\/product_cat?post=29339"},{"taxonomy":"product_tag","embeddable":true,"href":"https:\/\/gemology-cosmetics.ch\/de\/wp-json\/wp\/v2\/product_tag?post=29339"}],"curies":[{"name":"wp","href":"https:\/\/api.w.org\/{rel}","templated":true}]}}