{"id":29343,"date":"2020-06-30T14:15:55","date_gmt":"2020-06-30T14:15:55","guid":{"rendered":"https:\/\/gemology-cosmetics.ch\/produit\/eau-d-opale-2\/"},"modified":"2025-09-17T08:04:17","modified_gmt":"2025-09-17T08:04:17","slug":"eau-d-opale-2","status":"publish","type":"product","link":"https:\/\/gemology-cosmetics.ch\/de\/produkt\/eau-d-opale-2\/","title":{"rendered":"Opalwasser"},"content":{"rendered":"<p><strong>Zutaten :<\/strong><\/p>\n<p>ALCOHOL DENAT, PARFUM (DUFTSTOFF), AQUA (WASSER), SILICA (OPALPULVER), BENZYLALKOHOL, ZIMT, CITRONELLOL, CUMARIN, GERANIOL, LIMONEN, LINALOOL<\/p>","protected":false},"excerpt":{"rendered":"<p><strong>Eau D&rsquo;Opale<\/strong><\/p>\n<p>C&rsquo;est un parfum captivant, effluves de Figue, essence de Bois de Santal, Osmanthus. Dans son sillage, ses notes pr\u00e9cieuses lui conf\u00e8rent la raret\u00e9 de l&rsquo;instant.<\/p>\n<p><strong>Notes olfactives:<\/strong><\/p>\n<ul>\n<li>Cassis, Orange Bigarade, Pamplemousse, Mandarine d&rsquo;Italie<\/li>\n<li>Nectar de P\u00eache, Prune, Osmanthus, Figue<\/li>\n<li>Bois de Santal, Patchouli, Vanille<\/li>\n<\/ul>\n<p>Vapo EDT 30 ml<\/p>","protected":false},"featured_media":29342,"comment_status":"open","ping_status":"closed","template":"","meta":[],"product_brand":[181],"product_cat":[203,206,208,207,200],"product_tag":[],"class_list":{"0":"post-29343","1":"product","2":"type-product","3":"status-publish","4":"has-post-thumbnail","6":"product_brand-gemology","7":"product_cat-fragrances","8":"product_cat-nos-selections","9":"product_cat-nouveautes","10":"product_cat-parfums","11":"product_cat-tous-les-produits","13":"first","14":"instock","15":"taxable","16":"shipping-taxable","17":"purchasable","18":"product-type-simple"},"_links":{"self":[{"href":"https:\/\/gemology-cosmetics.ch\/de\/wp-json\/wp\/v2\/product\/29343","targetHints":{"allow":["GET"]}}],"collection":[{"href":"https:\/\/gemology-cosmetics.ch\/de\/wp-json\/wp\/v2\/product"}],"about":[{"href":"https:\/\/gemology-cosmetics.ch\/de\/wp-json\/wp\/v2\/types\/product"}],"replies":[{"embeddable":true,"href":"https:\/\/gemology-cosmetics.ch\/de\/wp-json\/wp\/v2\/comments?post=29343"}],"version-history":[{"count":0,"href":"https:\/\/gemology-cosmetics.ch\/de\/wp-json\/wp\/v2\/product\/29343\/revisions"}],"wp:featuredmedia":[{"embeddable":true,"href":"https:\/\/gemology-cosmetics.ch\/de\/wp-json\/wp\/v2\/media\/29342"}],"wp:attachment":[{"href":"https:\/\/gemology-cosmetics.ch\/de\/wp-json\/wp\/v2\/media?parent=29343"}],"wp:term":[{"taxonomy":"product_brand","embeddable":true,"href":"https:\/\/gemology-cosmetics.ch\/de\/wp-json\/wp\/v2\/product_brand?post=29343"},{"taxonomy":"product_cat","embeddable":true,"href":"https:\/\/gemology-cosmetics.ch\/de\/wp-json\/wp\/v2\/product_cat?post=29343"},{"taxonomy":"product_tag","embeddable":true,"href":"https:\/\/gemology-cosmetics.ch\/de\/wp-json\/wp\/v2\/product_tag?post=29343"}],"curies":[{"name":"wp","href":"https:\/\/api.w.org\/{rel}","templated":true}]}}