{"id":29349,"date":"2020-06-30T14:15:55","date_gmt":"2020-06-30T14:15:55","guid":{"rendered":"https:\/\/gemology-cosmetics.ch\/produit\/huile-d-ambre-bleue-huile-corps\/"},"modified":"2025-09-17T08:04:17","modified_gmt":"2025-09-17T08:04:17","slug":"huile-d-ambre-bleue-huile-corps","status":"publish","type":"product","link":"https:\/\/gemology-cosmetics.ch\/de\/produkt\/huile-d-ambre-bleue-huile-corps\/","title":{"rendered":"Blaues Bernstein\u00f6l \u2013 K\u00f6rper\u00f6l"},"content":{"rendered":"<p><strong>Zutaten:<\/strong><\/p>\n<p>C15-19-ALKANE, CAPRYLIC\/CAPRIC, TRIGLYCERID, PARFUM (DUFTSTOFF), SIMMONDSIA CHINENSIS (JOJOBA), SAMEN\u00d6L, HYMENAEA COURBARIL-SAFTEXTRAKT, TOCOPHEROL, HYDROXYCITRONELLAL, LINALOOL, CITRONELLOL, HEXYLCINNAMAL, LIMONEN, ALPHA-ISOMETHYLIONON.<\/p><\/p>","protected":false},"excerpt":{"rendered":"<p>Une huile corps aux notes florales et musqu\u00e9es pour nourrir, r\u00e9parer et sublimer la peau.<\/p>\n<p>Elle p\u00e9n\u00e8tre instant\u00e9n\u00e9ment sans laisser de film gras, un touch\u00e9 velours sans silicone pour une peau satin\u00e9e.<\/p>\n<p>Huile 100% naturelle.<\/p>\n<p><strong>Gebrauchsanweisung:<\/strong> Einmal t\u00e4glich auf den K\u00f6rper auftragen und in die gew\u00fcnschten Bereiche einmassieren.<\/p>\n<p>Flacon 100 ml<\/p>","protected":false},"featured_media":29346,"comment_status":"open","ping_status":"closed","template":"","meta":[],"product_brand":[181],"product_cat":[234,206,208,202,200],"product_tag":[],"class_list":{"0":"post-29349","1":"product","2":"type-product","3":"status-publish","4":"has-post-thumbnail","6":"product_brand-gemology","7":"product_cat-corps-et-cheveux-soins","8":"product_cat-nos-selections","9":"product_cat-nouveautes","10":"product_cat-soins","11":"product_cat-tous-les-produits","13":"first","14":"instock","15":"taxable","16":"shipping-taxable","17":"purchasable","18":"product-type-simple"},"_links":{"self":[{"href":"https:\/\/gemology-cosmetics.ch\/de\/wp-json\/wp\/v2\/product\/29349","targetHints":{"allow":["GET"]}}],"collection":[{"href":"https:\/\/gemology-cosmetics.ch\/de\/wp-json\/wp\/v2\/product"}],"about":[{"href":"https:\/\/gemology-cosmetics.ch\/de\/wp-json\/wp\/v2\/types\/product"}],"replies":[{"embeddable":true,"href":"https:\/\/gemology-cosmetics.ch\/de\/wp-json\/wp\/v2\/comments?post=29349"}],"version-history":[{"count":0,"href":"https:\/\/gemology-cosmetics.ch\/de\/wp-json\/wp\/v2\/product\/29349\/revisions"}],"wp:featuredmedia":[{"embeddable":true,"href":"https:\/\/gemology-cosmetics.ch\/de\/wp-json\/wp\/v2\/media\/29346"}],"wp:attachment":[{"href":"https:\/\/gemology-cosmetics.ch\/de\/wp-json\/wp\/v2\/media?parent=29349"}],"wp:term":[{"taxonomy":"product_brand","embeddable":true,"href":"https:\/\/gemology-cosmetics.ch\/de\/wp-json\/wp\/v2\/product_brand?post=29349"},{"taxonomy":"product_cat","embeddable":true,"href":"https:\/\/gemology-cosmetics.ch\/de\/wp-json\/wp\/v2\/product_cat?post=29349"},{"taxonomy":"product_tag","embeddable":true,"href":"https:\/\/gemology-cosmetics.ch\/de\/wp-json\/wp\/v2\/product_tag?post=29349"}],"curies":[{"name":"wp","href":"https:\/\/api.w.org\/{rel}","templated":true}]}}