{"id":29359,"date":"2020-06-30T14:15:55","date_gmt":"2020-06-30T14:15:55","guid":{"rendered":"https:\/\/gemology-cosmetics.ch\/produit\/savon-d-ambre-bleue\/"},"modified":"2025-09-17T08:04:17","modified_gmt":"2025-09-17T08:04:17","slug":"savon-d-ambre-bleue","status":"publish","type":"product","link":"https:\/\/gemology-cosmetics.ch\/de\/produkt\/savon-d-ambre-bleue\/","title":{"rendered":"Blaue Bernsteinseife"},"content":{"rendered":"<p><strong>Gebrauchsanweisung<\/strong>: F\u00fcr den K\u00f6rper.<\/p>\n<p>Nach Gebrauch gut aussp\u00fclen.<\/p>\n<p>Kontakt mit den Augen vermeiden.<\/p>\n<p><strong>Zutaten:<\/strong><\/p>\n<p>Natriumolivat, Natriumcocoat, Aqua (Wasser), Parfum (Duftstoff), Glycerin, Helianthus Annuus (Sonnenblumen)-Samen\u00f6l, Prunus Amygdalus Dulcis (S\u00fc\u00dfmandel)-\u00d6l, Rosmarinus Officinalis (Rosmarin)-Blattextrakt, Natriumchlorid, Tetranatriumglutamatdiacetat, CI 77007 (Ultramarine), Kiesels\u00e4ure, Alpha-Isomethylionon, Butylphenylmethylpropional, Citronellol, Hexylcinnamal, Hydroxycitronellal, Limonen, Linalool<\/p>\n<\/p><\/p>","protected":false},"excerpt":{"rendered":"<p>Un savon naturel \u00e0 base d&rsquo;huile d&rsquo;olive, aux notes florales et musqu\u00e9es, pour nettoyer et adoucir la peau.<\/p>\n<p>Savon de 125g<\/p>","protected":false},"featured_media":29358,"comment_status":"open","ping_status":"closed","template":"","meta":[],"product_brand":[181],"product_cat":[234,206,202,200],"product_tag":[],"class_list":{"0":"post-29359","1":"product","2":"type-product","3":"status-publish","4":"has-post-thumbnail","6":"product_brand-gemology","7":"product_cat-corps-et-cheveux-soins","8":"product_cat-nos-selections","9":"product_cat-soins","10":"product_cat-tous-les-produits","12":"first","13":"instock","14":"taxable","15":"shipping-taxable","16":"purchasable","17":"product-type-simple"},"_links":{"self":[{"href":"https:\/\/gemology-cosmetics.ch\/de\/wp-json\/wp\/v2\/product\/29359","targetHints":{"allow":["GET"]}}],"collection":[{"href":"https:\/\/gemology-cosmetics.ch\/de\/wp-json\/wp\/v2\/product"}],"about":[{"href":"https:\/\/gemology-cosmetics.ch\/de\/wp-json\/wp\/v2\/types\/product"}],"replies":[{"embeddable":true,"href":"https:\/\/gemology-cosmetics.ch\/de\/wp-json\/wp\/v2\/comments?post=29359"}],"version-history":[{"count":0,"href":"https:\/\/gemology-cosmetics.ch\/de\/wp-json\/wp\/v2\/product\/29359\/revisions"}],"wp:featuredmedia":[{"embeddable":true,"href":"https:\/\/gemology-cosmetics.ch\/de\/wp-json\/wp\/v2\/media\/29358"}],"wp:attachment":[{"href":"https:\/\/gemology-cosmetics.ch\/de\/wp-json\/wp\/v2\/media?parent=29359"}],"wp:term":[{"taxonomy":"product_brand","embeddable":true,"href":"https:\/\/gemology-cosmetics.ch\/de\/wp-json\/wp\/v2\/product_brand?post=29359"},{"taxonomy":"product_cat","embeddable":true,"href":"https:\/\/gemology-cosmetics.ch\/de\/wp-json\/wp\/v2\/product_cat?post=29359"},{"taxonomy":"product_tag","embeddable":true,"href":"https:\/\/gemology-cosmetics.ch\/de\/wp-json\/wp\/v2\/product_tag?post=29359"}],"curies":[{"name":"wp","href":"https:\/\/api.w.org\/{rel}","templated":true}]}}