{"id":29368,"date":"2020-06-30T14:15:55","date_gmt":"2020-06-30T14:15:55","guid":{"rendered":"https:\/\/gemology-cosmetics.ch\/produit\/savon-d-opale\/"},"modified":"2025-09-17T08:04:17","modified_gmt":"2025-09-17T08:04:17","slug":"savon-d-opale","status":"publish","type":"product","link":"https:\/\/gemology-cosmetics.ch\/de\/produkt\/savon-d-opale\/","title":{"rendered":"Opal-Seife"},"content":{"rendered":"<p><strong>Gebrauchsanweisung:<\/strong><\/p>\n<p>F\u00fcr den K\u00f6rper. Nach Gebrauch gut aussp\u00fclen.<\/p>\n<p>Kontakt mit den Augen vermeiden.<\/p>\n<p><strong>Zutaten :<\/strong><\/p>\n<p>Natriumolivat, Natriumcocoat, Aqua (Wasser), Parfum, Glycerin, Helianthus Annuus (Sonnenblumen)-Samen\u00f6l, Prunus Amygdalus Dulcis (S\u00fc\u00dfmandel)-\u00d6l, Rosmarinus Officinalis (Rosmarin)-Blattextrakt, Natriumchlorid, Tetranatriumglutamatdiacetat, Citronellol, Limonen, Linalool.<\/p>","protected":false},"excerpt":{"rendered":"<p>Un savon naturel \u00e0 base d&rsquo;huile d&rsquo;olive avec des notes chypr\u00e9es, florales et de santal pour nettoyer et adoucir la peau.<\/p>\n<p>Savon de 125gr<\/p>","protected":false},"featured_media":29364,"comment_status":"open","ping_status":"closed","template":"","meta":[],"product_brand":[181],"product_cat":[234,206,200],"product_tag":[],"class_list":{"0":"post-29368","1":"product","2":"type-product","3":"status-publish","4":"has-post-thumbnail","6":"product_brand-gemology","7":"product_cat-corps-et-cheveux-soins","8":"product_cat-nos-selections","9":"product_cat-tous-les-produits","11":"first","12":"instock","13":"taxable","14":"shipping-taxable","15":"purchasable","16":"product-type-simple"},"_links":{"self":[{"href":"https:\/\/gemology-cosmetics.ch\/de\/wp-json\/wp\/v2\/product\/29368","targetHints":{"allow":["GET"]}}],"collection":[{"href":"https:\/\/gemology-cosmetics.ch\/de\/wp-json\/wp\/v2\/product"}],"about":[{"href":"https:\/\/gemology-cosmetics.ch\/de\/wp-json\/wp\/v2\/types\/product"}],"replies":[{"embeddable":true,"href":"https:\/\/gemology-cosmetics.ch\/de\/wp-json\/wp\/v2\/comments?post=29368"}],"version-history":[{"count":0,"href":"https:\/\/gemology-cosmetics.ch\/de\/wp-json\/wp\/v2\/product\/29368\/revisions"}],"wp:featuredmedia":[{"embeddable":true,"href":"https:\/\/gemology-cosmetics.ch\/de\/wp-json\/wp\/v2\/media\/29364"}],"wp:attachment":[{"href":"https:\/\/gemology-cosmetics.ch\/de\/wp-json\/wp\/v2\/media?parent=29368"}],"wp:term":[{"taxonomy":"product_brand","embeddable":true,"href":"https:\/\/gemology-cosmetics.ch\/de\/wp-json\/wp\/v2\/product_brand?post=29368"},{"taxonomy":"product_cat","embeddable":true,"href":"https:\/\/gemology-cosmetics.ch\/de\/wp-json\/wp\/v2\/product_cat?post=29368"},{"taxonomy":"product_tag","embeddable":true,"href":"https:\/\/gemology-cosmetics.ch\/de\/wp-json\/wp\/v2\/product_tag?post=29368"}],"curies":[{"name":"wp","href":"https:\/\/api.w.org\/{rel}","templated":true}]}}