{"id":29373,"date":"2020-06-30T14:15:55","date_gmt":"2020-06-30T14:15:55","guid":{"rendered":"https:\/\/gemology-cosmetics.ch\/produit\/lotion-purifiante-rubis\/"},"modified":"2025-09-17T08:04:17","modified_gmt":"2025-09-17T08:04:17","slug":"lotion-purifiante-rubis","status":"publish","type":"product","link":"https:\/\/gemology-cosmetics.ch\/de\/produkt\/lotion-purifiante-rubis\/","title":{"rendered":"Ruby Reinigungslotion"},"content":{"rendered":"<p><strong>Ruby Purifying Lotion besteht aus:<\/strong><\/p>\n<ul>\n<li>Rubin: reguliert die Talgproduktion und mattiert den Teint<\/li>\n<li>Zink: regeneriert die Hautbarriere dank seiner antibakteriellen Wirkung<\/li>\n<li>Lipidsophorose: reduziert die Talgproduktion<\/li>\n<li>Minzhydrosol: erfrischt und reinigt die Haut und bek\u00e4mpft Akne. Es verleiht der Lotion einen nat\u00fcrlichen Duft.\n<\/li>\n<\/ul>\n<p><strong>Zutaten:<\/strong><\/p>\n<p>AQUA (WASSER), MENTHA PIPERITA (PFEFFERMINZE) BLATTWASSER, CANDIDA BOMBICOLA \/ GLUCOSE \/ METHYL-RAPS-FERMENT, KALIUMSORBAT, ZINK PCA, RUBINPULVER, XANTHANGUMMI, GLYCERIN, GLUCONOLACTON, NATRIUMBENZOAT, ZITRONENS\u00c4URE, TRINATRIUMCITRAT.<\/p>","protected":false},"excerpt":{"rendered":"<p>La lotion purifiante Ruby est parfaite pour un teint unifi\u00e9, mat et raviv\u00e9 et une peau lisse et r\u00e9\u00e9quilibr\u00e9e.<\/p>\n<p><strong>R\u00e9sultat:<\/strong> Gr\u00e2ce \u00e0 ses principes actifs, cette lotion convient aux peaux mixtes \u00e0 grasses car elle purifie et apporte de l&rsquo;\u00e9clat tout en limitant l&rsquo;exc\u00e8s de s\u00e9bum.\u00a0<\/p>","protected":false},"featured_media":29369,"comment_status":"open","ping_status":"closed","template":"","meta":[],"product_brand":[181],"product_cat":[210,206,208,242,200],"product_tag":[],"class_list":{"0":"post-29373","1":"product","2":"type-product","3":"status-publish","4":"has-post-thumbnail","6":"product_brand-gemology","7":"product_cat-lotions","8":"product_cat-nos-selections","9":"product_cat-nouveautes","10":"product_cat-peaux-mixtes-a-grasses-soins","11":"product_cat-tous-les-produits","13":"first","14":"instock","15":"taxable","16":"shipping-taxable","17":"purchasable","18":"product-type-simple"},"_links":{"self":[{"href":"https:\/\/gemology-cosmetics.ch\/de\/wp-json\/wp\/v2\/product\/29373","targetHints":{"allow":["GET"]}}],"collection":[{"href":"https:\/\/gemology-cosmetics.ch\/de\/wp-json\/wp\/v2\/product"}],"about":[{"href":"https:\/\/gemology-cosmetics.ch\/de\/wp-json\/wp\/v2\/types\/product"}],"replies":[{"embeddable":true,"href":"https:\/\/gemology-cosmetics.ch\/de\/wp-json\/wp\/v2\/comments?post=29373"}],"version-history":[{"count":0,"href":"https:\/\/gemology-cosmetics.ch\/de\/wp-json\/wp\/v2\/product\/29373\/revisions"}],"wp:featuredmedia":[{"embeddable":true,"href":"https:\/\/gemology-cosmetics.ch\/de\/wp-json\/wp\/v2\/media\/29369"}],"wp:attachment":[{"href":"https:\/\/gemology-cosmetics.ch\/de\/wp-json\/wp\/v2\/media?parent=29373"}],"wp:term":[{"taxonomy":"product_brand","embeddable":true,"href":"https:\/\/gemology-cosmetics.ch\/de\/wp-json\/wp\/v2\/product_brand?post=29373"},{"taxonomy":"product_cat","embeddable":true,"href":"https:\/\/gemology-cosmetics.ch\/de\/wp-json\/wp\/v2\/product_cat?post=29373"},{"taxonomy":"product_tag","embeddable":true,"href":"https:\/\/gemology-cosmetics.ch\/de\/wp-json\/wp\/v2\/product_tag?post=29373"}],"curies":[{"name":"wp","href":"https:\/\/api.w.org\/{rel}","templated":true}]}}