{"id":29377,"date":"2020-06-30T14:15:55","date_gmt":"2020-06-30T14:15:55","guid":{"rendered":"https:\/\/gemology-cosmetics.ch\/produit\/lotion-au-saphir-lotion-apaisante-format-voyage\/"},"modified":"2025-09-17T08:04:18","modified_gmt":"2025-09-17T08:04:18","slug":"lotion-au-saphir-lotion-apaisante-format-voyage","status":"publish","type":"product","link":"https:\/\/gemology-cosmetics.ch\/de\/produkt\/lotion-au-saphir-lotion-apaisante-format-voyage\/","title":{"rendered":"Saphirlotion \u2013 Beruhigende Lotion \u2013 Reisegr\u00f6\u00dfe"},"content":{"rendered":"<p><strong>Gebrauchsanweisung f\u00fcr Saphirlotion \u2013 Beruhigende Lotion:<\/strong><\/p>\n<p><strong><\/strong> Morgens und abends nach der Reinigung oder dem Abschminken direkt mit dem Finger auf das Gesicht auftragen und glatt streichen. Ein Verwischen ist nicht n\u00f6tig.<\/p>\n<p><strong>Textur:<\/strong> Gellotion<\/p>\n<p><strong>Wertvolle Verm\u00f6genswerte:<\/strong><\/p>\n<p><strong><\/strong> <strong>\u2013 Mineralien:<\/strong> Saphir und Smithsonit<\/p>\n<ul>\n<li>Saphir ist reich an Eisen. Dieses Spurenelement ist ein starkes Antioxidans und f\u00f6rdert die Kollagenproduktion in den Zellen.<\/li>\n<li>Smithsonit ist reich an Zink. Dieses Spurenelement ist f\u00fcr seine regenerierenden und sch\u00fctzenden Eigenschaften bekannt.<\/li>\n<\/ul>\n<p>Pflege garantiert parabenfrei, alkoholfrei und propylenglykolfrei.<\/p>\n<p><strong>Zutaten:<\/strong><\/p>\n<p>AQUA (WASSER), GLYCERIN, PEG-12 DIMETHICONE, PHENOXYETHANOL, SMITHSONITE EXTRACT, ALLANTOIN, CAPRYLYL GLYCOL, CHLORPHENESIN, PPG-26 BUTETH-26, PEG-40 HYDROGENATED CASTOR OIL, PARFUM (DUFTSTOFF), XANTHANGUMMI, SAPHIRPULVER, D-LIMONEN, BENZYL (BENZOAT, BENZYL SALICYLAT<\/p>","protected":false},"excerpt":{"rendered":"<p><strong>Lotion au Saphir<\/strong><\/p>\n<p>Lotion Apaisante est un soin d\u00e9di\u00e9 aux peaux sensibles et fragilis\u00e9es. L\u2019association d\u2019extraits de Saphir et de Smithsonite, enrichis en Fer et Zinc, permet d\u2019assurer une protection compl\u00e8te de la peau et de la renforcer. Pour une r\u00e9elle sensation de confort.<\/p>","protected":false},"featured_media":29376,"comment_status":"open","ping_status":"closed","template":"","meta":[],"product_brand":[181],"product_cat":[236,226,206,244,222,200],"product_tag":[],"class_list":{"0":"post-29377","1":"product","2":"type-product","3":"status-publish","4":"has-post-thumbnail","6":"product_brand-gemology","7":"product_cat-formats-voyage-soins","8":"product_cat-idees-cadeaux-nos-selections","9":"product_cat-nos-selections","10":"product_cat-peaux-sensibles-soins","11":"product_cat-tailles-voyages-nos-selections","12":"product_cat-tous-les-produits","14":"first","15":"instock","16":"taxable","17":"shipping-taxable","18":"purchasable","19":"product-type-simple"},"_links":{"self":[{"href":"https:\/\/gemology-cosmetics.ch\/de\/wp-json\/wp\/v2\/product\/29377","targetHints":{"allow":["GET"]}}],"collection":[{"href":"https:\/\/gemology-cosmetics.ch\/de\/wp-json\/wp\/v2\/product"}],"about":[{"href":"https:\/\/gemology-cosmetics.ch\/de\/wp-json\/wp\/v2\/types\/product"}],"replies":[{"embeddable":true,"href":"https:\/\/gemology-cosmetics.ch\/de\/wp-json\/wp\/v2\/comments?post=29377"}],"version-history":[{"count":0,"href":"https:\/\/gemology-cosmetics.ch\/de\/wp-json\/wp\/v2\/product\/29377\/revisions"}],"wp:featuredmedia":[{"embeddable":true,"href":"https:\/\/gemology-cosmetics.ch\/de\/wp-json\/wp\/v2\/media\/29376"}],"wp:attachment":[{"href":"https:\/\/gemology-cosmetics.ch\/de\/wp-json\/wp\/v2\/media?parent=29377"}],"wp:term":[{"taxonomy":"product_brand","embeddable":true,"href":"https:\/\/gemology-cosmetics.ch\/de\/wp-json\/wp\/v2\/product_brand?post=29377"},{"taxonomy":"product_cat","embeddable":true,"href":"https:\/\/gemology-cosmetics.ch\/de\/wp-json\/wp\/v2\/product_cat?post=29377"},{"taxonomy":"product_tag","embeddable":true,"href":"https:\/\/gemology-cosmetics.ch\/de\/wp-json\/wp\/v2\/product_tag?post=29377"}],"curies":[{"name":"wp","href":"https:\/\/api.w.org\/{rel}","templated":true}]}}