{"id":29387,"date":"2020-12-07T10:50:46","date_gmt":"2020-12-07T10:50:46","guid":{"rendered":"https:\/\/gemology-cosmetics.ch\/produit\/coffret-cadeau-savon-diamant-diffuseur-ambiance\/"},"modified":"2025-09-17T08:04:20","modified_gmt":"2025-09-17T08:04:20","slug":"coffret-cadeau-savon-diamant-diffuseur-ambiance","status":"publish","type":"product","link":"https:\/\/gemology-cosmetics.ch\/de\/produkt\/coffret-cadeau-savon-diamant-diffuseur-ambiance\/","title":{"rendered":"Geschenkset \u2013 Raumdiffusor mit wei\u00dfem Tee und Feige &amp; blaue Bernsteinseife"},"content":{"rendered":"<p style=\"text-align:left;\"><strong>Tipps zur Verwendung von Seife\u00a0<\/strong>: F\u00fcr den K\u00f6rper. Nach Gebrauch gut aussp\u00fclen. Kontakt mit den Augen vermeiden.<\/p>\n<p style=\"text-align:left;\"><span><strong>Textur<\/strong>\u00a0: Feste Seife<\/span><\/p>\n<p style=\"text-align:left;\"><strong>Wertvolle Verm\u00f6genswerte<\/strong>\u00a0:<\/p>\n<p style=\"text-align:left;\"><strong>\u2013 Mineralien:<\/strong>\u00a0<span>Blauer Bernstein\u00a0<\/span><span><\/span><\/p>\n<p style=\"text-align:left;\"><strong>- Pflanzen:<\/strong>\u00a0\u00a0Oliven\u00f6l, Kokos\u00f6l\u00a0<\/p>\n<p style=\"text-align:left;\">\u2022\u00a0<span>Blauer Bernstein regeneriert die Epidermis und sch\u00fctzt vor oxidativen Einfl\u00fcssen.<\/span><span><\/span><\/p>\n<p style=\"text-align:left;\">\u2022 <span>Oliven\u00f6l beugt den Zeichen der Hautalterung vor und spendet intensiv Feuchtigkeit<\/span><span><\/span>.<\/p>\n<p style=\"text-align:left;\">\u2022\u00a0<span>Kokos\u00f6l bek\u00e4mpft die Austrocknung der Haut.<\/span><span><\/span><\/p>\n<table style=\"float:left;\">\n<tbody>\n<tr>\n<td>\n<p id=\"ingredients_title\">ZUTATEN :\u00a0<span>NATRIUMOLIVAT, NATRIUMCOCOAT, AQUA (WASSER), PARFUM (DUFTSTOFF), GLYCERIN, HELIANTHUS ANNUUS (SONNENBLUMEN)-SAMEN\u00d6L, PRUNUS AMYGDALUS DULCIS (S\u00dcSSMALLEN)-\u00d6L, ROSMARINUS OFFICINALIS (ROSMARIN)-BLATTEXTRAKT, NATRIUMCHLORID, TETRANATRIUMGLUTAMATDIACETAT, CI 77007 (ULTRAMARINE), SILICA, ALPHA-ISOMETHYLIONON, BUTYLPHENYLMETHYLPROPIONAL, CITRONELLOL, HEXYLZIMT, HYDROXYCITRONELLAL, LIMONEN, LINALOOL<\/span><span><\/span><\/p>\n<\/td>\n<\/tr>\n<\/tbody>\n<\/table>\n<p style=\"text-align:left;\"><b><span>Tipps zur Verwendung des Diffusors<\/span><\/b><span>\u00a0<strong>Ambiente:<\/strong><\/span><\/p>\n<p style=\"text-align:left;\"><span>Schrauben Sie den schwarzen Ring ab, entfernen Sie die Kunststoffkappe und schrauben Sie den Ring wieder auf. Tauchen Sie die schwarzen St\u00e4bchen in die Flasche und stellen Sie den Diffusor in den zu beduftenden Raum. Drehen Sie die St\u00e4bchen gelegentlich um.<\/span><span><\/span><\/p>","protected":false},"excerpt":{"rendered":"<p style=\"text-align:left;\"><strong>Un coffret comprenant\u00a0:<\/strong><\/p>\n<p style=\"text-align:left;\"><span>\u2022\u00a0Un savon naturel \u00e0 base d\u2019huile d\u2019olive, aux notes florales et musqu\u00e9es, pour nettoyer et adoucir la peau<\/span><span><\/span>.<\/p>\n<p>\u2022\u00a0Ce diffuseur est une association de notes gourmandes et fraiches, une alliance entre \u00e9l\u00e9gance et modernit\u00e9. La diffusion par capillarit\u00e9 garantit une restitution olfactive parfaite de la fragrance, s&rsquo;utilise de la salle de s\u00e9jour \u00e0 la salle de bain.<\/p>\n<p><strong>Offizielle Hinweise:<\/strong><\/p>\n<p style=\"text-align:left;\">Eine erhabene Balance aus sonnigen, fruchtigen Noten von Zitrusfr\u00fcchten und Feigen, kombiniert mit den blumigen D\u00fcften von Tiar\u00e9-Bl\u00fcten und wei\u00dfen Bl\u00fcten, f\u00fcr ein Gourmet-Erlebnis mit Moschus- und Vanillearomen.<\/p>\n<p style=\"text-align:left;\"><span><strong>Kapazit\u00e4t: <\/strong><span>\u00a0<span>125g le savon et 100ml\u00a0<span>+ Tiges en Bambou noires pour le diffuseur<\/span><span><\/span><\/span><\/span><span><\/span><\/span><\/p>","protected":false},"featured_media":29386,"comment_status":"open","ping_status":"closed","template":"","meta":[],"product_brand":[181],"product_cat":[216,206,200],"product_tag":[],"class_list":{"0":"post-29387","1":"product","2":"type-product","3":"status-publish","4":"has-post-thumbnail","6":"product_brand-gemology","7":"product_cat-coffrets-nos-selections","8":"product_cat-nos-selections","9":"product_cat-tous-les-produits","11":"first","12":"instock","13":"taxable","14":"shipping-taxable","15":"purchasable","16":"product-type-simple"},"_links":{"self":[{"href":"https:\/\/gemology-cosmetics.ch\/de\/wp-json\/wp\/v2\/product\/29387","targetHints":{"allow":["GET"]}}],"collection":[{"href":"https:\/\/gemology-cosmetics.ch\/de\/wp-json\/wp\/v2\/product"}],"about":[{"href":"https:\/\/gemology-cosmetics.ch\/de\/wp-json\/wp\/v2\/types\/product"}],"replies":[{"embeddable":true,"href":"https:\/\/gemology-cosmetics.ch\/de\/wp-json\/wp\/v2\/comments?post=29387"}],"version-history":[{"count":0,"href":"https:\/\/gemology-cosmetics.ch\/de\/wp-json\/wp\/v2\/product\/29387\/revisions"}],"wp:featuredmedia":[{"embeddable":true,"href":"https:\/\/gemology-cosmetics.ch\/de\/wp-json\/wp\/v2\/media\/29386"}],"wp:attachment":[{"href":"https:\/\/gemology-cosmetics.ch\/de\/wp-json\/wp\/v2\/media?parent=29387"}],"wp:term":[{"taxonomy":"product_brand","embeddable":true,"href":"https:\/\/gemology-cosmetics.ch\/de\/wp-json\/wp\/v2\/product_brand?post=29387"},{"taxonomy":"product_cat","embeddable":true,"href":"https:\/\/gemology-cosmetics.ch\/de\/wp-json\/wp\/v2\/product_cat?post=29387"},{"taxonomy":"product_tag","embeddable":true,"href":"https:\/\/gemology-cosmetics.ch\/de\/wp-json\/wp\/v2\/product_tag?post=29387"}],"curies":[{"name":"wp","href":"https:\/\/api.w.org\/{rel}","templated":true}]}}